{"id":61243,"date":"2026-04-03T01:20:21","date_gmt":"2026-04-02T22:20:21","guid":{"rendered":"http:\/\/new.ceasuri.md\/shop\/uncategorized\/mathey-tissot-edmond-metal-h1886mbn\/"},"modified":"2026-04-20T01:55:01","modified_gmt":"2026-04-19T22:55:01","slug":"mathey-tissot-edmond-metal-h1886mbn","status":"publish","type":"product","link":"https:\/\/ceasuri.md\/ru\/shop\/branduri\/mathey-tissot\/mathey-tissot-edmond-metal-h1886mbn\/","title":{"rendered":"\u0427\u0430\u0441\u044b MATHEY-TISSOT Edmond Metal H1886MBN"},"content":{"rendered":"<p>Modelul este creat pentru b\u0103rba\u021bii care apreciaz\u0103 clasicul discret, fiabilitatea \u0219i detaliile riguroase.<\/p>\n<p>Ceasul are un design concis, care se potrive\u0219te u\u0219or at\u00e2t cu \u021binuta de afaceri, c\u00e2t \u0219i cu cea de zi cu zi.<\/p>\n<p>Br\u0103\u021bara metalic\u0103 confer\u0103 soliditate \u0219i durabilitate, iar cadranul asigur\u0103 o lizibilitate excelent\u0103 a orei. Cadran negru cu ace aurii, cifre romane \u0219i indici. Fereastra de dat\u0103 \u00een pozi\u021bia \u201e12 ore\u201d.<\/p>\n<p>Carcasa din o\u021bel inoxidabil se remarc\u0103 prin propor\u021bii echilibrate \u0219i se simte confortabil la \u00eencheietura m\u00e2inii.<\/p>\n<p>Rezisten\u021b\u0103 la ap\u0103 p\u00e2n\u0103 la 50 de metri.<\/p>\n<p>Ceasul subliniaz\u0103 statutul proprietarului f\u0103r\u0103 a fi prea preten\u021bios. Acest model este o alegere excelent\u0103 at\u00e2t pentru uz personal, c\u00e2t \u0219i ca cadou elegant \u0219i practic.<\/p>","protected":false},"excerpt":{"rendered":"<p>Modelul este creat pentru b\u0103rba\u021bii care apreciaz\u0103 clasicul discret, fiabilitatea \u0219i detaliile riguroase. Ceasul are un design concis, care se potrive\u0219te u\u0219or at\u00e2t cu \u021binuta de afaceri, c\u00e2t \u0219i cu cea de zi cu zi. Br\u0103\u021bara metalic\u0103 confer\u0103 soliditate \u0219i durabilitate, iar cadranul asigur\u0103 o lizibilitate excelent\u0103 a orei. Cadran negru cu ace aurii, cifre [&hellip;]<\/p>\n","protected":false},"featured_media":61244,"comment_status":"closed","ping_status":"open","template":"","meta":{"_acf_changed":false},"product_brand":[],"product_cat":[20,634],"product_tag":[],"class_list":{"0":"post-61243","1":"product","2":"type-product","3":"status-publish","4":"has-post-thumbnail","6":"product_cat-ceasuri-barbati","7":"product_cat-mathey-tissot","8":"pa_brand-mathey-tissot","9":"pa_braslet-otel-inoxidabil","10":"pa_corpus-42-mm","11":"pa_forma-rotund","12":"pa_funcii-data","13":"pa_funcii-offset-second-hand","14":"pa_garatia-24-luni","15":"pa_korpus-bicolor","16":"pa_kvarc-quartz","17":"pa_material-otel-inoxidabil","18":"pa_mehanizm-quartz","19":"pa_remeshok-bicolor","20":"pa_steklo-cristal-safir","21":"pa_strana-elvetia","22":"pa_voda-5-atm","24":"first","25":"instock","26":"purchasable","27":"product-type-simple"},"acf":[],"_links":{"self":[{"href":"https:\/\/ceasuri.md\/ru\/wp-json\/wp\/v2\/product\/61243","targetHints":{"allow":["GET"]}}],"collection":[{"href":"https:\/\/ceasuri.md\/ru\/wp-json\/wp\/v2\/product"}],"about":[{"href":"https:\/\/ceasuri.md\/ru\/wp-json\/wp\/v2\/types\/product"}],"replies":[{"embeddable":true,"href":"https:\/\/ceasuri.md\/ru\/wp-json\/wp\/v2\/comments?post=61243"}],"wp:featuredmedia":[{"embeddable":true,"href":"https:\/\/ceasuri.md\/ru\/wp-json\/wp\/v2\/media\/61244"}],"wp:attachment":[{"href":"https:\/\/ceasuri.md\/ru\/wp-json\/wp\/v2\/media?parent=61243"}],"wp:term":[{"taxonomy":"product_brand","embeddable":true,"href":"https:\/\/ceasuri.md\/ru\/wp-json\/wp\/v2\/product_brand?post=61243"},{"taxonomy":"product_cat","embeddable":true,"href":"https:\/\/ceasuri.md\/ru\/wp-json\/wp\/v2\/product_cat?post=61243"},{"taxonomy":"product_tag","embeddable":true,"href":"https:\/\/ceasuri.md\/ru\/wp-json\/wp\/v2\/product_tag?post=61243"}],"curies":[{"name":"wp","href":"https:\/\/api.w.org\/{rel}","templated":true}]}}