{"id":61237,"date":"2026-04-03T01:20:21","date_gmt":"2026-04-02T22:20:21","guid":{"rendered":"http:\/\/new.ceasuri.md\/shop\/uncategorized\/mathey-tissot-edmond-meteorite-automatic-le-h1886meta\/"},"modified":"2026-04-20T01:55:01","modified_gmt":"2026-04-19T22:55:01","slug":"mathey-tissot-edmond-meteorite-automatic-le-h1886meta","status":"publish","type":"product","link":"https:\/\/ceasuri.md\/ru\/shop\/branduri\/mathey-tissot\/mathey-tissot-edmond-meteorite-automatic-le-h1886meta\/","title":{"rendered":"\u0427\u0430\u0441\u044b MATHEY-TISSOT Edmond Meteorite Automatic LE H1886META"},"content":{"rendered":"<p>Ceasuri pentru cei care apreciaz\u0103 raritatea, istoria \u0219i stilul impecabil. Principala caracteristic\u0103 a modelului este cadranul din meteorit autentic, format cu milioane de ani \u00een urm\u0103 \u00een afara P\u0103m\u00e2ntului. Modelul s\u0103u natural unic face ca fiecare produs s\u0103 fie unic: nu exist\u0103 dou\u0103 cadrane identice.<\/p>\n<p>Carcasa este realizat\u0103 \u00een designul clasic al colec\u021biei Edmond, care subliniaz\u0103 originea elve\u021bian\u0103 a m\u0103rcii \u0219i respectul s\u0103u pentru tradi\u021biile ceasorniciei.<\/p>\n<p>Mecanismul automat asigur\u0103 precizia mersului \u2013 ceasul se \u00eencarc\u0103 din mi\u0219carea m\u00e2inii, ceea ce este deosebit de apreciat de iubitorii mecanicii.<\/p>\n<p>Sticla de safir protejeaz\u0103 \u00een mod fiabil cadranul de zg\u00e2rieturi, iar ergonomia bine g\u00e2ndit\u0103 face ceasul confortabil pentru purtarea zilnic\u0103.<\/p>\n<p>Modelul este produs \u00eentr-un tiraj limitat (Limited Edition), ceea ce subliniaz\u0103 exclusivitatea \u0219i valoarea sa de colec\u021bie. Disponibil\u0103 cu N 017 din 199 produse.<\/p>\n<p>MATHEY-TISSOT Edmond Meteorite Automatic nu este doar un accesoriu, ci un obiect de statut cu caracter cosmic, ideal at\u00e2t pentru \u021binuta de afaceri, c\u00e2t \u0219i pentru ocazii speciale.<\/p>","protected":false},"excerpt":{"rendered":"<p>Ceasuri pentru cei care apreciaz\u0103 raritatea, istoria \u0219i stilul impecabil. Principala caracteristic\u0103 a modelului este cadranul din meteorit autentic, format cu milioane de ani \u00een urm\u0103 \u00een afara P\u0103m\u00e2ntului. Modelul s\u0103u natural unic face ca fiecare produs s\u0103 fie unic: nu exist\u0103 dou\u0103 cadrane identice. Carcasa este realizat\u0103 \u00een designul clasic al colec\u021biei Edmond, care [&hellip;]<\/p>\n","protected":false},"featured_media":61238,"comment_status":"closed","ping_status":"open","template":"","meta":{"_acf_changed":false},"product_brand":[],"product_cat":[20,205,634],"product_tag":[],"class_list":{"0":"post-61237","1":"product","2":"type-product","3":"status-publish","4":"has-post-thumbnail","6":"product_cat-ceasuri-barbati","7":"product_cat-limited-edition","8":"product_cat-mathey-tissot","9":"pa_brand-mathey-tissot","10":"pa_braslet-piele","11":"pa_corpus-42-mm","12":"pa_forma-rotund","13":"pa_funcii-data","14":"pa_funcii-limited-edition","15":"pa_funcii-set-cadou","16":"pa_garatia-24-luni","17":"pa_korpus-argintiu","18":"pa_material-otel-inoxidabil","19":"pa_mehanizm-mecanic","20":"pa_mehanizm-mecanism-automatic","21":"pa_remeshok-gri","22":"pa_steklo-cristal-safir","23":"pa_strana-elvetia","24":"pa_voda-5-atm","26":"first","27":"instock","28":"purchasable","29":"product-type-simple"},"acf":[],"_links":{"self":[{"href":"https:\/\/ceasuri.md\/ru\/wp-json\/wp\/v2\/product\/61237","targetHints":{"allow":["GET"]}}],"collection":[{"href":"https:\/\/ceasuri.md\/ru\/wp-json\/wp\/v2\/product"}],"about":[{"href":"https:\/\/ceasuri.md\/ru\/wp-json\/wp\/v2\/types\/product"}],"replies":[{"embeddable":true,"href":"https:\/\/ceasuri.md\/ru\/wp-json\/wp\/v2\/comments?post=61237"}],"wp:featuredmedia":[{"embeddable":true,"href":"https:\/\/ceasuri.md\/ru\/wp-json\/wp\/v2\/media\/61238"}],"wp:attachment":[{"href":"https:\/\/ceasuri.md\/ru\/wp-json\/wp\/v2\/media?parent=61237"}],"wp:term":[{"taxonomy":"product_brand","embeddable":true,"href":"https:\/\/ceasuri.md\/ru\/wp-json\/wp\/v2\/product_brand?post=61237"},{"taxonomy":"product_cat","embeddable":true,"href":"https:\/\/ceasuri.md\/ru\/wp-json\/wp\/v2\/product_cat?post=61237"},{"taxonomy":"product_tag","embeddable":true,"href":"https:\/\/ceasuri.md\/ru\/wp-json\/wp\/v2\/product_tag?post=61237"}],"curies":[{"name":"wp","href":"https:\/\/api.w.org\/{rel}","templated":true}]}}