{"id":61232,"date":"2026-04-03T01:20:21","date_gmt":"2026-04-02T22:20:21","guid":{"rendered":"http:\/\/new.ceasuri.md\/shop\/uncategorized\/mathey-tissot-edmond-moon-h1886ran\/"},"modified":"2026-04-20T01:55:02","modified_gmt":"2026-04-19T22:55:02","slug":"mathey-tissot-edmond-moon-h1886ran","status":"publish","type":"product","link":"https:\/\/ceasuri.md\/ru\/shop\/branduri\/mathey-tissot\/mathey-tissot-edmond-moon-h1886ran\/","title":{"rendered":"\u0427\u0430\u0441\u044b MATHEY-TISSOT Edmond Moon H1886RAN"},"content":{"rendered":"<p>Un model care \u00eembin\u0103 estetica clasic\u0103 \u0219i func\u021bionalitatea rafinat\u0103. Designul ceasului este inspirat din tradi\u021biile artei ceasorniciei elve\u021biene \u0219i se potrive\u0219te perfect celor care apreciaz\u0103 elegan\u021ba \u0219i aten\u021bia la detalii.<\/p>\n<p>Caracteristica principal\u0103 a modelului este complica\u021bia Moon Phase, care afi\u0219eaz\u0103 fazele lunii \u0219i confer\u0103 cadranului un caracter expresiv \u0219i de statut.<\/p>\n<p>Num\u0103rul, ziua s\u0103pt\u0103m\u00e2nii \u0219i luna sunt afi\u0219ate pe cadrane separate. Combina\u021bia armonioas\u0103 de ace, marcaje \u0219i indicatoare suplimentare asigur\u0103 o bun\u0103 lizibilitate.<\/p>\n<p>Carcasa este realizat\u0103 \u00een stil clasic, care completeaz\u0103 perfect \u021binuta de afaceri \u0219i de sear\u0103.<\/p>\n<p>Este alegerea potrivit\u0103 pentru cei care caut\u0103 nu doar un accesoriu, ci un element elegant al imaginii, cu caracter.<\/p>","protected":false},"excerpt":{"rendered":"<p>Un model care \u00eembin\u0103 estetica clasic\u0103 \u0219i func\u021bionalitatea rafinat\u0103. Designul ceasului este inspirat din tradi\u021biile artei ceasorniciei elve\u021biene \u0219i se potrive\u0219te perfect celor care apreciaz\u0103 elegan\u021ba \u0219i aten\u021bia la detalii. Caracteristica principal\u0103 a modelului este complica\u021bia Moon Phase, care afi\u0219eaz\u0103 fazele lunii \u0219i confer\u0103 cadranului un caracter expresiv \u0219i de statut. Num\u0103rul, ziua s\u0103pt\u0103m\u00e2nii \u0219i [&hellip;]<\/p>\n","protected":false},"featured_media":61233,"comment_status":"closed","ping_status":"open","template":"","meta":{"_acf_changed":false},"product_brand":[],"product_cat":[20,634],"product_tag":[],"class_list":{"0":"post-61232","1":"product","2":"type-product","3":"status-publish","4":"has-post-thumbnail","6":"product_cat-ceasuri-barbati","7":"product_cat-mathey-tissot","8":"pa_brand-mathey-tissot","9":"pa_braslet-piele","10":"pa_corpus-42-mm","11":"pa_forma-rotund","12":"pa_funcii-data","13":"pa_funcii-fazele-lunii","14":"pa_funcii-luna-anului","15":"pa_funcii-ziua-saptamanii","16":"pa_garatia-24-luni","17":"pa_korpus-argintiu","18":"pa_kvarc-quartz","19":"pa_material-otel-inoxidabil","20":"pa_mehanizm-quartz","21":"pa_remeshok-negru","22":"pa_steklo-cristal-safir","23":"pa_strana-elvetia","24":"pa_voda-5-atm","26":"first","27":"instock","28":"purchasable","29":"product-type-simple"},"acf":[],"_links":{"self":[{"href":"https:\/\/ceasuri.md\/ru\/wp-json\/wp\/v2\/product\/61232","targetHints":{"allow":["GET"]}}],"collection":[{"href":"https:\/\/ceasuri.md\/ru\/wp-json\/wp\/v2\/product"}],"about":[{"href":"https:\/\/ceasuri.md\/ru\/wp-json\/wp\/v2\/types\/product"}],"replies":[{"embeddable":true,"href":"https:\/\/ceasuri.md\/ru\/wp-json\/wp\/v2\/comments?post=61232"}],"wp:featuredmedia":[{"embeddable":true,"href":"https:\/\/ceasuri.md\/ru\/wp-json\/wp\/v2\/media\/61233"}],"wp:attachment":[{"href":"https:\/\/ceasuri.md\/ru\/wp-json\/wp\/v2\/media?parent=61232"}],"wp:term":[{"taxonomy":"product_brand","embeddable":true,"href":"https:\/\/ceasuri.md\/ru\/wp-json\/wp\/v2\/product_brand?post=61232"},{"taxonomy":"product_cat","embeddable":true,"href":"https:\/\/ceasuri.md\/ru\/wp-json\/wp\/v2\/product_cat?post=61232"},{"taxonomy":"product_tag","embeddable":true,"href":"https:\/\/ceasuri.md\/ru\/wp-json\/wp\/v2\/product_tag?post=61232"}],"curies":[{"name":"wp","href":"https:\/\/api.w.org\/{rel}","templated":true}]}}