{"id":61229,"date":"2026-04-03T01:20:21","date_gmt":"2026-04-02T22:20:21","guid":{"rendered":"http:\/\/new.ceasuri.md\/shop\/uncategorized\/mathey-tissot-mathy-i-jumbo-chrono-h455chabu\/"},"modified":"2026-04-20T01:55:02","modified_gmt":"2026-04-19T22:55:02","slug":"mathey-tissot-mathy-i-jumbo-chrono-h455chabu","status":"publish","type":"product","link":"https:\/\/ceasuri.md\/ru\/shop\/branduri\/mathey-tissot\/mathey-tissot-mathy-i-jumbo-chrono-h455chabu\/","title":{"rendered":"\u0427\u0430\u0441\u044b MATHEY-TISSOT Mathy I Jumbo Chrono H455CHABU"},"content":{"rendered":"<p>Ceasul cronograf cu cronometru este o combina\u021bie stilat\u0103 de elegan\u021b\u0103 \u0219i design modern.<\/p>\n<p>Carcasa este realizat\u0103 din o\u021bel inoxidabil, cu un diametru de 44 mm.<\/p>\n<p>Cadranul are marcaje sub form\u0103 de linii. Acele \u0219i marcajele au un strat luminescent. Fereastra datei se afl\u0103 \u00een pozi\u021bia ora 4. Trei cadrane suplimentare afi\u0219eaz\u0103 60 de secunde, 30 de minute \u0219i 12 ore.<\/p>\n<p>Br\u0103\u021bara din o\u021bel cu \u00eenchiz\u0103toare pliabil\u0103 \u0219i dispozitiv de fixare garanteaz\u0103 confortul \u0219i siguran\u021ba purt\u0103rii.<\/p>\n<p>Rezisten\u021ba la ap\u0103 de 50 de metri protejeaz\u0103 carcasa de stropi accidentale sau pic\u0103turi de ploaie.<\/p>\n<p>Mathey-Tissot  \u2014 o alegere excelent\u0103 pentru cei care apreciaz\u0103 rafinamentul \u0219i calitatea.<\/p>","protected":false},"excerpt":{"rendered":"<p>Ceasul cronograf cu cronometru este o combina\u021bie stilat\u0103 de elegan\u021b\u0103 \u0219i design modern. Carcasa este realizat\u0103 din o\u021bel inoxidabil, cu un diametru de 44 mm. Cadranul are marcaje sub form\u0103 de linii. Acele \u0219i marcajele au un strat luminescent. Fereastra datei se afl\u0103 \u00een pozi\u021bia ora 4. Trei cadrane suplimentare afi\u0219eaz\u0103 60 de secunde, 30 [&hellip;]<\/p>\n","protected":false},"featured_media":61230,"comment_status":"closed","ping_status":"open","template":"","meta":{"_acf_changed":false},"product_brand":[],"product_cat":[20,634],"product_tag":[],"class_list":{"0":"post-61229","1":"product","2":"type-product","3":"status-publish","4":"has-post-thumbnail","6":"product_cat-ceasuri-barbati","7":"product_cat-mathey-tissot","8":"pa_brand-mathey-tissot","9":"pa_braslet-otel-inoxidabil","10":"pa_corpus-44-mm","11":"pa_forma-rotund","12":"pa_funcii-cronograf","13":"pa_funcii-data","14":"pa_funcii-special-edition","15":"pa_garatia-24-luni","16":"pa_korpus-argintiu","17":"pa_kvarc-quartz","18":"pa_material-otel-inoxidabil","19":"pa_mehanizm-quartz","20":"pa_remeshok-argintiu","21":"pa_steklo-cristal-safir","22":"pa_strana-elvetia","23":"pa_voda-5-atm","25":"first","26":"instock","27":"purchasable","28":"product-type-simple"},"acf":[],"_links":{"self":[{"href":"https:\/\/ceasuri.md\/ru\/wp-json\/wp\/v2\/product\/61229","targetHints":{"allow":["GET"]}}],"collection":[{"href":"https:\/\/ceasuri.md\/ru\/wp-json\/wp\/v2\/product"}],"about":[{"href":"https:\/\/ceasuri.md\/ru\/wp-json\/wp\/v2\/types\/product"}],"replies":[{"embeddable":true,"href":"https:\/\/ceasuri.md\/ru\/wp-json\/wp\/v2\/comments?post=61229"}],"wp:featuredmedia":[{"embeddable":true,"href":"https:\/\/ceasuri.md\/ru\/wp-json\/wp\/v2\/media\/61230"}],"wp:attachment":[{"href":"https:\/\/ceasuri.md\/ru\/wp-json\/wp\/v2\/media?parent=61229"}],"wp:term":[{"taxonomy":"product_brand","embeddable":true,"href":"https:\/\/ceasuri.md\/ru\/wp-json\/wp\/v2\/product_brand?post=61229"},{"taxonomy":"product_cat","embeddable":true,"href":"https:\/\/ceasuri.md\/ru\/wp-json\/wp\/v2\/product_cat?post=61229"},{"taxonomy":"product_tag","embeddable":true,"href":"https:\/\/ceasuri.md\/ru\/wp-json\/wp\/v2\/product_tag?post=61229"}],"curies":[{"name":"wp","href":"https:\/\/api.w.org\/{rel}","templated":true}]}}