{"id":61221,"date":"2026-04-03T01:20:21","date_gmt":"2026-04-02T22:20:21","guid":{"rendered":"http:\/\/new.ceasuri.md\/shop\/uncategorized\/mathey-tissot-mathy-i-jumbo-h455sk\/"},"modified":"2026-04-20T01:55:04","modified_gmt":"2026-04-19T22:55:04","slug":"mathey-tissot-mathy-i-jumbo-h455sk","status":"publish","type":"product","link":"https:\/\/ceasuri.md\/ru\/shop\/branduri\/mathey-tissot\/mathey-tissot-mathy-i-jumbo-h455sk\/","title":{"rendered":"\u0427\u0430\u0441\u044b MATHEY-TISSOT Mathy I Jumbo H455SK"},"content":{"rendered":"<p>Un model spectaculos pentru cei care prefer\u0103 un design expresiv \u0219i un stil sigur.<\/p>\n<p>Cadranul concis, cu indicarea clar\u0103 a orei, asigur\u0103 o lizibilitate excelent\u0103, iar designul echilibrat face ca modelul s\u0103 fie universal \u2014 se potrive\u0219te la fel de bine at\u00e2t cu \u021binuta business, c\u00e2t \u0219i cu stilul de zi cu zi.<\/p>\n<p>Carcasa din o\u021bel inoxidabil este realizat\u0103 \u00een stilul clasic al m\u0103rcii MATHEY-TISSOT, care combin\u0103 tradi\u021biile elve\u021biene \u0219i abordarea modern\u0103 a designului.<\/p>\n<p>Br\u0103\u021bar\u0103 cu \u00eenchiz\u0103toare rabatabil\u0103.<\/p>","protected":false},"excerpt":{"rendered":"<p>Un model spectaculos pentru cei care prefer\u0103 un design expresiv \u0219i un stil sigur. Cadranul concis, cu indicarea clar\u0103 a orei, asigur\u0103 o lizibilitate excelent\u0103, iar designul echilibrat face ca modelul s\u0103 fie universal \u2014 se potrive\u0219te la fel de bine at\u00e2t cu \u021binuta business, c\u00e2t \u0219i cu stilul de zi cu zi. Carcasa din [&hellip;]<\/p>\n","protected":false},"featured_media":61222,"comment_status":"closed","ping_status":"open","template":"","meta":{"_acf_changed":false},"product_brand":[],"product_cat":[20,634],"product_tag":[],"class_list":{"0":"post-61221","1":"product","2":"type-product","3":"status-publish","4":"has-post-thumbnail","6":"product_cat-ceasuri-barbati","7":"product_cat-mathey-tissot","8":"pa_brand-mathey-tissot","9":"pa_braslet-otel-inoxidabil","10":"pa_corpus-44-mm","11":"pa_forma-rotund","12":"pa_funcii-data","13":"pa_funcii-special-edition","14":"pa_garatia-24-luni","15":"pa_korpus-argintiu","16":"pa_kvarc-quartz","17":"pa_material-otel-inoxidabil","18":"pa_mehanizm-quartz","19":"pa_remeshok-argintiu","20":"pa_steklo-cristal-safir","21":"pa_strana-elvetia","22":"pa_voda-5-atm","24":"first","25":"instock","26":"purchasable","27":"product-type-simple"},"acf":[],"_links":{"self":[{"href":"https:\/\/ceasuri.md\/ru\/wp-json\/wp\/v2\/product\/61221","targetHints":{"allow":["GET"]}}],"collection":[{"href":"https:\/\/ceasuri.md\/ru\/wp-json\/wp\/v2\/product"}],"about":[{"href":"https:\/\/ceasuri.md\/ru\/wp-json\/wp\/v2\/types\/product"}],"replies":[{"embeddable":true,"href":"https:\/\/ceasuri.md\/ru\/wp-json\/wp\/v2\/comments?post=61221"}],"wp:featuredmedia":[{"embeddable":true,"href":"https:\/\/ceasuri.md\/ru\/wp-json\/wp\/v2\/media\/61222"}],"wp:attachment":[{"href":"https:\/\/ceasuri.md\/ru\/wp-json\/wp\/v2\/media?parent=61221"}],"wp:term":[{"taxonomy":"product_brand","embeddable":true,"href":"https:\/\/ceasuri.md\/ru\/wp-json\/wp\/v2\/product_brand?post=61221"},{"taxonomy":"product_cat","embeddable":true,"href":"https:\/\/ceasuri.md\/ru\/wp-json\/wp\/v2\/product_cat?post=61221"},{"taxonomy":"product_tag","embeddable":true,"href":"https:\/\/ceasuri.md\/ru\/wp-json\/wp\/v2\/product_tag?post=61221"}],"curies":[{"name":"wp","href":"https:\/\/api.w.org\/{rel}","templated":true}]}}