{"id":61215,"date":"2026-04-03T01:20:21","date_gmt":"2026-04-02T22:20:21","guid":{"rendered":"http:\/\/new.ceasuri.md\/shop\/uncategorized\/mathey-tissot-mathy-day-date-h510an\/"},"modified":"2026-04-20T01:55:06","modified_gmt":"2026-04-19T22:55:06","slug":"mathey-tissot-mathy-day-date-h510an","status":"publish","type":"product","link":"https:\/\/ceasuri.md\/ru\/shop\/branduri\/mathey-tissot\/mathey-tissot-mathy-day-date-h510an\/","title":{"rendered":"\u0427\u0430\u0441\u044b MATHEY-TISSOT Mathy Day-Date H510AN"},"content":{"rendered":"<p>Modelul este creat pentru cei care apreciaz\u0103 stilul clasic \u0219i func\u021bionalitatea \u00een via\u021ba de zi cu zi.<\/p>\n<p>Ceasul este dotat cu un afi\u0219aj convenabil al zilei s\u0103pt\u0103m\u00e2nii \u0219i al datei, ceea ce \u00eel face o alegere excelent\u0103 pentru oamenii de afaceri \u0219i pentru ritmul activ al vie\u021bii urbane. Indicatorul datei se afl\u0103 \u00een pozi\u021bia \u201eora 3\u201d, iar indicatorul zilei s\u0103pt\u0103m\u00e2nii \u00een pozi\u021bia \u201eora 6\u201d. Cadranul lizibil asigur\u0103 o percep\u021bie confortabil\u0103 a timpului \u00een orice condi\u021bii.<\/p>\n<p>Carcasa este realizat\u0103 \u00een stil clasic, care se combin\u0103 armonios at\u00e2t cu un costum de birou, c\u00e2t \u0219i cu haine mai casual.<\/p>\n<p>Mecanismul quartz fiabil garanteaz\u0103 o func\u021bionare precis\u0103 \u0219i stabil\u0103, iar designul bine g\u00e2ndit al carcasei asigur\u0103 confortul \u00een timpul purt\u0103rii zilnice.<\/p>\n<p>Acesta este un ceas care subliniaz\u0103 statutul proprietarului, f\u0103r\u0103 a supra\u00eenc\u0103rca imaginea cu detalii inutile.<\/p>","protected":false},"excerpt":{"rendered":"<p>Modelul este creat pentru cei care apreciaz\u0103 stilul clasic \u0219i func\u021bionalitatea \u00een via\u021ba de zi cu zi. Ceasul este dotat cu un afi\u0219aj convenabil al zilei s\u0103pt\u0103m\u00e2nii \u0219i al datei, ceea ce \u00eel face o alegere excelent\u0103 pentru oamenii de afaceri \u0219i pentru ritmul activ al vie\u021bii urbane. Indicatorul datei se afl\u0103 \u00een pozi\u021bia \u201eora [&hellip;]<\/p>\n","protected":false},"featured_media":61216,"comment_status":"closed","ping_status":"open","template":"","meta":{"_acf_changed":false},"product_brand":[],"product_cat":[20,634],"product_tag":[],"class_list":{"0":"post-61215","1":"product","2":"type-product","3":"status-publish","4":"has-post-thumbnail","6":"product_cat-ceasuri-barbati","7":"product_cat-mathey-tissot","8":"pa_brand-mathey-tissot","9":"pa_braslet-otel-inoxidabil","10":"pa_corpus-41-mm","11":"pa_forma-rotund","12":"pa_funcii-data","13":"pa_funcii-ziua-saptamanii","14":"pa_garatia-24-luni","15":"pa_korpus-argintiu","16":"pa_kvarc-quartz","17":"pa_material-otel-inoxidabil","18":"pa_mehanizm-quartz","19":"pa_remeshok-argintiu","20":"pa_steklo-cristal-safir","21":"pa_strana-elvetia","22":"pa_voda-5-atm","24":"first","25":"instock","26":"purchasable","27":"product-type-simple"},"acf":[],"_links":{"self":[{"href":"https:\/\/ceasuri.md\/ru\/wp-json\/wp\/v2\/product\/61215","targetHints":{"allow":["GET"]}}],"collection":[{"href":"https:\/\/ceasuri.md\/ru\/wp-json\/wp\/v2\/product"}],"about":[{"href":"https:\/\/ceasuri.md\/ru\/wp-json\/wp\/v2\/types\/product"}],"replies":[{"embeddable":true,"href":"https:\/\/ceasuri.md\/ru\/wp-json\/wp\/v2\/comments?post=61215"}],"wp:featuredmedia":[{"embeddable":true,"href":"https:\/\/ceasuri.md\/ru\/wp-json\/wp\/v2\/media\/61216"}],"wp:attachment":[{"href":"https:\/\/ceasuri.md\/ru\/wp-json\/wp\/v2\/media?parent=61215"}],"wp:term":[{"taxonomy":"product_brand","embeddable":true,"href":"https:\/\/ceasuri.md\/ru\/wp-json\/wp\/v2\/product_brand?post=61215"},{"taxonomy":"product_cat","embeddable":true,"href":"https:\/\/ceasuri.md\/ru\/wp-json\/wp\/v2\/product_cat?post=61215"},{"taxonomy":"product_tag","embeddable":true,"href":"https:\/\/ceasuri.md\/ru\/wp-json\/wp\/v2\/product_tag?post=61215"}],"curies":[{"name":"wp","href":"https:\/\/api.w.org\/{rel}","templated":true}]}}