{"id":61199,"date":"2026-04-03T01:20:21","date_gmt":"2026-04-02T22:20:21","guid":{"rendered":"http:\/\/new.ceasuri.md\/shop\/uncategorized\/mathey-tissot-city-leather-h611251abu\/"},"modified":"2026-04-20T01:55:09","modified_gmt":"2026-04-19T22:55:09","slug":"mathey-tissot-city-leather-h611251abu","status":"publish","type":"product","link":"https:\/\/ceasuri.md\/ru\/shop\/branduri\/mathey-tissot\/mathey-tissot-city-leather-h611251abu\/","title":{"rendered":"\u0427\u0430\u0441\u044b MATHEY-TISSOT City Leather H611251ABU"},"content":{"rendered":"<p>Un model elegant \u00een stil clasic, creat pentru cei care apreciaz\u0103 luxul discret \u0219i calitatea elve\u021bian\u0103.<\/p>\n<p>Carcasa ceasului are un design concis, care se potrive\u0219te u\u0219or at\u00e2t cu un costum de afaceri, c\u00e2t \u0219i cu \u00eembr\u0103c\u0103mintea de zi cu zi.<\/p>\n<p>Cadranul albastru inchis cu marcaje precise subliniaz\u0103 caracterul sobru al modelului.<\/p>\n<p>Mecanismul cu cuar\u021b asigur\u0103 precizie \u0219i fiabilitate \u00een utilizarea zilnic\u0103.<\/p>\n<p>Cureaua din piele natural\u0103 se muleaz\u0103 u\u0219or pe \u00eencheietura m\u00e2inii \u0219i asigur\u0103 confortul la purtarea \u00eendelungat\u0103, iar catarama clasic\u0103 fixeaz\u0103 ceasul \u00een siguran\u021b\u0103 pe m\u00e2n\u0103.<\/p>\n<p>Un ceas universal pentru cei care caut\u0103 un accesoriu elegant, practic \u0219i de prestigiu pentru fiecare zi.<\/p>","protected":false},"excerpt":{"rendered":"<p>Un model elegant \u00een stil clasic, creat pentru cei care apreciaz\u0103 luxul discret \u0219i calitatea elve\u021bian\u0103. Carcasa ceasului are un design concis, care se potrive\u0219te u\u0219or at\u00e2t cu un costum de afaceri, c\u00e2t \u0219i cu \u00eembr\u0103c\u0103mintea de zi cu zi. Cadranul albastru inchis cu marcaje precise subliniaz\u0103 caracterul sobru al modelului. Mecanismul cu cuar\u021b asigur\u0103 [&hellip;]<\/p>\n","protected":false},"featured_media":61200,"comment_status":"closed","ping_status":"open","template":"","meta":{"_acf_changed":false},"product_brand":[],"product_cat":[20,25,634],"product_tag":[],"class_list":{"0":"post-61199","1":"product","2":"type-product","3":"status-publish","4":"has-post-thumbnail","6":"product_cat-ceasuri-barbati","7":"product_cat-ceasuri-dama","8":"product_cat-mathey-tissot","9":"pa_brand-mathey-tissot","10":"pa_braslet-piele","11":"pa_corpus-38-mm","12":"pa_forma-rotund","13":"pa_funcii-data","14":"pa_garatia-24-luni","15":"pa_korpus-argintiu","16":"pa_kvarc-quartz","17":"pa_material-otel-inoxidabil","18":"pa_mehanizm-quartz","19":"pa_remeshok-albastru-inchis","20":"pa_steklo-cristal-safir","21":"pa_strana-elvetia","22":"pa_voda-5-atm","24":"first","25":"instock","26":"purchasable","27":"product-type-simple"},"acf":[],"_links":{"self":[{"href":"https:\/\/ceasuri.md\/ru\/wp-json\/wp\/v2\/product\/61199","targetHints":{"allow":["GET"]}}],"collection":[{"href":"https:\/\/ceasuri.md\/ru\/wp-json\/wp\/v2\/product"}],"about":[{"href":"https:\/\/ceasuri.md\/ru\/wp-json\/wp\/v2\/types\/product"}],"replies":[{"embeddable":true,"href":"https:\/\/ceasuri.md\/ru\/wp-json\/wp\/v2\/comments?post=61199"}],"wp:featuredmedia":[{"embeddable":true,"href":"https:\/\/ceasuri.md\/ru\/wp-json\/wp\/v2\/media\/61200"}],"wp:attachment":[{"href":"https:\/\/ceasuri.md\/ru\/wp-json\/wp\/v2\/media?parent=61199"}],"wp:term":[{"taxonomy":"product_brand","embeddable":true,"href":"https:\/\/ceasuri.md\/ru\/wp-json\/wp\/v2\/product_brand?post=61199"},{"taxonomy":"product_cat","embeddable":true,"href":"https:\/\/ceasuri.md\/ru\/wp-json\/wp\/v2\/product_cat?post=61199"},{"taxonomy":"product_tag","embeddable":true,"href":"https:\/\/ceasuri.md\/ru\/wp-json\/wp\/v2\/product_tag?post=61199"}],"curies":[{"name":"wp","href":"https:\/\/api.w.org\/{rel}","templated":true}]}}