{"id":61158,"date":"2026-04-03T01:19:35","date_gmt":"2026-04-02T22:19:35","guid":{"rendered":"http:\/\/new.ceasuri.md\/shop\/uncategorized\/mathey-tissot-city-metal-h611251mpi\/"},"modified":"2026-04-20T01:55:17","modified_gmt":"2026-04-19T22:55:17","slug":"mathey-tissot-city-metal-h611251mpi","status":"publish","type":"product","link":"https:\/\/ceasuri.md\/ru\/shop\/branduri\/mathey-tissot\/mathey-tissot-city-metal-h611251mpi\/","title":{"rendered":"\u0427\u0430\u0441\u044b MATHEY-TISSOT City Metal H611251MPI"},"content":{"rendered":"<p>Ceasuri elve\u021biene elegante, create pentru via\u021ba dinamic\u0103 din ora\u0219. Modelul combin\u0103 designul concis \u0219i caracterul practic, f\u0103c\u00e2ndu-l un accesoriu universal pentru fiecare zi.<\/p>\n<p>Cadranul alb cu marcaje precise asigur\u0103 o lizibilitate excelent\u0103 a orei \u0219i subliniaz\u0103 stilul discret al colec\u021biei City.<\/p>\n<p>Carcasa \u0219i br\u0103\u021bara din o\u021bel inoxidabil cu acoperire galben\u0103 confer\u0103 ceasului un aspect solid.<\/p>\n<p>Mecanismul cu cuar\u021b de fabrica\u021bie elve\u021bian\u0103 garanteaz\u0103 precizia \u0219i fiabilitatea, f\u0103r\u0103 a necesita \u00eentre\u021binere complex\u0103.<\/p>\n<p>Modelul este perfect at\u00e2t pentru birou, c\u00e2t \u0219i pentru \u021binutele de zi cu zi, complet\u00e2nd armonios un costum de afaceri sau un stil casual. Este o alegere practic\u0103 pentru cei care apreciaz\u0103 calitatea elve\u021bian\u0103, confortul \u0219i clasicul modern \u00eentr-un singur accesoriu.<\/p>","protected":false},"excerpt":{"rendered":"<p>Ceasuri elve\u021biene elegante, create pentru via\u021ba dinamic\u0103 din ora\u0219. Modelul combin\u0103 designul concis \u0219i caracterul practic, f\u0103c\u00e2ndu-l un accesoriu universal pentru fiecare zi. Cadranul alb cu marcaje precise asigur\u0103 o lizibilitate excelent\u0103 a orei \u0219i subliniaz\u0103 stilul discret al colec\u021biei City. Carcasa \u0219i br\u0103\u021bara din o\u021bel inoxidabil cu acoperire galben\u0103 confer\u0103 ceasului un aspect solid. [&hellip;]<\/p>\n","protected":false},"featured_media":61159,"comment_status":"closed","ping_status":"open","template":"","meta":{"_acf_changed":false},"product_brand":[],"product_cat":[20,25,634],"product_tag":[],"class_list":{"0":"post-61158","1":"product","2":"type-product","3":"status-publish","4":"has-post-thumbnail","6":"product_cat-ceasuri-barbati","7":"product_cat-ceasuri-dama","8":"product_cat-mathey-tissot","9":"pa_brand-mathey-tissot","10":"pa_braslet-otel-inoxidabil","11":"pa_corpus-38-mm","12":"pa_forma-rotund","13":"pa_funcii-data","14":"pa_garatia-24-luni","15":"pa_korpus-auriu","16":"pa_kvarc-quartz","17":"pa_material-otel-inoxidabil","18":"pa_mehanizm-quartz","19":"pa_remeshok-auriu","20":"pa_steklo-cristal-safir","21":"pa_strana-elvetia","22":"pa_voda-5-atm","24":"first","25":"instock","26":"purchasable","27":"product-type-simple"},"acf":[],"_links":{"self":[{"href":"https:\/\/ceasuri.md\/ru\/wp-json\/wp\/v2\/product\/61158","targetHints":{"allow":["GET"]}}],"collection":[{"href":"https:\/\/ceasuri.md\/ru\/wp-json\/wp\/v2\/product"}],"about":[{"href":"https:\/\/ceasuri.md\/ru\/wp-json\/wp\/v2\/types\/product"}],"replies":[{"embeddable":true,"href":"https:\/\/ceasuri.md\/ru\/wp-json\/wp\/v2\/comments?post=61158"}],"wp:featuredmedia":[{"embeddable":true,"href":"https:\/\/ceasuri.md\/ru\/wp-json\/wp\/v2\/media\/61159"}],"wp:attachment":[{"href":"https:\/\/ceasuri.md\/ru\/wp-json\/wp\/v2\/media?parent=61158"}],"wp:term":[{"taxonomy":"product_brand","embeddable":true,"href":"https:\/\/ceasuri.md\/ru\/wp-json\/wp\/v2\/product_brand?post=61158"},{"taxonomy":"product_cat","embeddable":true,"href":"https:\/\/ceasuri.md\/ru\/wp-json\/wp\/v2\/product_cat?post=61158"},{"taxonomy":"product_tag","embeddable":true,"href":"https:\/\/ceasuri.md\/ru\/wp-json\/wp\/v2\/product_tag?post=61158"}],"curies":[{"name":"wp","href":"https:\/\/api.w.org\/{rel}","templated":true}]}}