{"id":61150,"date":"2026-04-03T01:19:35","date_gmt":"2026-04-02T22:19:35","guid":{"rendered":"http:\/\/new.ceasuri.md\/shop\/uncategorized\/mathey-tissot-city-leather-h611251pg\/"},"modified":"2026-04-20T01:55:18","modified_gmt":"2026-04-19T22:55:18","slug":"mathey-tissot-city-leather-h611251pg","status":"publish","type":"product","link":"https:\/\/ceasuri.md\/ru\/shop\/branduri\/mathey-tissot\/mathey-tissot-city-leather-h611251pg\/","title":{"rendered":"\u0427\u0430\u0441\u044b MATHEY-TISSOT City Leather H611251PG"},"content":{"rendered":"<p>Din 1886, compania Mathey-Tissot produce ceasuri incredibile \u00een regiunea sa natal\u0103, situat\u0103 \u00een mun\u021bii Jura din Elve\u021bia. Inventivitatea, precizia \u0219i elegan\u021ba caracterizeaz\u0103 fiecare dintre produsele sale.<\/p>\n<p>Modelul are carcas\u0103 din o\u021bel inoxidabil cu acoperire PVD de culoare aur roz \u0219i curea din piele maro.<\/p>\n<p>Cadran alb cu ace negre \u0219i cifre arabe ca indicatori de or\u0103. Fereastr\u0103 pentru dat\u0103 \u00een pozi\u021bia \u201e3 ore\u201d.<\/p>\n<p>Mecanism cu cuar\u021b Ronda 505. Rezisten\u021b\u0103 la ap\u0103 p\u00e2n\u0103 la 50 de metri.<\/p>","protected":false},"excerpt":{"rendered":"<p>Din 1886, compania Mathey-Tissot produce ceasuri incredibile \u00een regiunea sa natal\u0103, situat\u0103 \u00een mun\u021bii Jura din Elve\u021bia. Inventivitatea, precizia \u0219i elegan\u021ba caracterizeaz\u0103 fiecare dintre produsele sale. Modelul are carcas\u0103 din o\u021bel inoxidabil cu acoperire PVD de culoare aur roz \u0219i curea din piele maro. Cadran alb cu ace negre \u0219i cifre arabe ca indicatori de [&hellip;]<\/p>\n","protected":false},"featured_media":61151,"comment_status":"closed","ping_status":"open","template":"","meta":{"_acf_changed":false},"product_brand":[],"product_cat":[20,25,634],"product_tag":[],"class_list":{"0":"post-61150","1":"product","2":"type-product","3":"status-publish","4":"has-post-thumbnail","6":"product_cat-ceasuri-barbati","7":"product_cat-ceasuri-dama","8":"product_cat-mathey-tissot","9":"pa_brand-mathey-tissot","10":"pa_braslet-piele","11":"pa_corpus-38-mm","12":"pa_forma-rotund","13":"pa_funcii-data","14":"pa_garatia-24-luni","15":"pa_korpus-roz-gold","16":"pa_kvarc-quartz","17":"pa_material-otel-inoxidabil","18":"pa_mehanizm-quartz","19":"pa_remeshok-maro","20":"pa_steklo-cristal-safir","21":"pa_strana-elvetia","22":"pa_voda-5-atm","24":"first","25":"instock","26":"purchasable","27":"product-type-simple"},"acf":[],"_links":{"self":[{"href":"https:\/\/ceasuri.md\/ru\/wp-json\/wp\/v2\/product\/61150","targetHints":{"allow":["GET"]}}],"collection":[{"href":"https:\/\/ceasuri.md\/ru\/wp-json\/wp\/v2\/product"}],"about":[{"href":"https:\/\/ceasuri.md\/ru\/wp-json\/wp\/v2\/types\/product"}],"replies":[{"embeddable":true,"href":"https:\/\/ceasuri.md\/ru\/wp-json\/wp\/v2\/comments?post=61150"}],"wp:featuredmedia":[{"embeddable":true,"href":"https:\/\/ceasuri.md\/ru\/wp-json\/wp\/v2\/media\/61151"}],"wp:attachment":[{"href":"https:\/\/ceasuri.md\/ru\/wp-json\/wp\/v2\/media?parent=61150"}],"wp:term":[{"taxonomy":"product_brand","embeddable":true,"href":"https:\/\/ceasuri.md\/ru\/wp-json\/wp\/v2\/product_brand?post=61150"},{"taxonomy":"product_cat","embeddable":true,"href":"https:\/\/ceasuri.md\/ru\/wp-json\/wp\/v2\/product_cat?post=61150"},{"taxonomy":"product_tag","embeddable":true,"href":"https:\/\/ceasuri.md\/ru\/wp-json\/wp\/v2\/product_tag?post=61150"}],"curies":[{"name":"wp","href":"https:\/\/api.w.org\/{rel}","templated":true}]}}