{"id":61136,"date":"2026-04-03T01:19:35","date_gmt":"2026-04-02T22:19:35","guid":{"rendered":"http:\/\/new.ceasuri.md\/shop\/uncategorized\/mathey-tissot-city-no-date-h611252ps\/"},"modified":"2026-04-20T01:55:21","modified_gmt":"2026-04-19T22:55:21","slug":"mathey-tissot-city-no-date-h611252ps","status":"publish","type":"product","link":"https:\/\/ceasuri.md\/ru\/shop\/branduri\/mathey-tissot\/mathey-tissot-city-no-date-h611252ps\/","title":{"rendered":"\u0427\u0430\u0441\u044b MATHEY-TISSOT City No Date H611252PS"},"content":{"rendered":"<p>Aprecia\u021bi precizia elve\u021bian\u0103 cu ceasul Mathey Tissot City.<\/p>\n<p>Acest ceas elegant, fabricat \u00een Elve\u021bia, este echipat cu un mecanism cu cuar\u021b.<\/p>\n<p>Carcas\u0103 rotund\u0103 din o\u021bel inoxidabil cu placare din aur roz, cu diametrul de 42 mm. Cadran argintiu.<\/p>\n<p>Rezisten\u021b\u0103 la ap\u0103 p\u00e2n\u0103 la 50 de metri. Cureaua din piele neagr\u0103 adaug\u0103 un contrast rafinat.<\/p>\n<p>Acest ceas este un clasic atemporal, combina\u021bia perfect\u0103 \u00eentre rezisten\u021b\u0103 \u0219i stil.<\/p>","protected":false},"excerpt":{"rendered":"<p>Aprecia\u021bi precizia elve\u021bian\u0103 cu ceasul Mathey Tissot City. Acest ceas elegant, fabricat \u00een Elve\u021bia, este echipat cu un mecanism cu cuar\u021b. Carcas\u0103 rotund\u0103 din o\u021bel inoxidabil cu placare din aur roz, cu diametrul de 42 mm. Cadran argintiu. Rezisten\u021b\u0103 la ap\u0103 p\u00e2n\u0103 la 50 de metri. Cureaua din piele neagr\u0103 adaug\u0103 un contrast rafinat. Acest [&hellip;]<\/p>\n","protected":false},"featured_media":61137,"comment_status":"closed","ping_status":"open","template":"","meta":{"_acf_changed":false},"product_brand":[],"product_cat":[20,25,634],"product_tag":[],"class_list":{"0":"post-61136","1":"product","2":"type-product","3":"status-publish","4":"has-post-thumbnail","6":"product_cat-ceasuri-barbati","7":"product_cat-ceasuri-dama","8":"product_cat-mathey-tissot","9":"pa_brand-mathey-tissot","10":"pa_braslet-piele","11":"pa_corpus-42-mm","12":"pa_forma-rotund","13":"pa_garatia-24-luni","14":"pa_korpus-roz-gold","15":"pa_kvarc-quartz","16":"pa_material-otel-inoxidabil","17":"pa_mehanizm-quartz","18":"pa_remeshok-negru","19":"pa_steklo-cristal-safir","20":"pa_strana-elvetia","21":"pa_voda-5-atm","23":"first","24":"instock","25":"purchasable","26":"product-type-simple"},"acf":[],"_links":{"self":[{"href":"https:\/\/ceasuri.md\/ru\/wp-json\/wp\/v2\/product\/61136","targetHints":{"allow":["GET"]}}],"collection":[{"href":"https:\/\/ceasuri.md\/ru\/wp-json\/wp\/v2\/product"}],"about":[{"href":"https:\/\/ceasuri.md\/ru\/wp-json\/wp\/v2\/types\/product"}],"replies":[{"embeddable":true,"href":"https:\/\/ceasuri.md\/ru\/wp-json\/wp\/v2\/comments?post=61136"}],"wp:featuredmedia":[{"embeddable":true,"href":"https:\/\/ceasuri.md\/ru\/wp-json\/wp\/v2\/media\/61137"}],"wp:attachment":[{"href":"https:\/\/ceasuri.md\/ru\/wp-json\/wp\/v2\/media?parent=61136"}],"wp:term":[{"taxonomy":"product_brand","embeddable":true,"href":"https:\/\/ceasuri.md\/ru\/wp-json\/wp\/v2\/product_brand?post=61136"},{"taxonomy":"product_cat","embeddable":true,"href":"https:\/\/ceasuri.md\/ru\/wp-json\/wp\/v2\/product_cat?post=61136"},{"taxonomy":"product_tag","embeddable":true,"href":"https:\/\/ceasuri.md\/ru\/wp-json\/wp\/v2\/product_tag?post=61136"}],"curies":[{"name":"wp","href":"https:\/\/api.w.org\/{rel}","templated":true}]}}