{"id":61131,"date":"2026-04-03T01:19:35","date_gmt":"2026-04-02T22:19:35","guid":{"rendered":"http:\/\/new.ceasuri.md\/shop\/uncategorized\/mathey-tissot-mathy-ii-h710ai\/"},"modified":"2026-04-20T01:55:21","modified_gmt":"2026-04-19T22:55:21","slug":"mathey-tissot-mathy-ii-h710ai","status":"publish","type":"product","link":"https:\/\/ceasuri.md\/ru\/shop\/branduri\/mathey-tissot\/mathey-tissot-mathy-ii-h710ai\/","title":{"rendered":"\u0427\u0430\u0441\u044b MATHEY-TISSOT Mathy II H710AI"},"content":{"rendered":"<p>Ceasurile analogice Mathey Tissot, care eman\u0103 farmec, sunt un accesoriu indispensabil pentru iubitorii stilului clasic.<\/p>\n<p>Carcas\u0103 \u0219i br\u0103\u021bar\u0103 din o\u021bel inoxidabil.<\/p>\n<p>Cadran sidefat cu indicatoare luminescente \u0219i indexuri din zirconiu. Indicator de dat\u0103 \u00een pozi\u021bia \u201e3 ore\u201d. Sticl\u0103 mineral\u0103.<\/p>\n<p>Mecanism cu cuar\u021b Ronda 515.<\/p>\n<p>Rezisten\u021b\u0103 la ap\u0103 p\u00e2n\u0103 la 50 de metri.<\/p>","protected":false},"excerpt":{"rendered":"<p>Ceasurile analogice Mathey Tissot, care eman\u0103 farmec, sunt un accesoriu indispensabil pentru iubitorii stilului clasic. Carcas\u0103 \u0219i br\u0103\u021bar\u0103 din o\u021bel inoxidabil. Cadran sidefat cu indicatoare luminescente \u0219i indexuri din zirconiu. Indicator de dat\u0103 \u00een pozi\u021bia \u201e3 ore\u201d. Sticl\u0103 mineral\u0103. Mecanism cu cuar\u021b Ronda 515. Rezisten\u021b\u0103 la ap\u0103 p\u00e2n\u0103 la 50 de metri.<\/p>","protected":false},"featured_media":61132,"comment_status":"closed","ping_status":"open","template":"","meta":{"_acf_changed":false},"product_brand":[],"product_cat":[20,25,634],"product_tag":[],"class_list":{"0":"post-61131","1":"product","2":"type-product","3":"status-publish","4":"has-post-thumbnail","6":"product_cat-ceasuri-barbati","7":"product_cat-ceasuri-dama","8":"product_cat-mathey-tissot","9":"pa_brand-mathey-tissot","10":"pa_braslet-otel-inoxidabil","11":"pa_corpus-40-mm","12":"pa_decor-zirconiu","13":"pa_forma-rotund","14":"pa_funcii-data","15":"pa_garatia-24-luni","16":"pa_korpus-argintiu","17":"pa_kvarc-quartz","18":"pa_material-otel-inoxidabil","19":"pa_mehanizm-quartz","20":"pa_remeshok-argintiu","21":"pa_steklo-cristal-mineral","22":"pa_strana-elvetia","23":"pa_voda-5-atm","25":"first","26":"instock","27":"purchasable","28":"product-type-simple"},"acf":[],"_links":{"self":[{"href":"https:\/\/ceasuri.md\/ru\/wp-json\/wp\/v2\/product\/61131","targetHints":{"allow":["GET"]}}],"collection":[{"href":"https:\/\/ceasuri.md\/ru\/wp-json\/wp\/v2\/product"}],"about":[{"href":"https:\/\/ceasuri.md\/ru\/wp-json\/wp\/v2\/types\/product"}],"replies":[{"embeddable":true,"href":"https:\/\/ceasuri.md\/ru\/wp-json\/wp\/v2\/comments?post=61131"}],"wp:featuredmedia":[{"embeddable":true,"href":"https:\/\/ceasuri.md\/ru\/wp-json\/wp\/v2\/media\/61132"}],"wp:attachment":[{"href":"https:\/\/ceasuri.md\/ru\/wp-json\/wp\/v2\/media?parent=61131"}],"wp:term":[{"taxonomy":"product_brand","embeddable":true,"href":"https:\/\/ceasuri.md\/ru\/wp-json\/wp\/v2\/product_brand?post=61131"},{"taxonomy":"product_cat","embeddable":true,"href":"https:\/\/ceasuri.md\/ru\/wp-json\/wp\/v2\/product_cat?post=61131"},{"taxonomy":"product_tag","embeddable":true,"href":"https:\/\/ceasuri.md\/ru\/wp-json\/wp\/v2\/product_tag?post=61131"}],"curies":[{"name":"wp","href":"https:\/\/api.w.org\/{rel}","templated":true}]}}