{"id":61124,"date":"2026-04-03T01:19:35","date_gmt":"2026-04-02T22:19:35","guid":{"rendered":"http:\/\/new.ceasuri.md\/shop\/uncategorized\/mathey-tissot-mathy-iii-h810bm\/"},"modified":"2026-04-20T01:55:23","modified_gmt":"2026-04-19T22:55:23","slug":"mathey-tissot-mathy-iii-h810bm","status":"publish","type":"product","link":"https:\/\/ceasuri.md\/ru\/shop\/branduri\/mathey-tissot\/mathey-tissot-mathy-iii-h810bm\/","title":{"rendered":"\u0427\u0430\u0441\u044b MATHEY-TISSOT Mathy III H810BM"},"content":{"rendered":"<p>Acest ceas analogic Mathey Tissot, care eman\u0103 farmec masculin, este un accesoriu indispensabil pentru b\u0103rba\u021bii elegan\u021bi.<\/p>\n<p>Carcas\u0103 \u0219i br\u0103\u021bar\u0103 din o\u021bel inoxidabil cu acoperire par\u021bial\u0103 PVD de culoare aurie.<\/p>\n<p>Cadran maro cu indicatoare luminescente \u0219i indexuri de culoare auriu galben. Indicator de dat\u0103 \u00een pozi\u021bia \u201e3 ore\u201d. Sticl\u0103 mineral\u0103.<\/p>\n<p>Mecanism cu cuar\u021b Ronda 515.<\/p>\n<p>Rezisten\u021b\u0103 la ap\u0103 p\u00e2n\u0103 la 50 de metri.<\/p>","protected":false},"excerpt":{"rendered":"<p>Acest ceas analogic Mathey Tissot, care eman\u0103 farmec masculin, este un accesoriu indispensabil pentru b\u0103rba\u021bii elegan\u021bi. Carcas\u0103 \u0219i br\u0103\u021bar\u0103 din o\u021bel inoxidabil cu acoperire par\u021bial\u0103 PVD de culoare aurie. Cadran maro cu indicatoare luminescente \u0219i indexuri de culoare auriu galben. Indicator de dat\u0103 \u00een pozi\u021bia \u201e3 ore\u201d. Sticl\u0103 mineral\u0103. Mecanism cu cuar\u021b Ronda 515. Rezisten\u021b\u0103 [&hellip;]<\/p>\n","protected":false},"featured_media":61125,"comment_status":"closed","ping_status":"open","template":"","meta":{"_acf_changed":false},"product_brand":[],"product_cat":[20,634],"product_tag":[],"class_list":{"0":"post-61124","1":"product","2":"type-product","3":"status-publish","4":"has-post-thumbnail","6":"product_cat-ceasuri-barbati","7":"product_cat-mathey-tissot","8":"pa_brand-mathey-tissot","9":"pa_braslet-otel-inoxidabil","10":"pa_corpus-40-mm","11":"pa_forma-rotund","12":"pa_funcii-data","13":"pa_garatia-24-luni","14":"pa_korpus-bicolor","15":"pa_kvarc-quartz","16":"pa_material-otel-inoxidabil","17":"pa_mehanizm-quartz","18":"pa_remeshok-bicolor","19":"pa_steklo-cristal-mineral","20":"pa_strana-elvetia","21":"pa_voda-5-atm","23":"first","24":"instock","25":"purchasable","26":"product-type-simple"},"acf":[],"_links":{"self":[{"href":"https:\/\/ceasuri.md\/ru\/wp-json\/wp\/v2\/product\/61124","targetHints":{"allow":["GET"]}}],"collection":[{"href":"https:\/\/ceasuri.md\/ru\/wp-json\/wp\/v2\/product"}],"about":[{"href":"https:\/\/ceasuri.md\/ru\/wp-json\/wp\/v2\/types\/product"}],"replies":[{"embeddable":true,"href":"https:\/\/ceasuri.md\/ru\/wp-json\/wp\/v2\/comments?post=61124"}],"wp:featuredmedia":[{"embeddable":true,"href":"https:\/\/ceasuri.md\/ru\/wp-json\/wp\/v2\/media\/61125"}],"wp:attachment":[{"href":"https:\/\/ceasuri.md\/ru\/wp-json\/wp\/v2\/media?parent=61124"}],"wp:term":[{"taxonomy":"product_brand","embeddable":true,"href":"https:\/\/ceasuri.md\/ru\/wp-json\/wp\/v2\/product_brand?post=61124"},{"taxonomy":"product_cat","embeddable":true,"href":"https:\/\/ceasuri.md\/ru\/wp-json\/wp\/v2\/product_cat?post=61124"},{"taxonomy":"product_tag","embeddable":true,"href":"https:\/\/ceasuri.md\/ru\/wp-json\/wp\/v2\/product_tag?post=61124"}],"curies":[{"name":"wp","href":"https:\/\/api.w.org\/{rel}","templated":true}]}}