{"id":61092,"date":"2026-04-03T01:18:42","date_gmt":"2026-04-02T22:18:42","guid":{"rendered":"http:\/\/new.ceasuri.md\/shop\/uncategorized\/mathey-tissot-mathy-ceramic-h901crbn\/"},"modified":"2026-04-20T01:55:28","modified_gmt":"2026-04-19T22:55:28","slug":"mathey-tissot-mathy-ceramic-h901crbn","status":"publish","type":"product","link":"https:\/\/ceasuri.md\/ru\/shop\/branduri\/mathey-tissot\/mathey-tissot-mathy-ceramic-h901crbn\/","title":{"rendered":"\u0427\u0430\u0441\u044b MATHEY-TISSOT Mathy Ceramic H901CRBN"},"content":{"rendered":"<p>Mathey Tissot este o companie elve\u021bian\u0103 de ceasuri, renumit\u0103 pentru ceasurile sale de \u00eenalt\u0103 calitate, care combin\u0103 m\u0103iestria tradi\u021bional\u0103 cu un design inovator. Fondat\u0103 \u00een 1886, compania este renumit\u0103 pentru precizie, m\u0103iestrie \u0219i colec\u021bii rafinate, dar accesibile, oferind o gam\u0103 larg\u0103 de ceasuri, de la modele clasice la modele sportive.<\/p>\n<p>Model cu carcas\u0103 din o\u021bel inoxidabil de culoare argintie \u0219i br\u0103\u021bar\u0103 din o\u021bel inoxidabil \u00een dou\u0103 culori. Lunet\u0103 rotativ\u0103 unidirec\u021bional\u0103 din ceramic\u0103 neagr\u0103.<\/p>\n<p>Cadran negru cu ace \u0219i indexuri cu acoperire luminescent\u0103. Indicator de dat\u0103 \u00een pozi\u021bia \u201eora 3\u201d.<\/p>\n<p>Mecanism cu cuar\u021b Ronda 505.<\/p>\n<p>Rezisten\u021b\u0103 la ap\u0103 p\u00e2n\u0103 la 200 de metri.<\/p>","protected":false},"excerpt":{"rendered":"<p>Mathey Tissot este o companie elve\u021bian\u0103 de ceasuri, renumit\u0103 pentru ceasurile sale de \u00eenalt\u0103 calitate, care combin\u0103 m\u0103iestria tradi\u021bional\u0103 cu un design inovator. Fondat\u0103 \u00een 1886, compania este renumit\u0103 pentru precizie, m\u0103iestrie \u0219i colec\u021bii rafinate, dar accesibile, oferind o gam\u0103 larg\u0103 de ceasuri, de la modele clasice la modele sportive. Model cu carcas\u0103 din o\u021bel [&hellip;]<\/p>\n","protected":false},"featured_media":61093,"comment_status":"closed","ping_status":"open","template":"","meta":{"_acf_changed":false},"product_brand":[],"product_cat":[20,634],"product_tag":[],"class_list":{"0":"post-61092","1":"product","2":"type-product","3":"status-publish","4":"has-post-thumbnail","6":"product_cat-ceasuri-barbati","7":"product_cat-mathey-tissot","8":"pa_brand-mathey-tissot","9":"pa_braslet-otel-inoxidabil","10":"pa_corpus-42-mm","11":"pa_forma-rotund","12":"pa_funcii-data","13":"pa_garatia-24-luni","14":"pa_korpus-argintiu","15":"pa_kvarc-quartz","16":"pa_material-ceramica","17":"pa_material-otel-inoxidabil","18":"pa_mehanizm-quartz","19":"pa_remeshok-bicolor","20":"pa_steklo-cristal-safir","21":"pa_strana-elvetia","22":"pa_voda-20-atm","24":"first","25":"instock","26":"purchasable","27":"product-type-simple"},"acf":[],"_links":{"self":[{"href":"https:\/\/ceasuri.md\/ru\/wp-json\/wp\/v2\/product\/61092","targetHints":{"allow":["GET"]}}],"collection":[{"href":"https:\/\/ceasuri.md\/ru\/wp-json\/wp\/v2\/product"}],"about":[{"href":"https:\/\/ceasuri.md\/ru\/wp-json\/wp\/v2\/types\/product"}],"replies":[{"embeddable":true,"href":"https:\/\/ceasuri.md\/ru\/wp-json\/wp\/v2\/comments?post=61092"}],"wp:featuredmedia":[{"embeddable":true,"href":"https:\/\/ceasuri.md\/ru\/wp-json\/wp\/v2\/media\/61093"}],"wp:attachment":[{"href":"https:\/\/ceasuri.md\/ru\/wp-json\/wp\/v2\/media?parent=61092"}],"wp:term":[{"taxonomy":"product_brand","embeddable":true,"href":"https:\/\/ceasuri.md\/ru\/wp-json\/wp\/v2\/product_brand?post=61092"},{"taxonomy":"product_cat","embeddable":true,"href":"https:\/\/ceasuri.md\/ru\/wp-json\/wp\/v2\/product_cat?post=61092"},{"taxonomy":"product_tag","embeddable":true,"href":"https:\/\/ceasuri.md\/ru\/wp-json\/wp\/v2\/product_tag?post=61092"}],"curies":[{"name":"wp","href":"https:\/\/api.w.org\/{rel}","templated":true}]}}