{"id":61080,"date":"2026-04-03T01:18:42","date_gmt":"2026-04-02T22:18:42","guid":{"rendered":"http:\/\/new.ceasuri.md\/shop\/uncategorized\/mathey-tissot-mathy-chrono-ii-h938chas\/"},"modified":"2026-04-20T01:55:30","modified_gmt":"2026-04-19T22:55:30","slug":"mathey-tissot-mathy-chrono-ii-h938chas","status":"publish","type":"product","link":"https:\/\/ceasuri.md\/ru\/shop\/branduri\/mathey-tissot\/mathey-tissot-mathy-chrono-ii-h938chas\/","title":{"rendered":"\u0427\u0430\u0441\u044b MATHEY-TISSOT Mathy Chrono II H938CHAS"},"content":{"rendered":"<p>Ceasurile, care se remarc\u0103 prin calitatea superioar\u0103 a fabrica\u021biei, precizie \u0219i durabilitate, sunt realizate \u00eentr-o carcas\u0103 din o\u021bel inoxidabil cu diametrul de 42 mm, cu o lunet\u0103 fix\u0103 pe care este aplicat\u0103 o scal\u0103 tahimetric\u0103.<\/p>\n<p>Acele \u0219i marcajele luminoase, precum \u0219i cadranul clar asigur\u0103 o vizibilitate excelent\u0103.<\/p>\n<p>Func\u021bia cronograf include trei cadrane suplimentare, care afi\u0219eaz\u0103 60 de secunde, 30 de minute \u0219i 12 ore, iar indicatorul de dat\u0103 este situat \u00een pozi\u021bia \u201e4 ore\u201d pentru o func\u021bionalitate suplimentar\u0103.<\/p>\n<p>Sticla de safir rezistent\u0103 la zg\u00e2rieturi spore\u0219te durabilitatea, iar br\u0103\u021bara fiabil\u0103 asigur\u0103 o potrivire confortabil\u0103.<\/p>\n<p>Rezisten\u021ba la ap\u0103 p\u00e2n\u0103 la 100 m asigur\u0103 fiabilitatea \u00een timpul purt\u0103rii zilnice.<\/p>","protected":false},"excerpt":{"rendered":"<p>Ceasurile, care se remarc\u0103 prin calitatea superioar\u0103 a fabrica\u021biei, precizie \u0219i durabilitate, sunt realizate \u00eentr-o carcas\u0103 din o\u021bel inoxidabil cu diametrul de 42 mm, cu o lunet\u0103 fix\u0103 pe care este aplicat\u0103 o scal\u0103 tahimetric\u0103. Acele \u0219i marcajele luminoase, precum \u0219i cadranul clar asigur\u0103 o vizibilitate excelent\u0103. Func\u021bia cronograf include trei cadrane suplimentare, care afi\u0219eaz\u0103 [&hellip;]<\/p>\n","protected":false},"featured_media":61081,"comment_status":"closed","ping_status":"open","template":"","meta":{"_acf_changed":false},"product_brand":[],"product_cat":[20,634],"product_tag":[],"class_list":{"0":"post-61080","1":"product","2":"type-product","3":"status-publish","4":"has-post-thumbnail","6":"product_cat-ceasuri-barbati","7":"product_cat-mathey-tissot","8":"pa_brand-mathey-tissot","9":"pa_braslet-otel-inoxidabil","10":"pa_corpus-42-mm","11":"pa_forma-rotund","12":"pa_funcii-cronograf","13":"pa_funcii-data","14":"pa_funcii-tahimetru","15":"pa_garatia-24-luni","16":"pa_korpus-argintiu","17":"pa_kvarc-quartz","18":"pa_material-otel-inoxidabil","19":"pa_mehanizm-quartz","20":"pa_remeshok-argintiu","21":"pa_steklo-cristal-safir","22":"pa_strana-elvetia","23":"pa_voda-10-atm","25":"first","26":"instock","27":"purchasable","28":"product-type-simple"},"acf":[],"_links":{"self":[{"href":"https:\/\/ceasuri.md\/ru\/wp-json\/wp\/v2\/product\/61080","targetHints":{"allow":["GET"]}}],"collection":[{"href":"https:\/\/ceasuri.md\/ru\/wp-json\/wp\/v2\/product"}],"about":[{"href":"https:\/\/ceasuri.md\/ru\/wp-json\/wp\/v2\/types\/product"}],"replies":[{"embeddable":true,"href":"https:\/\/ceasuri.md\/ru\/wp-json\/wp\/v2\/comments?post=61080"}],"wp:featuredmedia":[{"embeddable":true,"href":"https:\/\/ceasuri.md\/ru\/wp-json\/wp\/v2\/media\/61081"}],"wp:attachment":[{"href":"https:\/\/ceasuri.md\/ru\/wp-json\/wp\/v2\/media?parent=61080"}],"wp:term":[{"taxonomy":"product_brand","embeddable":true,"href":"https:\/\/ceasuri.md\/ru\/wp-json\/wp\/v2\/product_brand?post=61080"},{"taxonomy":"product_cat","embeddable":true,"href":"https:\/\/ceasuri.md\/ru\/wp-json\/wp\/v2\/product_cat?post=61080"},{"taxonomy":"product_tag","embeddable":true,"href":"https:\/\/ceasuri.md\/ru\/wp-json\/wp\/v2\/product_tag?post=61080"}],"curies":[{"name":"wp","href":"https:\/\/api.w.org\/{rel}","templated":true}]}}