{"id":61063,"date":"2026-04-03T01:18:42","date_gmt":"2026-04-02T22:18:42","guid":{"rendered":"http:\/\/new.ceasuri.md\/shop\/uncategorized\/mathey-tissot-city-big-automatic-hb611251atai\/"},"modified":"2026-04-20T01:55:32","modified_gmt":"2026-04-19T22:55:32","slug":"mathey-tissot-city-big-automatic-hb611251atai","status":"publish","type":"product","link":"https:\/\/ceasuri.md\/ru\/shop\/branduri\/mathey-tissot\/mathey-tissot-city-big-automatic-hb611251atai\/","title":{"rendered":"\u0427\u0430\u0441\u044b MATHEY-TISSOT City Big Automatic HB611251ATAI"},"content":{"rendered":"<p>Ceas mecanic pentru b\u0103rba\u021bi cu remontare automat\u0103 \u2014 o combina\u021bie elegant\u0103 de rafinament \u0219i design modern.<\/p>\n<p>Carcasa este realizat\u0103 din o\u021bel inoxidabil. Cadranul alb rafinat, cu marcaje sub form\u0103 de linii, confer\u0103 modelului un str\u0103lucire deosebit\u0103. Fereastra datei se afl\u0103 \u00een pozi\u021bia ora 3.<\/p>\n<p>Cureaua cu \u00eenchiz\u0103toare clasic\u0103 garanteaz\u0103 un confort \u0219i o siguran\u021b\u0103 sporite la purtare.<\/p>\n<p>Clasa de rezisten\u021b\u0103 la ap\u0103: 50 de metri protejeaz\u0103 carcasa de stropi accidentale sau pic\u0103turi de ploaie.<\/p>\n<p>Mathey-Tissot  \u2014 o alegere excelent\u0103 pentru cei care apreciaz\u0103 rafinamentul \u0219i calitatea.<\/p>","protected":false},"excerpt":{"rendered":"<p>Ceas mecanic pentru b\u0103rba\u021bi cu remontare automat\u0103 \u2014 o combina\u021bie elegant\u0103 de rafinament \u0219i design modern. Carcasa este realizat\u0103 din o\u021bel inoxidabil. Cadranul alb rafinat, cu marcaje sub form\u0103 de linii, confer\u0103 modelului un str\u0103lucire deosebit\u0103. Fereastra datei se afl\u0103 \u00een pozi\u021bia ora 3. Cureaua cu \u00eenchiz\u0103toare clasic\u0103 garanteaz\u0103 un confort \u0219i o siguran\u021b\u0103 sporite [&hellip;]<\/p>\n","protected":false},"featured_media":61064,"comment_status":"closed","ping_status":"open","template":"","meta":{"_acf_changed":false},"product_brand":[],"product_cat":[20,634],"product_tag":[],"class_list":{"0":"post-61063","1":"product","2":"type-product","3":"status-publish","4":"has-post-thumbnail","6":"product_cat-ceasuri-barbati","7":"product_cat-mathey-tissot","8":"pa_brand-mathey-tissot","9":"pa_braslet-piele","10":"pa_corpus-42-mm","11":"pa_forma-rotund","12":"pa_funcii-data","13":"pa_garatia-24-luni","14":"pa_korpus-argintiu","15":"pa_material-otel-inoxidabil","16":"pa_mehanizm-mecanic","17":"pa_mehanizm-mecanism-automatic","18":"pa_remeshok-maro","19":"pa_steklo-cristal-safir","20":"pa_strana-elvetia","21":"pa_voda-5-atm","23":"first","24":"instock","25":"purchasable","26":"product-type-simple"},"acf":[],"_links":{"self":[{"href":"https:\/\/ceasuri.md\/ru\/wp-json\/wp\/v2\/product\/61063","targetHints":{"allow":["GET"]}}],"collection":[{"href":"https:\/\/ceasuri.md\/ru\/wp-json\/wp\/v2\/product"}],"about":[{"href":"https:\/\/ceasuri.md\/ru\/wp-json\/wp\/v2\/types\/product"}],"replies":[{"embeddable":true,"href":"https:\/\/ceasuri.md\/ru\/wp-json\/wp\/v2\/comments?post=61063"}],"wp:featuredmedia":[{"embeddable":true,"href":"https:\/\/ceasuri.md\/ru\/wp-json\/wp\/v2\/media\/61064"}],"wp:attachment":[{"href":"https:\/\/ceasuri.md\/ru\/wp-json\/wp\/v2\/media?parent=61063"}],"wp:term":[{"taxonomy":"product_brand","embeddable":true,"href":"https:\/\/ceasuri.md\/ru\/wp-json\/wp\/v2\/product_brand?post=61063"},{"taxonomy":"product_cat","embeddable":true,"href":"https:\/\/ceasuri.md\/ru\/wp-json\/wp\/v2\/product_cat?post=61063"},{"taxonomy":"product_tag","embeddable":true,"href":"https:\/\/ceasuri.md\/ru\/wp-json\/wp\/v2\/product_tag?post=61063"}],"curies":[{"name":"wp","href":"https:\/\/api.w.org\/{rel}","templated":true}]}}