{"id":61039,"date":"2026-04-03T01:18:42","date_gmt":"2026-04-02T22:18:42","guid":{"rendered":"http:\/\/new.ceasuri.md\/shop\/uncategorized\/mathey-tissot-city-metal-hb611251mpdi\/"},"modified":"2026-04-20T01:55:34","modified_gmt":"2026-04-19T22:55:34","slug":"mathey-tissot-city-metal-hb611251mpdi","status":"publish","type":"product","link":"https:\/\/ceasuri.md\/ru\/shop\/branduri\/mathey-tissot\/mathey-tissot-city-metal-hb611251mpdi\/","title":{"rendered":"\u0427\u0430\u0441\u044b MATHEY-TISSOT City Metal HB611251MPDI"},"content":{"rendered":"<p>Compania Mathey-Tissot produce ceasuri elve\u021biene de \u00eenalt\u0103 calitate din 1886, combin\u00e2nd m\u0103iestria tradi\u021bional\u0103 cu elegan\u021ba modern\u0103. Fiecare ceas reflect\u0103 angajamentul brandului fa\u021b\u0103 de precizie, durabilitate \u0219i design atemporal.<\/p>\n<p>Carcasa \u0219i br\u0103\u021bara sunt fabricate din o\u021bel inoxidabil, ceea ce asigur\u0103 rezisten\u021b\u0103 \u0219i durabilitate, iar cadranul \u00eengrijit se remarc\u0103 prin designul concis \u0219i lizibilitatea bun\u0103. Indicatoarele \u0219i acele clare subliniaz\u0103 caracterul sobru al modelului \u0219i \u00eel fac confortabil pentru purtarea zilnic\u0103.<\/p>\n<p>Ceasul este echipat cu un mecanism cu cuar\u021b \u0219i protejat cu sticl\u0103 de safir. Mecanismul cu cuar\u021b garanteaz\u0103 o func\u021bionare precis\u0103 \u0219i nu necesit\u0103 \u00eentre\u021binere complex\u0103, ceea ce este deosebit de convenabil \u00een ritmul activ al vie\u021bii.<\/p>\n<p>\u00cenchiz\u0103toarea fiabil\u0103 \u0219i br\u0103\u021bara confortabil\u0103 asigur\u0103 o fixare sigur\u0103 pe \u00eencheietura m\u00e2inii \u0219i o senza\u021bie pl\u0103cut\u0103 la purtare.<\/p>\n<p>Acest ceas subliniaz\u0103 gustul proprietarului \u0219i reflect\u0103 ata\u0219amentul fa\u021b\u0103 de calitate \u0219i stilul clasic.<\/p>","protected":false},"excerpt":{"rendered":"<p>Compania Mathey-Tissot produce ceasuri elve\u021biene de \u00eenalt\u0103 calitate din 1886, combin\u00e2nd m\u0103iestria tradi\u021bional\u0103 cu elegan\u021ba modern\u0103. Fiecare ceas reflect\u0103 angajamentul brandului fa\u021b\u0103 de precizie, durabilitate \u0219i design atemporal. Carcasa \u0219i br\u0103\u021bara sunt fabricate din o\u021bel inoxidabil, ceea ce asigur\u0103 rezisten\u021b\u0103 \u0219i durabilitate, iar cadranul \u00eengrijit se remarc\u0103 prin designul concis \u0219i lizibilitatea bun\u0103. Indicatoarele \u0219i [&hellip;]<\/p>\n","protected":false},"featured_media":61040,"comment_status":"closed","ping_status":"open","template":"","meta":{"_acf_changed":false},"product_brand":[],"product_cat":[20,634],"product_tag":[],"class_list":{"0":"post-61039","1":"product","2":"type-product","3":"status-publish","4":"has-post-thumbnail","6":"product_cat-ceasuri-barbati","7":"product_cat-mathey-tissot","8":"pa_brand-mathey-tissot","9":"pa_braslet-otel-inoxidabil","10":"pa_corpus-42-mm","11":"pa_forma-rotund","12":"pa_funcii-data","13":"pa_garatia-24-luni","14":"pa_korpus-auriu","15":"pa_kvarc-quartz","16":"pa_material-otel-inoxidabil","17":"pa_mehanizm-quartz","18":"pa_remeshok-auriu","19":"pa_steklo-cristal-safir","20":"pa_strana-elvetia","21":"pa_voda-5-atm","23":"first","24":"instock","25":"purchasable","26":"product-type-simple"},"acf":[],"_links":{"self":[{"href":"https:\/\/ceasuri.md\/ru\/wp-json\/wp\/v2\/product\/61039","targetHints":{"allow":["GET"]}}],"collection":[{"href":"https:\/\/ceasuri.md\/ru\/wp-json\/wp\/v2\/product"}],"about":[{"href":"https:\/\/ceasuri.md\/ru\/wp-json\/wp\/v2\/types\/product"}],"replies":[{"embeddable":true,"href":"https:\/\/ceasuri.md\/ru\/wp-json\/wp\/v2\/comments?post=61039"}],"wp:featuredmedia":[{"embeddable":true,"href":"https:\/\/ceasuri.md\/ru\/wp-json\/wp\/v2\/media\/61040"}],"wp:attachment":[{"href":"https:\/\/ceasuri.md\/ru\/wp-json\/wp\/v2\/media?parent=61039"}],"wp:term":[{"taxonomy":"product_brand","embeddable":true,"href":"https:\/\/ceasuri.md\/ru\/wp-json\/wp\/v2\/product_brand?post=61039"},{"taxonomy":"product_cat","embeddable":true,"href":"https:\/\/ceasuri.md\/ru\/wp-json\/wp\/v2\/product_cat?post=61039"},{"taxonomy":"product_tag","embeddable":true,"href":"https:\/\/ceasuri.md\/ru\/wp-json\/wp\/v2\/product_tag?post=61039"}],"curies":[{"name":"wp","href":"https:\/\/api.w.org\/{rel}","templated":true}]}}