{"id":61028,"date":"2026-04-03T01:17:34","date_gmt":"2026-04-02T22:17:34","guid":{"rendered":"http:\/\/new.ceasuri.md\/shop\/uncategorized\/mathey-tissot-edmond-open-heart-le-auto-mc1886abu\/"},"modified":"2026-04-20T01:55:35","modified_gmt":"2026-04-19T22:55:35","slug":"mathey-tissot-edmond-open-heart-le-auto-mc1886abu","status":"publish","type":"product","link":"https:\/\/ceasuri.md\/ru\/shop\/branduri\/mathey-tissot\/mathey-tissot-edmond-open-heart-le-auto-mc1886abu\/","title":{"rendered":"\u0427\u0430\u0441\u044b MATHEY-TISSOT Edmond Open Heart Le Auto MC1886ABU"},"content":{"rendered":"<p>\u00centruchiparea clasicului elve\u021bian \u0219i a esteticii inginere\u0219ti \u00eentr-o interpretare modern\u0103. Modelul este creat pentru cei care apreciaz\u0103 precizia, tradi\u021biile \u0219i detaliile expresive.<\/p>\n<p>Carcasa din o\u021bel inoxidabil se remarc\u0103 prin rezisten\u021b\u0103 \u0219i aspect nobil, iar cadranul albastru intens, protejat de sticl\u0103 de safir, confer\u0103 ceasului elegan\u021b\u0103 \u0219i personalitate.<\/p>\n<p>Caracteristica cheie a modelului este func\u021bia Open Heart, care ofer\u0103 o vedere asupra func\u021bion\u0103rii mecanismului automat \u0219i subliniaz\u0103 m\u0103iestria ceasornicarilor.<\/p>\n<p>Mecanismul cu auto-\u00eenc\u0103rcare se activeaz\u0103 prin mi\u0219c\u0103rile naturale ale m\u00e2inii, asigur\u00e2nd o func\u021bionare stabil\u0103 \u0219i fiabil\u0103. Acele \u0219i marcajele clare garanteaz\u0103 o citire u\u0219oar\u0103 a orei.<\/p>\n<p>Cureaua completeaz\u0103 carcasa, asigur\u00e2nd o potrivire confortabil\u0103 pe \u00eencheietura m\u00e2inii \u0219i o fixare fiabil\u0103.<\/p>\n<p>Acest ceas va deveni un accent stilat al \u021binutei de afaceri sau de zi cu zi \u0219i o alegere excelent\u0103 pentru un cadou pentru un cunosc\u0103tor al ceasurilor mecanice.<\/p>\n<p>Ceasul este produs \u00eentr-o serie limitat\u0103. Modelul cu N 015 din 100 este disponibil.<\/p>","protected":false},"excerpt":{"rendered":"<p>\u00centruchiparea clasicului elve\u021bian \u0219i a esteticii inginere\u0219ti \u00eentr-o interpretare modern\u0103. Modelul este creat pentru cei care apreciaz\u0103 precizia, tradi\u021biile \u0219i detaliile expresive. Carcasa din o\u021bel inoxidabil se remarc\u0103 prin rezisten\u021b\u0103 \u0219i aspect nobil, iar cadranul albastru intens, protejat de sticl\u0103 de safir, confer\u0103 ceasului elegan\u021b\u0103 \u0219i personalitate. Caracteristica cheie a modelului este func\u021bia Open Heart, [&hellip;]<\/p>\n","protected":false},"featured_media":61029,"comment_status":"closed","ping_status":"open","template":"","meta":{"_acf_changed":false},"product_brand":[],"product_cat":[20,205,634],"product_tag":[],"class_list":{"0":"post-61028","1":"product","2":"type-product","3":"status-publish","4":"has-post-thumbnail","6":"product_cat-ceasuri-barbati","7":"product_cat-limited-edition","8":"product_cat-mathey-tissot","9":"pa_brand-mathey-tissot","10":"pa_braslet-piele","11":"pa_corpus-42-mm","12":"pa_forma-rotund","13":"pa_funcii-limited-edition","14":"pa_funcii-semischelet","15":"pa_funcii-set-cadou","16":"pa_garatia-24-luni","17":"pa_korpus-argintiu","18":"pa_material-otel-inoxidabil","19":"pa_mehanizm-mecanic","20":"pa_mehanizm-mecanism-automatic","21":"pa_remeshok-albastru-inchis","22":"pa_steklo-cristal-safir","23":"pa_strana-elvetia","24":"pa_voda-5-atm","26":"first","27":"instock","28":"purchasable","29":"product-type-simple"},"acf":[],"_links":{"self":[{"href":"https:\/\/ceasuri.md\/ru\/wp-json\/wp\/v2\/product\/61028","targetHints":{"allow":["GET"]}}],"collection":[{"href":"https:\/\/ceasuri.md\/ru\/wp-json\/wp\/v2\/product"}],"about":[{"href":"https:\/\/ceasuri.md\/ru\/wp-json\/wp\/v2\/types\/product"}],"replies":[{"embeddable":true,"href":"https:\/\/ceasuri.md\/ru\/wp-json\/wp\/v2\/comments?post=61028"}],"wp:featuredmedia":[{"embeddable":true,"href":"https:\/\/ceasuri.md\/ru\/wp-json\/wp\/v2\/media\/61029"}],"wp:attachment":[{"href":"https:\/\/ceasuri.md\/ru\/wp-json\/wp\/v2\/media?parent=61028"}],"wp:term":[{"taxonomy":"product_brand","embeddable":true,"href":"https:\/\/ceasuri.md\/ru\/wp-json\/wp\/v2\/product_brand?post=61028"},{"taxonomy":"product_cat","embeddable":true,"href":"https:\/\/ceasuri.md\/ru\/wp-json\/wp\/v2\/product_cat?post=61028"},{"taxonomy":"product_tag","embeddable":true,"href":"https:\/\/ceasuri.md\/ru\/wp-json\/wp\/v2\/product_tag?post=61028"}],"curies":[{"name":"wp","href":"https:\/\/api.w.org\/{rel}","templated":true}]}}