{"id":61018,"date":"2026-04-03T01:17:34","date_gmt":"2026-04-02T22:17:34","guid":{"rendered":"http:\/\/new.ceasuri.md\/shop\/uncategorized\/mathey-tissot-edmond-open-heart-le-auto-mc1886pi\/"},"modified":"2026-04-20T01:55:36","modified_gmt":"2026-04-19T22:55:36","slug":"mathey-tissot-edmond-open-heart-le-auto-mc1886pi","status":"publish","type":"product","link":"https:\/\/ceasuri.md\/ru\/shop\/branduri\/mathey-tissot\/mathey-tissot-edmond-open-heart-le-auto-mc1886pi\/","title":{"rendered":"\u0427\u0430\u0441\u044b MATHEY-TISSOT Edmond Open Heart Le Auto MC1886PI"},"content":{"rendered":"<p>O combina\u021bie elegant\u0103 \u00eentre stilul clasic elve\u021bian \u0219i m\u0103iestria mecanic\u0103. Modelul este creat pentru cei care apreciaz\u0103 tradi\u021biile, calitatea \u0219i detaliile rafinate.<\/p>\n<p>Carcasa este realizat\u0103 din o\u021bel inoxidabil cu un finisaj rafinat, care subliniaz\u0103 statutul \u0219i luxul discret al ceasului. Caracteristica principal\u0103 este func\u021bia Open Heart, care permite observarea func\u021bion\u0103rii mecanismului automat printr-o fereastr\u0103 precis\u0103 pe cadran, protejat\u0103 de sticl\u0103 de safir. Acest element confer\u0103 designului profunzime \u0219i caracter viu.<\/p>\n<p>Mecanismul automat asigur\u0103 o func\u021bionare precis\u0103, fiind activat de mi\u0219carea m\u00e2inii. Indicatoarele \u0219i acul clar al ceasului faciliteaz\u0103 citirea orei, iar designul bine g\u00e2ndit p\u0103streaz\u0103 echilibrul \u00eentre clasic \u0219i modern.<\/p>\n<p>Cureaua completeaz\u0103 armonios carcasa \u0219i asigur\u0103 o potrivire confortabil\u0103 pe \u00eencheietura m\u00e2inii.<\/p>\n<p>Acest ceas va fi o alegere excelent\u0103 pentru un look business, evenimente festive sau ca cadou de statut pentru un b\u0103rbat care apreciaz\u0103 ceasurile mecanice cu caracter.<\/p>\n<p>Ceasul este produs \u00eentr-o serie limitat\u0103. Este disponibil modelul cu num\u0103rul N 010 din 100.<\/p>","protected":false},"excerpt":{"rendered":"<p>O combina\u021bie elegant\u0103 \u00eentre stilul clasic elve\u021bian \u0219i m\u0103iestria mecanic\u0103. Modelul este creat pentru cei care apreciaz\u0103 tradi\u021biile, calitatea \u0219i detaliile rafinate. Carcasa este realizat\u0103 din o\u021bel inoxidabil cu un finisaj rafinat, care subliniaz\u0103 statutul \u0219i luxul discret al ceasului. Caracteristica principal\u0103 este func\u021bia Open Heart, care permite observarea func\u021bion\u0103rii mecanismului automat printr-o fereastr\u0103 precis\u0103 [&hellip;]<\/p>\n","protected":false},"featured_media":61019,"comment_status":"closed","ping_status":"open","template":"","meta":{"_acf_changed":false},"product_brand":[],"product_cat":[20,205,634],"product_tag":[],"class_list":{"0":"post-61018","1":"product","2":"type-product","3":"status-publish","4":"has-post-thumbnail","6":"product_cat-ceasuri-barbati","7":"product_cat-limited-edition","8":"product_cat-mathey-tissot","9":"pa_brand-mathey-tissot","10":"pa_braslet-piele","11":"pa_corpus-42-mm","12":"pa_forma-rotund","13":"pa_funcii-limited-edition","14":"pa_funcii-semischelet","15":"pa_funcii-set-cadou","16":"pa_garatia-24-luni","17":"pa_korpus-roz-gold","18":"pa_material-otel-inoxidabil","19":"pa_mehanizm-mecanic","20":"pa_mehanizm-mecanism-automatic","21":"pa_remeshok-maro","22":"pa_steklo-cristal-safir","23":"pa_strana-elvetia","24":"pa_voda-5-atm","26":"first","27":"instock","28":"purchasable","29":"product-type-simple"},"acf":[],"_links":{"self":[{"href":"https:\/\/ceasuri.md\/ru\/wp-json\/wp\/v2\/product\/61018","targetHints":{"allow":["GET"]}}],"collection":[{"href":"https:\/\/ceasuri.md\/ru\/wp-json\/wp\/v2\/product"}],"about":[{"href":"https:\/\/ceasuri.md\/ru\/wp-json\/wp\/v2\/types\/product"}],"replies":[{"embeddable":true,"href":"https:\/\/ceasuri.md\/ru\/wp-json\/wp\/v2\/comments?post=61018"}],"wp:featuredmedia":[{"embeddable":true,"href":"https:\/\/ceasuri.md\/ru\/wp-json\/wp\/v2\/media\/61019"}],"wp:attachment":[{"href":"https:\/\/ceasuri.md\/ru\/wp-json\/wp\/v2\/media?parent=61018"}],"wp:term":[{"taxonomy":"product_brand","embeddable":true,"href":"https:\/\/ceasuri.md\/ru\/wp-json\/wp\/v2\/product_brand?post=61018"},{"taxonomy":"product_cat","embeddable":true,"href":"https:\/\/ceasuri.md\/ru\/wp-json\/wp\/v2\/product_cat?post=61018"},{"taxonomy":"product_tag","embeddable":true,"href":"https:\/\/ceasuri.md\/ru\/wp-json\/wp\/v2\/product_tag?post=61018"}],"curies":[{"name":"wp","href":"https:\/\/api.w.org\/{rel}","templated":true}]}}