{"id":61016,"date":"2026-04-03T01:17:34","date_gmt":"2026-04-02T22:17:34","guid":{"rendered":"http:\/\/new.ceasuri.md\/shop\/uncategorized\/mathey-tissot-merguladhor-gmt-mrgabu\/"},"modified":"2026-04-20T01:55:36","modified_gmt":"2026-04-19T22:55:36","slug":"mathey-tissot-merguladhor-gmt-mrgabu","status":"publish","type":"product","link":"https:\/\/ceasuri.md\/ru\/shop\/branduri\/mathey-tissot\/mathey-tissot-merguladhor-gmt-mrgabu\/","title":{"rendered":"\u0427\u0430\u0441\u044b MATHEY-TISSOT Merguladhor GMT MRGABU"},"content":{"rendered":"<p>Ceasul Mathey-Tissot Mergulhador este un model sportiv, creat pentru cei care apreciaz\u0103 durabilitatea, precizia \u0219i stilul.<\/p>\n<p>Ceas de scufund\u0103ri cu design vintage, curea sport din piele, afi\u0219are a celui de-al doilea fus orar \u0219i a datei pe cadran albastru inchis cu patru ace. Rezisten\u021b\u0103 la ap\u0103 p\u00e2n\u0103 la 200 de metri.<\/p>\n<p>Carcasa rezistent\u0103 din o\u021bel inoxidabil \u0219i luneta rotativ\u0103 \u00eentr-o singur\u0103 direc\u021bie \u00eel fac un companion de \u00eencredere \u00een sporturile acvatice \u0219i activit\u0103\u021bile de aventur\u0103.<\/p>\n<p>Datorit\u0103 cadranului u\u0219or de citit, marcajelor luminescente \u0219i sticlei rezistente la zg\u00e2rieturi, acestea asigur\u0103 vizibilitate \u00een orice moment.<\/p>\n<p>Echipate cu un mecanism elve\u021bian de \u00eenalt\u0103 precizie, acestea garanteaz\u0103 fiabilitate \u0219i durabilitate \u00een condi\u021bii de utilizare intens\u0103.<\/p>\n<p>Colec\u021bia Mergulhador reflect\u0103 echilibrul \u00eentre caracteristicile sportive \u0219i elegan\u021b\u0103, ceea ce o face ideal\u0103 pentru cei care doresc un ceas versatil \u0219i func\u021bional, care combin\u0103 cea mai \u00eenalt\u0103 calitate a produc\u021biei elve\u021biene de ceasuri.<\/p>","protected":false},"excerpt":{"rendered":"<p>Ceasul Mathey-Tissot Mergulhador este un model sportiv, creat pentru cei care apreciaz\u0103 durabilitatea, precizia \u0219i stilul. Ceas de scufund\u0103ri cu design vintage, curea sport din piele, afi\u0219are a celui de-al doilea fus orar \u0219i a datei pe cadran albastru inchis cu patru ace. Rezisten\u021b\u0103 la ap\u0103 p\u00e2n\u0103 la 200 de metri. Carcasa rezistent\u0103 din o\u021bel [&hellip;]<\/p>\n","protected":false},"featured_media":61017,"comment_status":"closed","ping_status":"open","template":"","meta":{"_acf_changed":false},"product_brand":[],"product_cat":[20,634],"product_tag":[],"class_list":{"0":"post-61016","1":"product","2":"type-product","3":"status-publish","4":"has-post-thumbnail","6":"product_cat-ceasuri-barbati","7":"product_cat-mathey-tissot","8":"pa_brand-mathey-tissot","9":"pa_braslet-piele","10":"pa_corpus-41-mm","11":"pa_forma-rotund","12":"pa_funcii-data","13":"pa_funcii-gmt","14":"pa_garatia-24-luni","15":"pa_korpus-argintiu","16":"pa_kvarc-quartz","17":"pa_material-otel-inoxidabil","18":"pa_mehanizm-quartz","19":"pa_remeshok-negru","20":"pa_steklo-cristal-safir","21":"pa_strana-elvetia","22":"pa_voda-20-atm","24":"first","25":"instock","26":"purchasable","27":"product-type-simple"},"acf":[],"_links":{"self":[{"href":"https:\/\/ceasuri.md\/ru\/wp-json\/wp\/v2\/product\/61016","targetHints":{"allow":["GET"]}}],"collection":[{"href":"https:\/\/ceasuri.md\/ru\/wp-json\/wp\/v2\/product"}],"about":[{"href":"https:\/\/ceasuri.md\/ru\/wp-json\/wp\/v2\/types\/product"}],"replies":[{"embeddable":true,"href":"https:\/\/ceasuri.md\/ru\/wp-json\/wp\/v2\/comments?post=61016"}],"wp:featuredmedia":[{"embeddable":true,"href":"https:\/\/ceasuri.md\/ru\/wp-json\/wp\/v2\/media\/61017"}],"wp:attachment":[{"href":"https:\/\/ceasuri.md\/ru\/wp-json\/wp\/v2\/media?parent=61016"}],"wp:term":[{"taxonomy":"product_brand","embeddable":true,"href":"https:\/\/ceasuri.md\/ru\/wp-json\/wp\/v2\/product_brand?post=61016"},{"taxonomy":"product_cat","embeddable":true,"href":"https:\/\/ceasuri.md\/ru\/wp-json\/wp\/v2\/product_cat?post=61016"},{"taxonomy":"product_tag","embeddable":true,"href":"https:\/\/ceasuri.md\/ru\/wp-json\/wp\/v2\/product_tag?post=61016"}],"curies":[{"name":"wp","href":"https:\/\/api.w.org\/{rel}","templated":true}]}}