{"id":61006,"date":"2026-04-03T01:17:34","date_gmt":"2026-04-02T22:17:34","guid":{"rendered":"http:\/\/new.ceasuri.md\/shop\/uncategorized\/bulova-classic-sutton-automatic-96a329\/"},"modified":"2026-04-15T21:20:32","modified_gmt":"2026-04-15T18:20:32","slug":"bulova-classic-sutton-automatic-96a329","status":"publish","type":"product","link":"https:\/\/ceasuri.md\/ru\/shop\/branduri\/bulova\/bulova-classic-sutton-automatic-96a329\/","title":{"rendered":"Ceas BULOVA CLASSIC Sutton Automatic 96A329"},"content":{"rendered":"<p>Descoper\u0103 farmecul ceasurilor pentru b\u0103rba\u021bi Bulova Sutton Automatic, care \u00ee\u0219i etaleaz\u0103 mecanismul complex.<\/p>\n<p>Carcasa sculptural\u0103 \u0219i dinamic\u0103 din o\u021bel inoxidabil se remarc\u0103 prin combina\u021bia de finisaje diferite, care confer\u0103 ceasului un aspect str\u0103lucitor la \u00eencheietura m\u00e2inii, iar sticla de safir asigur\u0103 o transparen\u021b\u0103 optim\u0103.<\/p>\n<p>Cadranul verde deschis, cu mai multe straturi \u0219i finisaje complementare, este decorat cu indici aplicati \u0219i ace corespunz\u0103toare cu acoperire luminescent\u0103. <\/p>\n<p>Cadranul ofer\u0103 o vedere asupra func\u021bion\u0103rii mecanismului automat scheletat cu 21 de pietre, care asigur\u0103 o rezerv\u0103 de mar\u0219 de 42 de ore.<\/p>\n<p>Ceasul, completat de o br\u0103\u021bar\u0103 corespunz\u0103toare din o\u021bel inoxidabil cu mai multe zale, este alegerea ideal\u0103 pentru a v\u0103 sublinia stilul.<\/p>","protected":false},"excerpt":{"rendered":"<p>Descoper\u0103 farmecul ceasurilor pentru b\u0103rba\u021bi Bulova Sutton Automatic, care \u00ee\u0219i etaleaz\u0103 mecanismul complex. Carcasa sculptural\u0103 \u0219i dinamic\u0103 din o\u021bel inoxidabil se remarc\u0103 prin combina\u021bia de finisaje diferite, care confer\u0103 ceasului un aspect str\u0103lucitor la \u00eencheietura m\u00e2inii, iar sticla de safir asigur\u0103 o transparen\u021b\u0103 optim\u0103. Cadranul verde deschis, cu mai multe straturi \u0219i finisaje complementare, este [&hellip;]<\/p>\n","protected":false},"featured_media":61007,"comment_status":"closed","ping_status":"open","template":"","meta":{"_acf_changed":false},"product_brand":[],"product_cat":[624,20],"product_tag":[],"class_list":{"0":"post-61006","1":"product","2":"type-product","3":"status-publish","4":"has-post-thumbnail","6":"product_cat-bulova","7":"product_cat-ceasuri-barbati","8":"pa_brand-bulova","9":"pa_braslet-otel-inoxidabil","10":"pa_corpus-40-mm","11":"pa_forma-rotund","12":"pa_funcii-schelet","13":"pa_garatia-24-luni","14":"pa_korpus-argintiu","15":"pa_material-otel-inoxidabil","16":"pa_mehanizm-mecanic","17":"pa_mehanizm-mecanism-automatic","18":"pa_remeshok-argintiu","19":"pa_steklo-cristal-safir","20":"pa_strana-sua","21":"pa_voda-3-atm","23":"first","24":"instock","25":"purchasable","26":"product-type-simple"},"acf":[],"_links":{"self":[{"href":"https:\/\/ceasuri.md\/ru\/wp-json\/wp\/v2\/product\/61006","targetHints":{"allow":["GET"]}}],"collection":[{"href":"https:\/\/ceasuri.md\/ru\/wp-json\/wp\/v2\/product"}],"about":[{"href":"https:\/\/ceasuri.md\/ru\/wp-json\/wp\/v2\/types\/product"}],"replies":[{"embeddable":true,"href":"https:\/\/ceasuri.md\/ru\/wp-json\/wp\/v2\/comments?post=61006"}],"wp:featuredmedia":[{"embeddable":true,"href":"https:\/\/ceasuri.md\/ru\/wp-json\/wp\/v2\/media\/61007"}],"wp:attachment":[{"href":"https:\/\/ceasuri.md\/ru\/wp-json\/wp\/v2\/media?parent=61006"}],"wp:term":[{"taxonomy":"product_brand","embeddable":true,"href":"https:\/\/ceasuri.md\/ru\/wp-json\/wp\/v2\/product_brand?post=61006"},{"taxonomy":"product_cat","embeddable":true,"href":"https:\/\/ceasuri.md\/ru\/wp-json\/wp\/v2\/product_cat?post=61006"},{"taxonomy":"product_tag","embeddable":true,"href":"https:\/\/ceasuri.md\/ru\/wp-json\/wp\/v2\/product_tag?post=61006"}],"curies":[{"name":"wp","href":"https:\/\/api.w.org\/{rel}","templated":true}]}}