{"id":60996,"date":"2026-04-03T01:17:34","date_gmt":"2026-04-02T22:17:34","guid":{"rendered":"http:\/\/new.ceasuri.md\/shop\/uncategorized\/bulova-classic-surveyor-automatic-96b436\/"},"modified":"2026-04-20T01:52:58","modified_gmt":"2026-04-19T22:52:58","slug":"bulova-classic-surveyor-automatic-96b436","status":"publish","type":"product","link":"https:\/\/ceasuri.md\/ru\/shop\/branduri\/bulova\/bulova-classic-surveyor-automatic-96b436\/","title":{"rendered":"\u0427\u0430\u0441\u044b BULOVA CLASSIC Surveyor Automatic 96B436"},"content":{"rendered":"<p>Ceasurile pentru b\u0103rba\u021bi Bulova Surveyor, care se remarc\u0103 prin calitatea excep\u021bional\u0103 \u0219i estetica rafinat\u0103, sunt \u00eentruchiparea ceasurilor moderne.<\/p>\n<p>Carcasa argintie din o\u021bel inoxidabil se distinge prin margini \u0219i muchii reliefate, finisaj lustruit \u0219i mat, sticl\u0103 safir plat\u0103 \u0219i br\u0103\u021bar\u0103 din o\u021bel inoxidabil cu 3 zale, cu \u00eenchiz\u0103toare cu buton \u0219i \u0219tifturi cu arc u\u0219or de \u00eendep\u0103rtat.<\/p>\n<p>Cadran albastru cu efect \u201eraze de soare\u201d \u0219i accente argintii, ace cu acoperire luminescent\u0103, fereastr\u0103 m\u0103rit\u0103 pentru dat\u0103 \u0219i scal\u0103 de minute \u00eencastrat\u0103.<\/p>\n<p>Ceasul este echipat cu un mecanism automat cu 21 de pietre \u0219i o rezerv\u0103 de mar\u0219 de 42 de ore, care poate fi v\u0103zut\u0103 prin capacul transparent al carcasei.<\/p>\n<p>Pentru cei care apreciaz\u0103 luxul rafinat, acest ceas pentru b\u0103rba\u021bi Bulova este alegerea evident\u0103.<\/p>","protected":false},"excerpt":{"rendered":"<p>Ceasurile pentru b\u0103rba\u021bi Bulova Surveyor, care se remarc\u0103 prin calitatea excep\u021bional\u0103 \u0219i estetica rafinat\u0103, sunt \u00eentruchiparea ceasurilor moderne. Carcasa argintie din o\u021bel inoxidabil se distinge prin margini \u0219i muchii reliefate, finisaj lustruit \u0219i mat, sticl\u0103 safir plat\u0103 \u0219i br\u0103\u021bar\u0103 din o\u021bel inoxidabil cu 3 zale, cu \u00eenchiz\u0103toare cu buton \u0219i \u0219tifturi cu arc u\u0219or de [&hellip;]<\/p>\n","protected":false},"featured_media":60997,"comment_status":"closed","ping_status":"open","template":"","meta":{"_acf_changed":false},"product_brand":[],"product_cat":[624,20],"product_tag":[],"class_list":{"0":"post-60996","1":"product","2":"type-product","3":"status-publish","4":"has-post-thumbnail","6":"product_cat-bulova","7":"product_cat-ceasuri-barbati","8":"pa_brand-bulova","9":"pa_braslet-otel-inoxidabil","10":"pa_corpus-39-mm","11":"pa_forma-rotund","12":"pa_funcii-data","13":"pa_garatia-24-luni","14":"pa_korpus-argintiu","15":"pa_material-otel-inoxidabil","16":"pa_mehanizm-mecanic","17":"pa_mehanizm-mecanism-automatic","18":"pa_remeshok-argintiu","19":"pa_steklo-cristal-safir","20":"pa_strana-sua","21":"pa_voda-3-atm","23":"first","24":"instock","25":"purchasable","26":"product-type-simple"},"acf":[],"_links":{"self":[{"href":"https:\/\/ceasuri.md\/ru\/wp-json\/wp\/v2\/product\/60996","targetHints":{"allow":["GET"]}}],"collection":[{"href":"https:\/\/ceasuri.md\/ru\/wp-json\/wp\/v2\/product"}],"about":[{"href":"https:\/\/ceasuri.md\/ru\/wp-json\/wp\/v2\/types\/product"}],"replies":[{"embeddable":true,"href":"https:\/\/ceasuri.md\/ru\/wp-json\/wp\/v2\/comments?post=60996"}],"wp:featuredmedia":[{"embeddable":true,"href":"https:\/\/ceasuri.md\/ru\/wp-json\/wp\/v2\/media\/60997"}],"wp:attachment":[{"href":"https:\/\/ceasuri.md\/ru\/wp-json\/wp\/v2\/media?parent=60996"}],"wp:term":[{"taxonomy":"product_brand","embeddable":true,"href":"https:\/\/ceasuri.md\/ru\/wp-json\/wp\/v2\/product_brand?post=60996"},{"taxonomy":"product_cat","embeddable":true,"href":"https:\/\/ceasuri.md\/ru\/wp-json\/wp\/v2\/product_cat?post=60996"},{"taxonomy":"product_tag","embeddable":true,"href":"https:\/\/ceasuri.md\/ru\/wp-json\/wp\/v2\/product_tag?post=60996"}],"curies":[{"name":"wp","href":"https:\/\/api.w.org\/{rel}","templated":true}]}}