{"id":60987,"date":"2026-04-03T01:17:34","date_gmt":"2026-04-02T22:17:34","guid":{"rendered":"http:\/\/new.ceasuri.md\/shop\/uncategorized\/bulova-classic-jet-star-96b472\/"},"modified":"2026-04-20T01:52:59","modified_gmt":"2026-04-19T22:52:59","slug":"bulova-classic-jet-star-96b472","status":"publish","type":"product","link":"https:\/\/ceasuri.md\/ru\/shop\/branduri\/bulova\/bulova-classic-jet-star-96b472\/","title":{"rendered":"Ceas BULOVA CLASSIC Jet Star 96B472"},"content":{"rendered":"<p>Direct din anii 1970, Bulova Jet Star, un model cult din istoria impresionant\u0103 a m\u0103rcii, a ajuns la noi, echipat acum cu un mecanism la fel de impresionant.<\/p>\n<p>Inspirat de original, carcasa argintie din o\u021bel inoxidabil se remarc\u0103 prin designul s\u0103u angular, cu muchii largi \u0219i sticl\u0103 safir bombat\u0103.<\/p>\n<p>Cadranul gri cu efect \u201eraze de soare\u201d, indicii orari suprapuse \u0219i ace argintii asortate. Indicii luminescen\u021bi la fiecare or\u0103 \u0219i umplerea acelor asigur\u0103 o lizibilitate excep\u021bional\u0103 \u00een orice condi\u021bii, iar fereastra de dat\u0103 este perfect pozi\u021bionat\u0103 la ora \u201e3\u201d.<\/p>\n<p>Ceasurile Jet Star sunt echipate cu mecanismul cu cuar\u021b de \u00eenalt\u0103 precizie Precisionist de la Bulova, un mecanism revolu\u021bionar cu 8 rubine, care vibreaz\u0103 cu o frecven\u021b\u0103 uimitoare de 262 kHz, cu o precizie de p\u00e2n\u0103 la secunde pe an, rezisten\u021b\u0103 sporit\u0103 la schimb\u0103rile de temperatur\u0103 \u0219i o secund\u0103 fluid\u0103.<\/p>\n<p>Carcasa din o\u021bel inoxidabil este completat\u0103 de un br\u0103\u021bar\u0103 cu \u00eenchiz\u0103toare rabatabil\u0103 \u0219i \u0219tifturi cu arc pentru o \u00eendep\u0103rtare u\u0219oar\u0103.<\/p>\n<p>Face\u021bi impresie cu stilul legendar \u0219i designul iconic, recreat pentru cunosc\u0103torii moderni.<\/p>","protected":false},"excerpt":{"rendered":"<p>Direct din anii 1970, Bulova Jet Star, un model cult din istoria impresionant\u0103 a m\u0103rcii, a ajuns la noi, echipat acum cu un mecanism la fel de impresionant. Inspirat de original, carcasa argintie din o\u021bel inoxidabil se remarc\u0103 prin designul s\u0103u angular, cu muchii largi \u0219i sticl\u0103 safir bombat\u0103. Cadranul gri cu efect \u201eraze de [&hellip;]<\/p>\n","protected":false},"featured_media":60988,"comment_status":"closed","ping_status":"open","template":"","meta":{"_acf_changed":false},"product_brand":[],"product_cat":[624,20],"product_tag":[],"class_list":{"0":"post-60987","1":"product","2":"type-product","3":"status-publish","4":"has-post-thumbnail","6":"product_cat-bulova","7":"product_cat-ceasuri-barbati","8":"pa_brand-bulova","9":"pa_braslet-otel-inoxidabil","10":"pa_corpus-40-mm","11":"pa_forma-octogonala","12":"pa_funcii-data","13":"pa_garatia-24-luni","14":"pa_korpus-argintiu","15":"pa_kvarc-quartz","16":"pa_material-otel-inoxidabil","17":"pa_mehanizm-quartz","18":"pa_remeshok-argintiu","19":"pa_steklo-cristal-safir","20":"pa_strana-sua","21":"pa_voda-5-atm","23":"first","24":"instock","25":"purchasable","26":"product-type-simple"},"acf":[],"_links":{"self":[{"href":"https:\/\/ceasuri.md\/ru\/wp-json\/wp\/v2\/product\/60987","targetHints":{"allow":["GET"]}}],"collection":[{"href":"https:\/\/ceasuri.md\/ru\/wp-json\/wp\/v2\/product"}],"about":[{"href":"https:\/\/ceasuri.md\/ru\/wp-json\/wp\/v2\/types\/product"}],"replies":[{"embeddable":true,"href":"https:\/\/ceasuri.md\/ru\/wp-json\/wp\/v2\/comments?post=60987"}],"wp:featuredmedia":[{"embeddable":true,"href":"https:\/\/ceasuri.md\/ru\/wp-json\/wp\/v2\/media\/60988"}],"wp:attachment":[{"href":"https:\/\/ceasuri.md\/ru\/wp-json\/wp\/v2\/media?parent=60987"}],"wp:term":[{"taxonomy":"product_brand","embeddable":true,"href":"https:\/\/ceasuri.md\/ru\/wp-json\/wp\/v2\/product_brand?post=60987"},{"taxonomy":"product_cat","embeddable":true,"href":"https:\/\/ceasuri.md\/ru\/wp-json\/wp\/v2\/product_cat?post=60987"},{"taxonomy":"product_tag","embeddable":true,"href":"https:\/\/ceasuri.md\/ru\/wp-json\/wp\/v2\/product_tag?post=60987"}],"curies":[{"name":"wp","href":"https:\/\/api.w.org\/{rel}","templated":true}]}}