{"id":60981,"date":"2026-04-03T01:17:34","date_gmt":"2026-04-02T22:17:34","guid":{"rendered":"http:\/\/new.ceasuri.md\/shop\/uncategorized\/bulova-classic-goddess-of-time-96l343\/"},"modified":"2026-04-20T01:52:59","modified_gmt":"2026-04-19T22:52:59","slug":"bulova-classic-goddess-of-time-96l343","status":"publish","type":"product","link":"https:\/\/ceasuri.md\/ru\/shop\/branduri\/bulova\/bulova-classic-goddess-of-time-96l343\/","title":{"rendered":"\u0427\u0430\u0441\u044b BULOVA CLASSIC Goddess Of Time 96L343"},"content":{"rendered":"<p>\u00centoarce\u021bi-v\u0103 \u00een trecut, \u00een str\u0103lucitoarele \u0219i glamourul anilor 1970, cu ceasul pentru femei Bulova Classic \u201eGoddess of Time\u201d.<\/p>\n<p>Prelu\u00e2nd designul atemporal al ceasului vintage Bulova \u201eGoddess of Time\u201d, carcasa argintie din o\u021bel inoxidabil are partea superioar\u0103 texturat\u0103 \u0219i o ram\u0103 lustruit\u0103 str\u0103lucitor, care se transform\u0103 treptat \u00eentr-o br\u0103\u021bar\u0103 texturat\u0103 din plas\u0103.<\/p>\n<p>Cadranul, protejat de sticl\u0103 de safir, din sodalit albastru natural, este unic \u00een felul s\u0103u \u0219i este decorat cu indici \u0219i ace argintii, iar pe capacul din spate al carcasei este gravat\u0103 \u00eens\u0103\u0219i Zei\u021ba timpului Bulova.<\/p>\n<p>Sim\u021bi\u021bi-v\u0103 cu adev\u0103rat divin\u0103 cu acest ceas Bulova uimitor pentru femei.<\/p>","protected":false},"excerpt":{"rendered":"<p>\u00centoarce\u021bi-v\u0103 \u00een trecut, \u00een str\u0103lucitoarele \u0219i glamourul anilor 1970, cu ceasul pentru femei Bulova Classic \u201eGoddess of Time\u201d. Prelu\u00e2nd designul atemporal al ceasului vintage Bulova \u201eGoddess of Time\u201d, carcasa argintie din o\u021bel inoxidabil are partea superioar\u0103 texturat\u0103 \u0219i o ram\u0103 lustruit\u0103 str\u0103lucitor, care se transform\u0103 treptat \u00eentr-o br\u0103\u021bar\u0103 texturat\u0103 din plas\u0103. Cadranul, protejat de sticl\u0103 [&hellip;]<\/p>\n","protected":false},"featured_media":60982,"comment_status":"closed","ping_status":"open","template":"","meta":{"_acf_changed":false},"product_brand":[],"product_cat":[624,25],"product_tag":[],"class_list":{"0":"post-60981","1":"product","2":"type-product","3":"status-publish","4":"has-post-thumbnail","6":"product_cat-bulova","7":"product_cat-ceasuri-dama","8":"pa_brand-bulova","9":"pa_braslet-otel-inoxidabil","10":"pa_corpus-17-mm","11":"pa_forma-butoi","12":"pa_garatia-24-luni","13":"pa_korpus-argintiu","14":"pa_kvarc-quartz","15":"pa_material-otel-inoxidabil","16":"pa_mehanizm-quartz","17":"pa_remeshok-argintiu","18":"pa_steklo-cristal-safir","19":"pa_strana-sua","20":"pa_voda-3-atm","22":"first","23":"instock","24":"purchasable","25":"product-type-simple"},"acf":[],"_links":{"self":[{"href":"https:\/\/ceasuri.md\/ru\/wp-json\/wp\/v2\/product\/60981","targetHints":{"allow":["GET"]}}],"collection":[{"href":"https:\/\/ceasuri.md\/ru\/wp-json\/wp\/v2\/product"}],"about":[{"href":"https:\/\/ceasuri.md\/ru\/wp-json\/wp\/v2\/types\/product"}],"replies":[{"embeddable":true,"href":"https:\/\/ceasuri.md\/ru\/wp-json\/wp\/v2\/comments?post=60981"}],"wp:featuredmedia":[{"embeddable":true,"href":"https:\/\/ceasuri.md\/ru\/wp-json\/wp\/v2\/media\/60982"}],"wp:attachment":[{"href":"https:\/\/ceasuri.md\/ru\/wp-json\/wp\/v2\/media?parent=60981"}],"wp:term":[{"taxonomy":"product_brand","embeddable":true,"href":"https:\/\/ceasuri.md\/ru\/wp-json\/wp\/v2\/product_brand?post=60981"},{"taxonomy":"product_cat","embeddable":true,"href":"https:\/\/ceasuri.md\/ru\/wp-json\/wp\/v2\/product_cat?post=60981"},{"taxonomy":"product_tag","embeddable":true,"href":"https:\/\/ceasuri.md\/ru\/wp-json\/wp\/v2\/product_tag?post=60981"}],"curies":[{"name":"wp","href":"https:\/\/api.w.org\/{rel}","templated":true}]}}