{"id":60976,"date":"2026-04-03T01:17:34","date_gmt":"2026-04-02T22:17:34","guid":{"rendered":"http:\/\/new.ceasuri.md\/shop\/uncategorized\/bulova-classic-surveyor-96l345\/"},"modified":"2026-04-20T01:53:04","modified_gmt":"2026-04-19T22:53:04","slug":"bulova-classic-surveyor-96l345","status":"publish","type":"product","link":"https:\/\/ceasuri.md\/ru\/shop\/branduri\/bulova\/bulova-classic-surveyor-96l345\/","title":{"rendered":"\u0427\u0430\u0441\u044b BULOVA CLASSIC Surveyor 96L345"},"content":{"rendered":"<p>Ceasurile pentru femei Bulova Surveyor, care se remarc\u0103 prin calitatea excep\u021bional\u0103 \u0219i estetica rafinat\u0103, sunt \u00eentruchiparea modernit\u0103\u021bii \u0219i au fost actualizate cu un cadran miniatural cu diametrul de 23 mm.<\/p>\n<p>Carcasa lustruit\u0103 din o\u021bel inoxidabil de culoare argintie, cu finisaj lustruit \u0219i mat, sticl\u0103 safir plat\u0103 \u0219i br\u0103\u021bar\u0103 potrivit\u0103 din o\u021bel inoxidabil de culoare argintie cu 3 zale, cu \u00eenchiz\u0103toare cu buton \u0219i \u0219tifturi cu arc u\u0219or de \u00eendep\u0103rtat, se remarc\u0103 prin marginile sculptate \u0219i fa\u021betarea.<\/p>\n<p>Cadranul str\u0103lucitor de culoare albastru deschis, cu efect de \u201eraze de soare\u201d, este decorat cu accente argintii \u0219i indicatoare cu acoperire luminescent\u0103.<\/p>\n<p>Pentru cei care apreciaz\u0103 luxul rafinat, acest ceas pentru femei Bulova va fi companionul ideal pentru fiecare zi.<\/p>","protected":false},"excerpt":{"rendered":"<p>Ceasurile pentru femei Bulova Surveyor, care se remarc\u0103 prin calitatea excep\u021bional\u0103 \u0219i estetica rafinat\u0103, sunt \u00eentruchiparea modernit\u0103\u021bii \u0219i au fost actualizate cu un cadran miniatural cu diametrul de 23 mm. Carcasa lustruit\u0103 din o\u021bel inoxidabil de culoare argintie, cu finisaj lustruit \u0219i mat, sticl\u0103 safir plat\u0103 \u0219i br\u0103\u021bar\u0103 potrivit\u0103 din o\u021bel inoxidabil de culoare argintie [&hellip;]<\/p>\n","protected":false},"featured_media":60977,"comment_status":"closed","ping_status":"open","template":"","meta":{"_acf_changed":false},"product_brand":[],"product_cat":[624,25],"product_tag":[],"class_list":{"0":"post-60976","1":"product","2":"type-product","3":"status-publish","4":"has-post-thumbnail","6":"product_cat-bulova","7":"product_cat-ceasuri-dama","8":"pa_brand-bulova","9":"pa_braslet-otel-inoxidabil","10":"pa_corpus-23-mm","11":"pa_forma-rotund","12":"pa_garatia-24-luni","13":"pa_korpus-argintiu","14":"pa_kvarc-quartz","15":"pa_material-otel-inoxidabil","16":"pa_mehanizm-quartz","17":"pa_remeshok-argintiu","18":"pa_steklo-cristal-safir","19":"pa_strana-sua","20":"pa_voda-3-atm","22":"first","23":"instock","24":"purchasable","25":"product-type-simple"},"acf":[],"_links":{"self":[{"href":"https:\/\/ceasuri.md\/ru\/wp-json\/wp\/v2\/product\/60976","targetHints":{"allow":["GET"]}}],"collection":[{"href":"https:\/\/ceasuri.md\/ru\/wp-json\/wp\/v2\/product"}],"about":[{"href":"https:\/\/ceasuri.md\/ru\/wp-json\/wp\/v2\/types\/product"}],"replies":[{"embeddable":true,"href":"https:\/\/ceasuri.md\/ru\/wp-json\/wp\/v2\/comments?post=60976"}],"wp:featuredmedia":[{"embeddable":true,"href":"https:\/\/ceasuri.md\/ru\/wp-json\/wp\/v2\/media\/60977"}],"wp:attachment":[{"href":"https:\/\/ceasuri.md\/ru\/wp-json\/wp\/v2\/media?parent=60976"}],"wp:term":[{"taxonomy":"product_brand","embeddable":true,"href":"https:\/\/ceasuri.md\/ru\/wp-json\/wp\/v2\/product_brand?post=60976"},{"taxonomy":"product_cat","embeddable":true,"href":"https:\/\/ceasuri.md\/ru\/wp-json\/wp\/v2\/product_cat?post=60976"},{"taxonomy":"product_tag","embeddable":true,"href":"https:\/\/ceasuri.md\/ru\/wp-json\/wp\/v2\/product_tag?post=60976"}],"curies":[{"name":"wp","href":"https:\/\/api.w.org\/{rel}","templated":true}]}}