{"id":60969,"date":"2025-10-21T08:01:29","date_gmt":"2025-10-21T05:01:29","guid":{"rendered":"http:\/\/new.ceasuri.md\/shop\/uncategorized\/bulova-classic-rubaiyat-le-97l182\/"},"modified":"2026-05-01T19:42:22","modified_gmt":"2026-05-01T16:42:22","slug":"bulova-classic-rubaiyat-le-97l182","status":"publish","type":"product","link":"https:\/\/ceasuri.md\/ru\/shop\/accesorii\/accesorii-dama\/coliere\/bulova-classic-rubaiyat-le-97l182\/","title":{"rendered":"\u0427\u0430\u0441\u044b BULOVA CLASSIC Rubaiyat LE 97L182"},"content":{"rendered":"<p>Noile ceasuri-pandantiv Art Deco Rubaiyat, lansate \u00eentr-o serie limitat\u0103, \u00ee\u0219i au r\u0103d\u0103cinile \u00een ceasurile-pandantiv Rubaiyat ale companiei Bulova de la \u00eenceputul secolului XX \u0219i \u00eentruchipeaz\u0103 bogata istorie a Bulova \u00eentr-un design universal, dedicat celei de-a 150-a anivers\u0103ri a companiei.<\/p>\n<p>Inspirat de designul Rubaiyat din 1919, acest elegant ceas-pandantiv are o carcas\u0103 octogonal\u0103 lustruit\u0103 din o\u021bel inoxidabil auriu, cu un model \u00een relief pe margine \u0219i un cabo\u0161on sintetic albastru pe coroana de la ora 12.<\/p>\n<p>Cadranul rafinat, protejat de sticl\u0103 de safir, este din sidef, cu indicatoare \u00een stil vintage \u0219i cifre arabe imprimate, iar pe capacul posterior al carcasei, cu num\u0103r individual, se afl\u0103 o imagine \u00een relief a zei\u021bei timpului.<\/p>\n<p>\u00cen spiritul predecesorului s\u0103u, carcasa suspendat\u0103 este fixat\u0103 pe un lan\u021b de 76 cm lungime, cu \u00eenchiz\u0103toare tip carabin\u0103, ceea ce permite purtarea ceasului ca accesoriu elegant la g\u00e2t, la \u00eencheietura m\u00e2inii sau la centur\u0103.<\/p>\n<p>Modern \u0219i vintage \u00een acela\u0219i timp, noul ceas-colier Bulova Rubaiyat este un accesoriu indispensabil pentru garderoba contemporan\u0103.<\/p>\n<p>Tirajul este limitat la 5000 de exemplare \u00een \u00eentreaga lume. Modelul este disponibil cu num\u0103rul N 0556.<\/p>","protected":false},"excerpt":{"rendered":"<p>Noile ceasuri-pandantiv Art Deco Rubaiyat, lansate \u00eentr-o serie limitat\u0103, \u00ee\u0219i au r\u0103d\u0103cinile \u00een ceasurile-pandantiv Rubaiyat ale companiei Bulova de la \u00eenceputul secolului XX \u0219i \u00eentruchipeaz\u0103 bogata istorie a Bulova \u00eentr-un design universal, dedicat celei de-a 150-a anivers\u0103ri a companiei. Inspirat de designul Rubaiyat din 1919, acest elegant ceas-pandantiv are o carcas\u0103 octogonal\u0103 lustruit\u0103 din o\u021bel [&hellip;]<\/p>\n","protected":false},"featured_media":60970,"comment_status":"closed","ping_status":"open","template":"","meta":{"_acf_changed":false},"product_brand":[],"product_cat":[624,25,583,205],"product_tag":[],"class_list":{"0":"post-60969","1":"product","2":"type-product","3":"status-publish","4":"has-post-thumbnail","6":"product_cat-bulova","7":"product_cat-ceasuri-dama","8":"product_cat-coliere","9":"product_cat-limited-edition","10":"pa_brand-bulova","11":"pa_braslet-otel-inoxidabil","12":"pa_corpus-25mm","13":"pa_forma-octogonala","14":"pa_funcii-limited-edition","15":"pa_garatia-24-luni","16":"pa_korpus-auriu","17":"pa_kvarc-quartz","18":"pa_material-otel-inoxidabil","19":"pa_mehanizm-quartz","20":"pa_remeshok-auriu","21":"pa_steklo-cristal-safir","22":"pa_strana-sua","23":"pa_voda-3-atm","25":"first","26":"instock","27":"purchasable","28":"product-type-simple"},"acf":[],"_links":{"self":[{"href":"https:\/\/ceasuri.md\/ru\/wp-json\/wp\/v2\/product\/60969","targetHints":{"allow":["GET"]}}],"collection":[{"href":"https:\/\/ceasuri.md\/ru\/wp-json\/wp\/v2\/product"}],"about":[{"href":"https:\/\/ceasuri.md\/ru\/wp-json\/wp\/v2\/types\/product"}],"replies":[{"embeddable":true,"href":"https:\/\/ceasuri.md\/ru\/wp-json\/wp\/v2\/comments?post=60969"}],"wp:featuredmedia":[{"embeddable":true,"href":"https:\/\/ceasuri.md\/ru\/wp-json\/wp\/v2\/media\/60970"}],"wp:attachment":[{"href":"https:\/\/ceasuri.md\/ru\/wp-json\/wp\/v2\/media?parent=60969"}],"wp:term":[{"taxonomy":"product_brand","embeddable":true,"href":"https:\/\/ceasuri.md\/ru\/wp-json\/wp\/v2\/product_brand?post=60969"},{"taxonomy":"product_cat","embeddable":true,"href":"https:\/\/ceasuri.md\/ru\/wp-json\/wp\/v2\/product_cat?post=60969"},{"taxonomy":"product_tag","embeddable":true,"href":"https:\/\/ceasuri.md\/ru\/wp-json\/wp\/v2\/product_tag?post=60969"}],"curies":[{"name":"wp","href":"https:\/\/api.w.org\/{rel}","templated":true}]}}