{"id":60957,"date":"2026-04-03T01:17:34","date_gmt":"2026-04-02T22:17:34","guid":{"rendered":"http:\/\/new.ceasuri.md\/shop\/uncategorized\/bulova-classic-goddess-of-time-97l185\/"},"modified":"2026-04-20T01:53:05","modified_gmt":"2026-04-19T22:53:05","slug":"bulova-classic-goddess-of-time-97l185","status":"publish","type":"product","link":"https:\/\/ceasuri.md\/ru\/shop\/branduri\/bulova\/bulova-classic-goddess-of-time-97l185\/","title":{"rendered":"\u0427\u0430\u0441\u044b BULOVA CLASSIC Goddess Of Time 97L185"},"content":{"rendered":"<p>\u00centoarce\u021bi-v\u0103 \u00een trecut, \u00een str\u0103lucitorii \u0219i glamourii ani &#8217;70, cu ceasul pentru femei Bulova Classic \u201eGoddess of Time\u201d.<\/p>\n<p>Inspirat de designul atemporal al ceasului vintage Bulova \u201eGoddess of Time\u201d, carcasa din o\u021bel inoxidabil de culoarea aurului roz are partea superioar\u0103 texturat\u0103 \u0219i o ram\u0103 lustruit\u0103 str\u0103lucitor, care se transform\u0103 treptat \u00eentr-o br\u0103\u021bar\u0103 texturat\u0103 din plas\u0103.<\/p>\n<p>Cadranul maro, protejat de sticl\u0103 de safir, cu dungi din ochi de tigru natural, este absolut unic \u0219i decorat cu indici aplicabili roz-aurii \u0219i ace corespunz\u0103toare, iar \u00eens\u0103\u0219i Zei\u021ba timpului Bulova este gravat\u0103 pe capacul din spate al carcasei cu un grad ridicat de detaliere.<\/p>\n<p>Sim\u021bi\u021bi-v\u0103 cu adev\u0103rat divin\u0103 cu acest ceas Bulova uimitor pentru femei.<\/p>","protected":false},"excerpt":{"rendered":"<p>\u00centoarce\u021bi-v\u0103 \u00een trecut, \u00een str\u0103lucitorii \u0219i glamourii ani &#8217;70, cu ceasul pentru femei Bulova Classic \u201eGoddess of Time\u201d. Inspirat de designul atemporal al ceasului vintage Bulova \u201eGoddess of Time\u201d, carcasa din o\u021bel inoxidabil de culoarea aurului roz are partea superioar\u0103 texturat\u0103 \u0219i o ram\u0103 lustruit\u0103 str\u0103lucitor, care se transform\u0103 treptat \u00eentr-o br\u0103\u021bar\u0103 texturat\u0103 din plas\u0103. [&hellip;]<\/p>\n","protected":false},"featured_media":60958,"comment_status":"closed","ping_status":"open","template":"","meta":{"_acf_changed":false},"product_brand":[],"product_cat":[624,25],"product_tag":[],"class_list":{"0":"post-60957","1":"product","2":"type-product","3":"status-publish","4":"has-post-thumbnail","6":"product_cat-bulova","7":"product_cat-ceasuri-dama","8":"pa_brand-bulova","9":"pa_braslet-otel-inoxidabil","10":"pa_corpus-17-mm","11":"pa_forma-butoi","12":"pa_garatia-24-luni","13":"pa_korpus-roz-gold","14":"pa_kvarc-quartz","15":"pa_material-otel-inoxidabil","16":"pa_mehanizm-quartz","17":"pa_remeshok-roz-gold","18":"pa_steklo-cristal-safir","19":"pa_strana-sua","20":"pa_voda-3-atm","22":"first","23":"instock","24":"purchasable","25":"product-type-simple"},"acf":[],"_links":{"self":[{"href":"https:\/\/ceasuri.md\/ru\/wp-json\/wp\/v2\/product\/60957","targetHints":{"allow":["GET"]}}],"collection":[{"href":"https:\/\/ceasuri.md\/ru\/wp-json\/wp\/v2\/product"}],"about":[{"href":"https:\/\/ceasuri.md\/ru\/wp-json\/wp\/v2\/types\/product"}],"replies":[{"embeddable":true,"href":"https:\/\/ceasuri.md\/ru\/wp-json\/wp\/v2\/comments?post=60957"}],"wp:featuredmedia":[{"embeddable":true,"href":"https:\/\/ceasuri.md\/ru\/wp-json\/wp\/v2\/media\/60958"}],"wp:attachment":[{"href":"https:\/\/ceasuri.md\/ru\/wp-json\/wp\/v2\/media?parent=60957"}],"wp:term":[{"taxonomy":"product_brand","embeddable":true,"href":"https:\/\/ceasuri.md\/ru\/wp-json\/wp\/v2\/product_brand?post=60957"},{"taxonomy":"product_cat","embeddable":true,"href":"https:\/\/ceasuri.md\/ru\/wp-json\/wp\/v2\/product_cat?post=60957"},{"taxonomy":"product_tag","embeddable":true,"href":"https:\/\/ceasuri.md\/ru\/wp-json\/wp\/v2\/product_tag?post=60957"}],"curies":[{"name":"wp","href":"https:\/\/api.w.org\/{rel}","templated":true}]}}