{"id":60941,"date":"2026-04-03T01:17:34","date_gmt":"2026-04-02T22:17:34","guid":{"rendered":"http:\/\/new.ceasuri.md\/shop\/uncategorized\/bulova-archive-lunar-pilot-budii-le-98a329-set\/"},"modified":"2026-04-20T01:53:05","modified_gmt":"2026-04-19T22:53:05","slug":"bulova-archive-lunar-pilot-budii-le-98a329-set","status":"publish","type":"product","link":"https:\/\/ceasuri.md\/ru\/shop\/branduri\/bulova\/bulova-archive-lunar-pilot-budii-le-98a329-set\/","title":{"rendered":"\u0427\u0430\u0441\u044b BULOVA ARCHIVE Lunar Pilot &#8222;Budii&#8221; LE 98A329 SET"},"content":{"rendered":"<p>Bulova Lunar Pilot \u201eBudii\u201d \u2014 serie limitat\u0103, lansat\u0103 \u00een onoarea a 150 de ani de existen\u021b\u0103 a m\u0103rcii. Aceast\u0103 interpretare \u00eendr\u0103znea\u021b\u0103 a cronografului cult a fost creat\u0103 \u00een colaborare cu artistul brazilian Thiago Rosinhola, cunoscut pentru figurinele sale Budii.<\/p>\n<p>Seria limitat\u0103 impresioneaz\u0103 prin cadranul special din titan, prelucrat \u00een tehnica o\u021belului damascen pentru a ob\u021bine un model stratificat tipic. Cadranul albastru Timascus este completat de o scal\u0103 tahimetric\u0103 albastr\u0103 \u0219i butoane cronometru de aceea\u0219i culoare. Cadranele suplimentare argintii asigur\u0103 un contrast excelent.<\/p>\n<p>Aceste ceasuri sunt o versiune redus\u0103 a modelelor foarte populare Lunar Pilot. Acestea impresioneaz\u0103 nu numai prin designul \u0219i m\u0103iestria execu\u021biei, ci \u0219i, mai ales, prin referin\u021ba la anul 1875, anul \u00eenfiin\u021b\u0103rii brandului Bulova, \u0219i la anul 1971, c\u00e2nd astronautul David Scott a folosit propriul ceas Bulova Chronograph \u00een timpul misiunii Apollo 15.<\/p>\n<p>Carcasa este fabricat\u0103 din o\u021bel inoxidabil, iar designul s\u0103u se bazeaz\u0103 pe legendarul cronograf Bulova al lui David Scott. \u00cen interior este instalat un mecanism cu cuar\u021b NP20 puternic \u0219i de \u00eenalt\u0103 precizie, care func\u021bioneaz\u0103 la o frecven\u021b\u0103 de 262 kHz. Acest mecanism este, de asemenea, echipat cu func\u021bia de cronometru.<\/p>\n<p>Cadranul unic este protejat de un sticl\u0103 safir plat\u0103 cu strat antireflex, datorit\u0103 c\u0103reia pute\u021bi conta pe o lizibilitate excelent\u0103 chiar \u0219i \u00een lumina soarelui puternic\u0103. Ceasul are o br\u0103\u021bar\u0103 din o\u021bel cu trei r\u00e2nduri \u0219i \u00eenchiz\u0103toare tip fluture. Modelul este rezistent la ap\u0103 p\u00e2n\u0103 la 50 m.<\/p>\n<p>Ceasul este livrat \u00eentr-un ambalaj special, care include o figurin\u0103 de 15 cm a astronautului Budii cu autograf, special conceput\u0103 de Rosinhol.<\/p>\n<p>Seria limitat\u0103 a fost lansat\u0103 \u00eentr-un tiraj de 5500 de exemplare. Sunt disponibile modelele cu N 1659, 2082.<\/p>","protected":false},"excerpt":{"rendered":"<p>Bulova Lunar Pilot \u201eBudii\u201d \u2014 serie limitat\u0103, lansat\u0103 \u00een onoarea a 150 de ani de existen\u021b\u0103 a m\u0103rcii. Aceast\u0103 interpretare \u00eendr\u0103znea\u021b\u0103 a cronografului cult a fost creat\u0103 \u00een colaborare cu artistul brazilian Thiago Rosinhola, cunoscut pentru figurinele sale Budii. Seria limitat\u0103 impresioneaz\u0103 prin cadranul special din titan, prelucrat \u00een tehnica o\u021belului damascen pentru a ob\u021bine [&hellip;]<\/p>\n","protected":false},"featured_media":60942,"comment_status":"closed","ping_status":"open","template":"","meta":{"_acf_changed":false},"product_brand":[],"product_cat":[624,20,106,205],"product_tag":[],"class_list":{"0":"post-60941","1":"product","2":"type-product","3":"status-publish","4":"has-post-thumbnail","6":"product_cat-bulova","7":"product_cat-ceasuri-barbati","8":"product_cat-ceasuri-premium","9":"product_cat-limited-edition","10":"pa_brand-bulova","11":"pa_braslet-otel-inoxidabil","12":"pa_corpus-44-mm","13":"pa_forma-rotund","14":"pa_funcii-cronograf","15":"pa_funcii-limited-edition","16":"pa_funcii-set-cadou","17":"pa_funcii-tahimetru","18":"pa_garatia-24-luni","19":"pa_korpus-bicolor","20":"pa_kvarc-quartz","21":"pa_material-otel-inoxidabil","22":"pa_mehanizm-quartz","23":"pa_remeshok-argintiu","24":"pa_steklo-cristal-safir","25":"pa_strana-sua","26":"pa_voda-5-atm","28":"first","29":"instock","30":"purchasable","31":"product-type-simple"},"acf":[],"_links":{"self":[{"href":"https:\/\/ceasuri.md\/ru\/wp-json\/wp\/v2\/product\/60941","targetHints":{"allow":["GET"]}}],"collection":[{"href":"https:\/\/ceasuri.md\/ru\/wp-json\/wp\/v2\/product"}],"about":[{"href":"https:\/\/ceasuri.md\/ru\/wp-json\/wp\/v2\/types\/product"}],"replies":[{"embeddable":true,"href":"https:\/\/ceasuri.md\/ru\/wp-json\/wp\/v2\/comments?post=60941"}],"wp:featuredmedia":[{"embeddable":true,"href":"https:\/\/ceasuri.md\/ru\/wp-json\/wp\/v2\/media\/60942"}],"wp:attachment":[{"href":"https:\/\/ceasuri.md\/ru\/wp-json\/wp\/v2\/media?parent=60941"}],"wp:term":[{"taxonomy":"product_brand","embeddable":true,"href":"https:\/\/ceasuri.md\/ru\/wp-json\/wp\/v2\/product_brand?post=60941"},{"taxonomy":"product_cat","embeddable":true,"href":"https:\/\/ceasuri.md\/ru\/wp-json\/wp\/v2\/product_cat?post=60941"},{"taxonomy":"product_tag","embeddable":true,"href":"https:\/\/ceasuri.md\/ru\/wp-json\/wp\/v2\/product_tag?post=60941"}],"curies":[{"name":"wp","href":"https:\/\/api.w.org\/{rel}","templated":true}]}}