{"id":60931,"date":"2026-04-03T01:17:34","date_gmt":"2026-04-02T22:17:34","guid":{"rendered":"http:\/\/new.ceasuri.md\/shop\/uncategorized\/bulova-racing-shelby-le-98b452-set\/"},"modified":"2026-04-20T01:53:05","modified_gmt":"2026-04-19T22:53:05","slug":"bulova-racing-shelby-le-98b452-set","status":"publish","type":"product","link":"https:\/\/ceasuri.md\/ru\/shop\/branduri\/bulova\/bulova-racing-shelby-le-98b452-set\/","title":{"rendered":"\u0427\u0430\u0441\u044b BULOVA RACING Shelby LE 98B452 SET"},"content":{"rendered":"<p>Aceste ceasuri captivante din serie limitat\u0103 au fost create \u00een colaborare cu personalizatorul de ma\u0219ini Carroll Shelby, pentru a s\u0103rb\u0103tori 150 de ani de existen\u021b\u0103 a m\u0103rcii.<\/p>\n<p>Culorile principale ale ceasului provin de la culorile albastre \u0219i albe caracteristice Shelby, care pun \u00een eviden\u021b\u0103 cadranul \u0219i cureaua din cauciuc.<\/p>\n<p>Carcasa \u00een form\u0103 de cap de taur este inspirat\u0103 de puterea modelului Shelby Ford Mustang GT500 din 1967 \u0219i de liniile sale aerodinamice.<\/p>\n<p>\u00cen cele din urm\u0103, logo-ul Shelby este amplasat pe cadran \u00een pozi\u021bia \u201eora 3\u201d. Cadranul este protejat de sticl\u0103 de safir. Ceasul este rezistent la ap\u0103 p\u00e2n\u0103 la 5 ATM.<\/p>\n<p>Ceasul este echipat cu o func\u021bie de cronograf cu o precizie uimitoare de 1\/1000 de secund\u0103, care func\u021bioneaz\u0103 pe mecanismul cu cuar\u021b Precisionist de la Bulova.<\/p>\n<p>Fiecare dintre cele 7500 de exemplare are un num\u0103r individual pe capacul din spate, cu semn\u0103tura Shelby. Modelul este disponibil cu N 2426.<\/p>\n<p>Ceasul este livrat \u00eentr-o cutie din serie limitat\u0103, care con\u021bine un model GT500 turnat sub presiune la scara 1:24.<\/p>","protected":false},"excerpt":{"rendered":"<p>Aceste ceasuri captivante din serie limitat\u0103 au fost create \u00een colaborare cu personalizatorul de ma\u0219ini Carroll Shelby, pentru a s\u0103rb\u0103tori 150 de ani de existen\u021b\u0103 a m\u0103rcii. Culorile principale ale ceasului provin de la culorile albastre \u0219i albe caracteristice Shelby, care pun \u00een eviden\u021b\u0103 cadranul \u0219i cureaua din cauciuc. Carcasa \u00een form\u0103 de cap de [&hellip;]<\/p>\n","protected":false},"featured_media":60932,"comment_status":"closed","ping_status":"open","template":"","meta":{"_acf_changed":false},"product_brand":[],"product_cat":[624,20,106,205],"product_tag":[],"class_list":{"0":"post-60931","1":"product","2":"type-product","3":"status-publish","4":"has-post-thumbnail","6":"product_cat-bulova","7":"product_cat-ceasuri-barbati","8":"product_cat-ceasuri-premium","9":"product_cat-limited-edition","10":"pa_brand-bulova","11":"pa_braslet-cauciuc","12":"pa_corpus-43-mm","13":"pa_forma-atipica","14":"pa_funcii-cronograf","15":"pa_funcii-data","16":"pa_funcii-limited-edition","17":"pa_funcii-set-cadou","18":"pa_funcii-tahimetru","19":"pa_garatia-24-luni","20":"pa_korpus-argintiu","21":"pa_kvarc-quartz","22":"pa_material-otel-inoxidabil","23":"pa_mehanizm-quartz","24":"pa_remeshok-bicolor","25":"pa_steklo-cristal-safir","26":"pa_strana-sua","27":"pa_voda-5-atm","29":"first","30":"instock","31":"purchasable","32":"product-type-simple"},"acf":[],"_links":{"self":[{"href":"https:\/\/ceasuri.md\/ru\/wp-json\/wp\/v2\/product\/60931","targetHints":{"allow":["GET"]}}],"collection":[{"href":"https:\/\/ceasuri.md\/ru\/wp-json\/wp\/v2\/product"}],"about":[{"href":"https:\/\/ceasuri.md\/ru\/wp-json\/wp\/v2\/types\/product"}],"replies":[{"embeddable":true,"href":"https:\/\/ceasuri.md\/ru\/wp-json\/wp\/v2\/comments?post=60931"}],"wp:featuredmedia":[{"embeddable":true,"href":"https:\/\/ceasuri.md\/ru\/wp-json\/wp\/v2\/media\/60932"}],"wp:attachment":[{"href":"https:\/\/ceasuri.md\/ru\/wp-json\/wp\/v2\/media?parent=60931"}],"wp:term":[{"taxonomy":"product_brand","embeddable":true,"href":"https:\/\/ceasuri.md\/ru\/wp-json\/wp\/v2\/product_brand?post=60931"},{"taxonomy":"product_cat","embeddable":true,"href":"https:\/\/ceasuri.md\/ru\/wp-json\/wp\/v2\/product_cat?post=60931"},{"taxonomy":"product_tag","embeddable":true,"href":"https:\/\/ceasuri.md\/ru\/wp-json\/wp\/v2\/product_tag?post=60931"}],"curies":[{"name":"wp","href":"https:\/\/api.w.org\/{rel}","templated":true}]}}