{"id":60926,"date":"2026-04-03T01:17:34","date_gmt":"2026-04-02T22:17:34","guid":{"rendered":"http:\/\/new.ceasuri.md\/shop\/uncategorized\/michael-kors-hally-mk4921\/"},"modified":"2026-04-20T01:53:57","modified_gmt":"2026-04-19T22:53:57","slug":"michael-kors-hally-mk4921","status":"publish","type":"product","link":"https:\/\/ceasuri.md\/ru\/shop\/branduri\/michael-kors\/michael-kors-hally-mk4921\/","title":{"rendered":"\u0427\u0430\u0441\u044b MICHAEL KORS HALLY MK4921"},"content":{"rendered":"<p>Ceasurile miniaturale Hally se disting prin carcasa unic\u0103 \u0219i br\u0103\u021bara-lan\u021b \u00een relief.<\/p>\n<p>Realizate din o\u021bel inoxidabil auriu, acestea sunt decorate cu cristale pe cadran, care le confer\u0103 un str\u0103lucire discret\u0103.<\/p>\n<p>Silueta alungit\u0103 va completa perfect \u021binuta de sear\u0103 sau va ad\u0103uga un plus de lux \u021binutei dvs. de zi cu zi.<\/p>","protected":false},"excerpt":{"rendered":"<p>Ceasurile miniaturale Hally se disting prin carcasa unic\u0103 \u0219i br\u0103\u021bara-lan\u021b \u00een relief. Realizate din o\u021bel inoxidabil auriu, acestea sunt decorate cu cristale pe cadran, care le confer\u0103 un str\u0103lucire discret\u0103. Silueta alungit\u0103 va completa perfect \u021binuta de sear\u0103 sau va ad\u0103uga un plus de lux \u021binutei dvs. de zi cu zi.<\/p>","protected":false},"featured_media":60927,"comment_status":"closed","ping_status":"open","template":"","meta":{"_acf_changed":false},"product_brand":[],"product_cat":[25,616],"product_tag":[],"class_list":{"0":"post-60926","1":"product","2":"type-product","3":"status-publish","4":"has-post-thumbnail","6":"product_cat-ceasuri-dama","7":"product_cat-michael-kors","8":"pa_brand-michael-kors","9":"pa_braslet-otel-inoxidabil","10":"pa_corpus-21-mm","11":"pa_decor-cristale-swarowski","12":"pa_forma-dreptunghiular","13":"pa_garatia-24-luni","14":"pa_korpus-auriu","15":"pa_kvarc-quartz","16":"pa_material-otel-inoxidabil","17":"pa_mehanizm-quartz","18":"pa_remeshok-auriu","19":"pa_steklo-cristal-mineral","20":"pa_strana-sua","21":"pa_voda-5-atm","23":"first","24":"instock","25":"purchasable","26":"product-type-simple"},"acf":[],"_links":{"self":[{"href":"https:\/\/ceasuri.md\/ru\/wp-json\/wp\/v2\/product\/60926","targetHints":{"allow":["GET"]}}],"collection":[{"href":"https:\/\/ceasuri.md\/ru\/wp-json\/wp\/v2\/product"}],"about":[{"href":"https:\/\/ceasuri.md\/ru\/wp-json\/wp\/v2\/types\/product"}],"replies":[{"embeddable":true,"href":"https:\/\/ceasuri.md\/ru\/wp-json\/wp\/v2\/comments?post=60926"}],"wp:featuredmedia":[{"embeddable":true,"href":"https:\/\/ceasuri.md\/ru\/wp-json\/wp\/v2\/media\/60927"}],"wp:attachment":[{"href":"https:\/\/ceasuri.md\/ru\/wp-json\/wp\/v2\/media?parent=60926"}],"wp:term":[{"taxonomy":"product_brand","embeddable":true,"href":"https:\/\/ceasuri.md\/ru\/wp-json\/wp\/v2\/product_brand?post=60926"},{"taxonomy":"product_cat","embeddable":true,"href":"https:\/\/ceasuri.md\/ru\/wp-json\/wp\/v2\/product_cat?post=60926"},{"taxonomy":"product_tag","embeddable":true,"href":"https:\/\/ceasuri.md\/ru\/wp-json\/wp\/v2\/product_tag?post=60926"}],"curies":[{"name":"wp","href":"https:\/\/api.w.org\/{rel}","templated":true}]}}