{"id":60921,"date":"2025-10-09T15:38:48","date_gmt":"2025-10-09T12:38:48","guid":{"rendered":"http:\/\/new.ceasuri.md\/shop\/uncategorized\/michael-kors-hally-mk4922\/"},"modified":"2026-05-01T19:42:08","modified_gmt":"2026-05-01T16:42:08","slug":"michael-kors-hally-mk4922","status":"publish","type":"product","link":"https:\/\/ceasuri.md\/ru\/shop\/branduri\/michael-kors\/michael-kors-hally-mk4922\/","title":{"rendered":"\u0427\u0430\u0441\u044b MICHAEL KORS HALLY MK4922"},"content":{"rendered":"<p>Ceasurile miniaturale Hally se disting prin silueta alungit\u0103 \u0219i br\u0103\u021bara sculptural\u0103 cu lan\u021b.<\/p>\n<p>Carcasa din o\u021bel inoxidabil este complet acoperit\u0103 cu cristale pav\u00e9, ceea ce le face s\u0103 fie o bijuterie orbitor de frumoas\u0103, care poate fi purtat\u0103 cu o rochie neagr\u0103 mic\u0103 seara sau cu o bluz\u0103 de m\u0103tase pentru a crea un look rafinat \u00een timpul zilei.<\/p>","protected":false},"excerpt":{"rendered":"<p>Ceasurile miniaturale Hally se disting prin silueta alungit\u0103 \u0219i br\u0103\u021bara sculptural\u0103 cu lan\u021b. Carcasa din o\u021bel inoxidabil este complet acoperit\u0103 cu cristale pav\u00e9, ceea ce le face s\u0103 fie o bijuterie orbitor de frumoas\u0103, care poate fi purtat\u0103 cu o rochie neagr\u0103 mic\u0103 seara sau cu o bluz\u0103 de m\u0103tase pentru a crea un look [&hellip;]<\/p>\n","protected":false},"featured_media":60922,"comment_status":"closed","ping_status":"open","template":"","meta":{"_acf_changed":false},"product_brand":[],"product_cat":[25,616],"product_tag":[],"class_list":{"0":"post-60921","1":"product","2":"type-product","3":"status-publish","4":"has-post-thumbnail","6":"product_cat-ceasuri-dama","7":"product_cat-michael-kors","8":"pa_brand-michael-kors","9":"pa_braslet-otel-inoxidabil","10":"pa_corpus-21-mm","11":"pa_decor-cristale-swarowski","12":"pa_forma-dreptunghiular","13":"pa_garatia-24-luni","14":"pa_korpus-argintiu","15":"pa_kvarc-quartz","16":"pa_material-otel-inoxidabil","17":"pa_mehanizm-quartz","18":"pa_remeshok-argintiu","19":"pa_steklo-cristal-mineral","20":"pa_strana-sua","21":"pa_voda-5-atm","23":"first","24":"instock","25":"purchasable","26":"product-type-simple"},"acf":[],"_links":{"self":[{"href":"https:\/\/ceasuri.md\/ru\/wp-json\/wp\/v2\/product\/60921","targetHints":{"allow":["GET"]}}],"collection":[{"href":"https:\/\/ceasuri.md\/ru\/wp-json\/wp\/v2\/product"}],"about":[{"href":"https:\/\/ceasuri.md\/ru\/wp-json\/wp\/v2\/types\/product"}],"replies":[{"embeddable":true,"href":"https:\/\/ceasuri.md\/ru\/wp-json\/wp\/v2\/comments?post=60921"}],"wp:featuredmedia":[{"embeddable":true,"href":"https:\/\/ceasuri.md\/ru\/wp-json\/wp\/v2\/media\/60922"}],"wp:attachment":[{"href":"https:\/\/ceasuri.md\/ru\/wp-json\/wp\/v2\/media?parent=60921"}],"wp:term":[{"taxonomy":"product_brand","embeddable":true,"href":"https:\/\/ceasuri.md\/ru\/wp-json\/wp\/v2\/product_brand?post=60921"},{"taxonomy":"product_cat","embeddable":true,"href":"https:\/\/ceasuri.md\/ru\/wp-json\/wp\/v2\/product_cat?post=60921"},{"taxonomy":"product_tag","embeddable":true,"href":"https:\/\/ceasuri.md\/ru\/wp-json\/wp\/v2\/product_tag?post=60921"}],"curies":[{"name":"wp","href":"https:\/\/api.w.org\/{rel}","templated":true}]}}