{"id":60916,"date":"2025-10-09T15:38:47","date_gmt":"2025-10-09T12:38:47","guid":{"rendered":"http:\/\/new.ceasuri.md\/shop\/uncategorized\/michael-kors-lexington-mk4924\/"},"modified":"2026-05-01T19:42:06","modified_gmt":"2026-05-01T16:42:06","slug":"michael-kors-lexington-mk4924","status":"publish","type":"product","link":"https:\/\/ceasuri.md\/ru\/shop\/branduri\/michael-kors\/michael-kors-lexington-mk4924\/","title":{"rendered":"\u0427\u0430\u0441\u044b MICHAEL KORS LEXINGTON MK4924"},"content":{"rendered":"<p>Ceasul miniatural Lexington fascineaz\u0103 prin luneta str\u0103lucitoare cu pav\u00e9 \u0219i cadranul intens verde smarald cu cifre romane aurii.<\/p>\n<p>Cadranul este protejat de sticl\u0103 mineral\u0103.<\/p>\n<p>Carcasa din o\u021bel inoxidabil auriu cu br\u0103\u021bar\u0103 clasic\u0103 cu trei zale va ad\u0103uga o not\u0103 de glamour at\u00e2t \u021binutei de zi, c\u00e2t \u0219i celei de sear\u0103.<\/p>","protected":false},"excerpt":{"rendered":"<p>Ceasul miniatural Lexington fascineaz\u0103 prin luneta str\u0103lucitoare cu pav\u00e9 \u0219i cadranul intens verde smarald cu cifre romane aurii. Cadranul este protejat de sticl\u0103 mineral\u0103. Carcasa din o\u021bel inoxidabil auriu cu br\u0103\u021bar\u0103 clasic\u0103 cu trei zale va ad\u0103uga o not\u0103 de glamour at\u00e2t \u021binutei de zi, c\u00e2t \u0219i celei de sear\u0103.<\/p>","protected":false},"featured_media":60917,"comment_status":"closed","ping_status":"open","template":"","meta":{"_acf_changed":false},"product_brand":[],"product_cat":[25,616],"product_tag":[],"class_list":{"0":"post-60916","1":"product","2":"type-product","3":"status-publish","4":"has-post-thumbnail","6":"product_cat-ceasuri-dama","7":"product_cat-michael-kors","8":"pa_brand-michael-kors","9":"pa_braslet-otel-inoxidabil","10":"pa_corpus-33-mm","11":"pa_decor-cristale-swarowski","12":"pa_forma-rotund","13":"pa_funcii-data","14":"pa_funcii-ziua-saptamanii","15":"pa_garatia-24-luni","16":"pa_korpus-auriu","17":"pa_kvarc-quartz","18":"pa_material-otel-inoxidabil","19":"pa_mehanizm-quartz","20":"pa_remeshok-auriu","21":"pa_steklo-cristal-mineral","22":"pa_strana-sua","23":"pa_voda-10-atm","25":"first","26":"instock","27":"purchasable","28":"product-type-simple"},"acf":[],"_links":{"self":[{"href":"https:\/\/ceasuri.md\/ru\/wp-json\/wp\/v2\/product\/60916","targetHints":{"allow":["GET"]}}],"collection":[{"href":"https:\/\/ceasuri.md\/ru\/wp-json\/wp\/v2\/product"}],"about":[{"href":"https:\/\/ceasuri.md\/ru\/wp-json\/wp\/v2\/types\/product"}],"replies":[{"embeddable":true,"href":"https:\/\/ceasuri.md\/ru\/wp-json\/wp\/v2\/comments?post=60916"}],"wp:featuredmedia":[{"embeddable":true,"href":"https:\/\/ceasuri.md\/ru\/wp-json\/wp\/v2\/media\/60917"}],"wp:attachment":[{"href":"https:\/\/ceasuri.md\/ru\/wp-json\/wp\/v2\/media?parent=60916"}],"wp:term":[{"taxonomy":"product_brand","embeddable":true,"href":"https:\/\/ceasuri.md\/ru\/wp-json\/wp\/v2\/product_brand?post=60916"},{"taxonomy":"product_cat","embeddable":true,"href":"https:\/\/ceasuri.md\/ru\/wp-json\/wp\/v2\/product_cat?post=60916"},{"taxonomy":"product_tag","embeddable":true,"href":"https:\/\/ceasuri.md\/ru\/wp-json\/wp\/v2\/product_tag?post=60916"}],"curies":[{"name":"wp","href":"https:\/\/api.w.org\/{rel}","templated":true}]}}