{"id":60911,"date":"2026-04-03T01:16:29","date_gmt":"2026-04-02T22:16:29","guid":{"rendered":"http:\/\/new.ceasuri.md\/shop\/uncategorized\/michael-kors-lexington-mk4925\/"},"modified":"2026-04-20T01:53:58","modified_gmt":"2026-04-19T22:53:58","slug":"michael-kors-lexington-mk4925","status":"publish","type":"product","link":"https:\/\/ceasuri.md\/ru\/shop\/branduri\/michael-kors\/michael-kors-lexington-mk4925\/","title":{"rendered":"Ceas MICHAEL KORS LEXINGTON MK4925"},"content":{"rendered":"<p>Michael Kors Lexington este un ceas elegant pentru femei, cu un design \u00een dou\u0103 culori: carcasa \u0219i br\u0103\u021bara din o\u021bel combin\u0103 elemente argintii \u0219i aurii, care contrasteaz\u0103 cu cadranul negru.<\/p>\n<p>Modelul este echipat cu un mecanism cu cuar\u021b \u0219i sticl\u0103 mineral\u0103.<\/p>\n<p>Rezisten\u021ba la ap\u0103 p\u00e2n\u0103 la 100 de metri permite \u00eenotul la suprafa\u021b\u0103, ceea ce face ceasul practic pentru utilizarea zilnic\u0103.<\/p>","protected":false},"excerpt":{"rendered":"<p>Michael Kors Lexington este un ceas elegant pentru femei, cu un design \u00een dou\u0103 culori: carcasa \u0219i br\u0103\u021bara din o\u021bel combin\u0103 elemente argintii \u0219i aurii, care contrasteaz\u0103 cu cadranul negru. Modelul este echipat cu un mecanism cu cuar\u021b \u0219i sticl\u0103 mineral\u0103. Rezisten\u021ba la ap\u0103 p\u00e2n\u0103 la 100 de metri permite \u00eenotul la suprafa\u021b\u0103, ceea ce [&hellip;]<\/p>\n","protected":false},"featured_media":60912,"comment_status":"closed","ping_status":"open","template":"","meta":{"_acf_changed":false},"product_brand":[],"product_cat":[25,616],"product_tag":[],"class_list":{"0":"post-60911","1":"product","2":"type-product","3":"status-publish","4":"has-post-thumbnail","6":"product_cat-ceasuri-dama","7":"product_cat-michael-kors","8":"pa_brand-michael-kors","9":"pa_braslet-otel-inoxidabil","10":"pa_corpus-33-mm","11":"pa_decor-cristale-swarowski","12":"pa_forma-rotund","13":"pa_funcii-data","14":"pa_funcii-ziua-saptamanii","15":"pa_garatia-24-luni","16":"pa_korpus-bicolor","17":"pa_kvarc-quartz","18":"pa_material-otel-inoxidabil","19":"pa_mehanizm-quartz","20":"pa_remeshok-bicolor","21":"pa_steklo-cristal-mineral","22":"pa_strana-sua","23":"pa_voda-10-atm","25":"first","26":"instock","27":"purchasable","28":"product-type-simple"},"acf":[],"_links":{"self":[{"href":"https:\/\/ceasuri.md\/ru\/wp-json\/wp\/v2\/product\/60911","targetHints":{"allow":["GET"]}}],"collection":[{"href":"https:\/\/ceasuri.md\/ru\/wp-json\/wp\/v2\/product"}],"about":[{"href":"https:\/\/ceasuri.md\/ru\/wp-json\/wp\/v2\/types\/product"}],"replies":[{"embeddable":true,"href":"https:\/\/ceasuri.md\/ru\/wp-json\/wp\/v2\/comments?post=60911"}],"wp:featuredmedia":[{"embeddable":true,"href":"https:\/\/ceasuri.md\/ru\/wp-json\/wp\/v2\/media\/60912"}],"wp:attachment":[{"href":"https:\/\/ceasuri.md\/ru\/wp-json\/wp\/v2\/media?parent=60911"}],"wp:term":[{"taxonomy":"product_brand","embeddable":true,"href":"https:\/\/ceasuri.md\/ru\/wp-json\/wp\/v2\/product_brand?post=60911"},{"taxonomy":"product_cat","embeddable":true,"href":"https:\/\/ceasuri.md\/ru\/wp-json\/wp\/v2\/product_cat?post=60911"},{"taxonomy":"product_tag","embeddable":true,"href":"https:\/\/ceasuri.md\/ru\/wp-json\/wp\/v2\/product_tag?post=60911"}],"curies":[{"name":"wp","href":"https:\/\/api.w.org\/{rel}","templated":true}]}}