{"id":60906,"date":"2026-04-03T01:16:29","date_gmt":"2026-04-02T22:16:29","guid":{"rendered":"http:\/\/new.ceasuri.md\/shop\/uncategorized\/michael-kors-izzy-mk4929\/"},"modified":"2026-04-07T05:08:52","modified_gmt":"2026-04-07T02:08:52","slug":"michael-kors-izzy-mk4929","status":"publish","type":"product","link":"https:\/\/ceasuri.md\/ru\/shop\/branduri\/michael-kors\/michael-kors-izzy-mk4929\/","title":{"rendered":"Ceas MICHAEL KORS IZZY MK4929"},"content":{"rendered":"<p>Ceasurile elegante pentru femei MICHAEL KORS sunt accesoriul perfect pentru cei care apreciaz\u0103 armonia dintre stil \u0219i func\u021bionalitate. Modelul este realizat \u00een stilul caracteristic al m\u0103rcii: carcasa rafinat\u0103, cu contururi fluide, este decorat\u0103 cu accente delicate, cre\u00e2nd un look care se adapteaz\u0103 cu u\u0219urin\u021b\u0103 at\u00e2t \u021binutelor de zi cu zi, c\u00e2t \u0219i celor de sear\u0103.<\/p>\n<p>Carcasa este fabricat\u0103 din o\u021bel inoxidabil rezistent, cu un strat de acoperire auriu, rezistent la factorii externi. Br\u0103\u021bara impecabil lustruit\u0103 confer\u0103 ceasului un aspect luxos. \u00cenchiz\u0103toarea confortabil\u0103 asigur\u0103 o potrivire confortabil\u0103 pe \u00eencheietura m\u00e2inii \u0219i siguran\u021b\u0103 la purtarea zilnic\u0103.<\/p>\n<p>Cadranul are un design minimalist: marcajele elegante \u0219i acul sub\u021bire asigur\u0103 o citire u\u0219oar\u0103 a orei \u0219i subliniaz\u0103 caracterul premium al modelului.<\/p>\n<p>Mecanismul cu cuar\u021b fiabil garanteaz\u0103 precizia mersului, iar sticla mineral\u0103 de calitate protejeaz\u0103 cadranul de deterior\u0103ri.<\/p>\n<p>MICHAEL KORS este o combina\u021bie de design la mod\u0103, fiabilitate \u0219i versatilitate. Un accesoriu elegant, care va deveni un accent luminos \u00een colec\u021bia dvs. \u0219i v\u0103 va sublinia individualitatea.<\/p>","protected":false},"excerpt":{"rendered":"<p>Ceasurile elegante pentru femei MICHAEL KORS sunt accesoriul perfect pentru cei care apreciaz\u0103 armonia dintre stil \u0219i func\u021bionalitate. Modelul este realizat \u00een stilul caracteristic al m\u0103rcii: carcasa rafinat\u0103, cu contururi fluide, este decorat\u0103 cu accente delicate, cre\u00e2nd un look care se adapteaz\u0103 cu u\u0219urin\u021b\u0103 at\u00e2t \u021binutelor de zi cu zi, c\u00e2t \u0219i celor de sear\u0103. [&hellip;]<\/p>\n","protected":false},"featured_media":60907,"comment_status":"closed","ping_status":"open","template":"","meta":{"_acf_changed":false},"product_brand":[],"product_cat":[25,616],"product_tag":[],"class_list":{"0":"post-60906","1":"product","2":"type-product","3":"status-publish","4":"has-post-thumbnail","6":"product_cat-ceasuri-dama","7":"product_cat-michael-kors","8":"pa_brand-michael-kors","9":"pa_braslet-otel-inoxidabil","10":"pa_corpus-28-mm","11":"pa_forma-rotund","12":"pa_garatia-24-luni","13":"pa_korpus-auriu","14":"pa_material-otel-inoxidabil","15":"pa_mehanizm-quartz","16":"pa_remeshok-auriu","17":"pa_steklo-cristal-mineral","18":"pa_strana-sua","19":"pa_voda-5-atm","21":"first","22":"instock","23":"purchasable","24":"product-type-simple"},"acf":[],"_links":{"self":[{"href":"https:\/\/ceasuri.md\/ru\/wp-json\/wp\/v2\/product\/60906","targetHints":{"allow":["GET"]}}],"collection":[{"href":"https:\/\/ceasuri.md\/ru\/wp-json\/wp\/v2\/product"}],"about":[{"href":"https:\/\/ceasuri.md\/ru\/wp-json\/wp\/v2\/types\/product"}],"replies":[{"embeddable":true,"href":"https:\/\/ceasuri.md\/ru\/wp-json\/wp\/v2\/comments?post=60906"}],"wp:featuredmedia":[{"embeddable":true,"href":"https:\/\/ceasuri.md\/ru\/wp-json\/wp\/v2\/media\/60907"}],"wp:attachment":[{"href":"https:\/\/ceasuri.md\/ru\/wp-json\/wp\/v2\/media?parent=60906"}],"wp:term":[{"taxonomy":"product_brand","embeddable":true,"href":"https:\/\/ceasuri.md\/ru\/wp-json\/wp\/v2\/product_brand?post=60906"},{"taxonomy":"product_cat","embeddable":true,"href":"https:\/\/ceasuri.md\/ru\/wp-json\/wp\/v2\/product_cat?post=60906"},{"taxonomy":"product_tag","embeddable":true,"href":"https:\/\/ceasuri.md\/ru\/wp-json\/wp\/v2\/product_tag?post=60906"}],"curies":[{"name":"wp","href":"https:\/\/api.w.org\/{rel}","templated":true}]}}