{"id":60896,"date":"2026-04-03T01:16:29","date_gmt":"2026-04-02T22:16:29","guid":{"rendered":"http:\/\/new.ceasuri.md\/shop\/uncategorized\/michael-kors-georgie-mk4932\/"},"modified":"2026-04-20T01:53:59","modified_gmt":"2026-04-19T22:53:59","slug":"michael-kors-georgie-mk4932","status":"publish","type":"product","link":"https:\/\/ceasuri.md\/ru\/shop\/branduri\/michael-kors\/michael-kors-georgie-mk4932\/","title":{"rendered":"\u0427\u0430\u0441\u044b MICHAEL KORS GEORGIE MK4932"},"content":{"rendered":"<p>Acest ceas este cel mai mic model din colec\u021bia Georgie. Se remarc\u0103 prin silueta sa elegant\u0103 p\u0103trat\u0103 \u0219i cadranul texturat.<\/p>\n<p>Fabricat din o\u021bel inoxidabil cu acoperire din aur roz \u0219i br\u0103\u021bar\u0103 clasic\u0103 cu zale, acesta \u00eentruchipeaz\u0103 luxul discret \u0219i este ideal at\u00e2t pentru uzul zilnic, c\u00e2t \u0219i pentru ocazii speciale.<\/p>\n<p>Rezisten\u021ba la umiditate de p\u00e2n\u0103 la 5 ATM \u00eenseamn\u0103 c\u0103 ceasurile rezist\u0103 la stropi \u0219i ploaie, astfel \u00eenc\u00e2t pot fi purtate \u00een siguran\u021b\u0103 \u00een fiecare zi.<\/p>\n<p>Este un accesoriu delicat, dar expresiv, care se potrive\u0219te u\u0219or at\u00e2t cu \u021binuta de birou, c\u00e2t \u0219i cu cea de sear\u0103. Acesta v\u0103 va sublinia rafinamentul \u0219i bunul gust, r\u0103m\u00e2n\u00e2nd \u00een acela\u0219i timp universal \u0219i practic \u2014 un ceas pl\u0103cut la vedere \u0219i confortabil de purtat.<\/p>","protected":false},"excerpt":{"rendered":"<p>Acest ceas este cel mai mic model din colec\u021bia Georgie. Se remarc\u0103 prin silueta sa elegant\u0103 p\u0103trat\u0103 \u0219i cadranul texturat. Fabricat din o\u021bel inoxidabil cu acoperire din aur roz \u0219i br\u0103\u021bar\u0103 clasic\u0103 cu zale, acesta \u00eentruchipeaz\u0103 luxul discret \u0219i este ideal at\u00e2t pentru uzul zilnic, c\u00e2t \u0219i pentru ocazii speciale. Rezisten\u021ba la umiditate de p\u00e2n\u0103 [&hellip;]<\/p>\n","protected":false},"featured_media":60897,"comment_status":"closed","ping_status":"open","template":"","meta":{"_acf_changed":false},"product_brand":[],"product_cat":[25,616],"product_tag":[],"class_list":{"0":"post-60896","1":"product","2":"type-product","3":"status-publish","4":"has-post-thumbnail","6":"product_cat-ceasuri-dama","7":"product_cat-michael-kors","8":"pa_brand-michael-kors","9":"pa_braslet-otel-inoxidabil","10":"pa_corpus-19-mm","11":"pa_forma-patrat","12":"pa_garatia-24-luni","13":"pa_korpus-roz-gold","14":"pa_kvarc-quartz","15":"pa_material-otel-inoxidabil","16":"pa_mehanizm-quartz","17":"pa_remeshok-roz-gold","18":"pa_steklo-cristal-mineral","19":"pa_strana-sua","20":"pa_voda-5-atm","22":"first","23":"instock","24":"purchasable","25":"product-type-simple"},"acf":[],"_links":{"self":[{"href":"https:\/\/ceasuri.md\/ru\/wp-json\/wp\/v2\/product\/60896","targetHints":{"allow":["GET"]}}],"collection":[{"href":"https:\/\/ceasuri.md\/ru\/wp-json\/wp\/v2\/product"}],"about":[{"href":"https:\/\/ceasuri.md\/ru\/wp-json\/wp\/v2\/types\/product"}],"replies":[{"embeddable":true,"href":"https:\/\/ceasuri.md\/ru\/wp-json\/wp\/v2\/comments?post=60896"}],"wp:featuredmedia":[{"embeddable":true,"href":"https:\/\/ceasuri.md\/ru\/wp-json\/wp\/v2\/media\/60897"}],"wp:attachment":[{"href":"https:\/\/ceasuri.md\/ru\/wp-json\/wp\/v2\/media?parent=60896"}],"wp:term":[{"taxonomy":"product_brand","embeddable":true,"href":"https:\/\/ceasuri.md\/ru\/wp-json\/wp\/v2\/product_brand?post=60896"},{"taxonomy":"product_cat","embeddable":true,"href":"https:\/\/ceasuri.md\/ru\/wp-json\/wp\/v2\/product_cat?post=60896"},{"taxonomy":"product_tag","embeddable":true,"href":"https:\/\/ceasuri.md\/ru\/wp-json\/wp\/v2\/product_tag?post=60896"}],"curies":[{"name":"wp","href":"https:\/\/api.w.org\/{rel}","templated":true}]}}