{"id":60884,"date":"2025-10-09T15:38:46","date_gmt":"2025-10-09T12:38:46","guid":{"rendered":"http:\/\/new.ceasuri.md\/shop\/uncategorized\/michael-kors-georgie-le-mk4938le\/"},"modified":"2026-05-01T19:41:57","modified_gmt":"2026-05-01T16:41:57","slug":"michael-kors-georgie-le-mk4938le","status":"publish","type":"product","link":"https:\/\/ceasuri.md\/ru\/shop\/branduri\/michael-kors\/michael-kors-georgie-le-mk4938le\/","title":{"rendered":"\u0427\u0430\u0441\u044b MICHAEL KORS GEORGIE LE MK4938LE"},"content":{"rendered":"<p>Ceasul Georgie este un ceas cu adev\u0103rat spectaculos, cu detalii str\u0103lucitoare. Este mai mult dec\u00e2t un simplu ceas, este o adev\u0103rat\u0103 bijuterie.<\/p>\n<p>Acest model din seria limitat\u0103 atrage aten\u021bia prin silueta sa larg\u0103. Este realizat din o\u021bel inoxidabil de \u00eenalt\u0103 calitate, de culoare argintie, \u0219i are un stil \u201ebr\u0103\u021bar\u0103\u201d \u2013 l\u0103\u021bimea structurii metalice a br\u0103\u021b\u0103rii creeaz\u0103 senza\u021bia de bijuterie, nu doar de accesoriu.<\/p>\n<p>Carcasa are un aspect \u00eengrijit \u0219i feminin, subliniind \u00een acela\u0219i timp elegan\u021ba \u00eencheieturii m\u00e2inii. Cadranul argintiu, analogic, este realizat \u00eentr-un stil minimalist, ceea ce face ceasul universal at\u00e2t pentru purtarea de zi cu zi, c\u00e2t \u0219i pentru ie\u0219irile de sear\u0103.<\/p>\n<p>Un farmec aparte \u00eei confer\u0103 carcasa \u0219i br\u0103\u021bara complet incrustate \u2014 modelul pav\u00e9 creeaz\u0103 un efect de str\u0103lucire u\u0219oar\u0103, atr\u0103g\u00e2nd aten\u021bia \u0219i ad\u0103ug\u00e2nd o not\u0103 de glamour \u021binutei.<\/p>\n<p>De asemenea, modelul are o rezisten\u021b\u0103 la ap\u0103 de p\u00e2n\u0103 la 5 ATM (50 de metri), care \u00eel protejeaz\u0103 de pic\u0103turi \u0219i stropi accidentale \u2014 de exemplu, la sp\u0103larea m\u00e2inilor sau la ploaie.<\/p>\n<p>Datorit\u0103 combina\u021biei dintre forma clasic\u0103, str\u0103lucirea \u201ebijutier\u0103\u201d \u0219i mecanismul practic cu cuar\u021b, acesta este un accesoriu universal care v\u0103 va sublinia individualitatea \u0219i va ad\u0103uga un plus de lux oric\u0103rei \u021binute.<\/p>\n<p>Sunt disponibile modelele cu N 387, 388, 392 din cele 500 produse.<\/p>","protected":false},"excerpt":{"rendered":"<p>Ceasul Georgie este un ceas cu adev\u0103rat spectaculos, cu detalii str\u0103lucitoare. Este mai mult dec\u00e2t un simplu ceas, este o adev\u0103rat\u0103 bijuterie. Acest model din seria limitat\u0103 atrage aten\u021bia prin silueta sa larg\u0103. Este realizat din o\u021bel inoxidabil de \u00eenalt\u0103 calitate, de culoare argintie, \u0219i are un stil \u201ebr\u0103\u021bar\u0103\u201d \u2013 l\u0103\u021bimea structurii metalice a br\u0103\u021b\u0103rii [&hellip;]<\/p>\n","protected":false},"featured_media":60885,"comment_status":"closed","ping_status":"open","template":"","meta":{"_acf_changed":false},"product_brand":[],"product_cat":[25,205,616],"product_tag":[],"class_list":{"0":"post-60884","1":"product","2":"type-product","3":"status-publish","4":"has-post-thumbnail","6":"product_cat-ceasuri-dama","7":"product_cat-limited-edition","8":"product_cat-michael-kors","9":"pa_brand-michael-kors","10":"pa_braslet-otel-inoxidabil","11":"pa_corpus-33-mm","12":"pa_decor-cristale-swarowski","13":"pa_forma-patrat","14":"pa_funcii-limited-edition","15":"pa_garatia-24-luni","16":"pa_korpus-argintiu","17":"pa_kvarc-quartz","18":"pa_material-otel-inoxidabil","19":"pa_mehanizm-quartz","20":"pa_remeshok-argintiu","21":"pa_steklo-cristal-mineral","22":"pa_strana-sua","23":"pa_voda-5-atm","25":"first","26":"instock","27":"purchasable","28":"product-type-simple"},"acf":[],"_links":{"self":[{"href":"https:\/\/ceasuri.md\/ru\/wp-json\/wp\/v2\/product\/60884","targetHints":{"allow":["GET"]}}],"collection":[{"href":"https:\/\/ceasuri.md\/ru\/wp-json\/wp\/v2\/product"}],"about":[{"href":"https:\/\/ceasuri.md\/ru\/wp-json\/wp\/v2\/types\/product"}],"replies":[{"embeddable":true,"href":"https:\/\/ceasuri.md\/ru\/wp-json\/wp\/v2\/comments?post=60884"}],"wp:featuredmedia":[{"embeddable":true,"href":"https:\/\/ceasuri.md\/ru\/wp-json\/wp\/v2\/media\/60885"}],"wp:attachment":[{"href":"https:\/\/ceasuri.md\/ru\/wp-json\/wp\/v2\/media?parent=60884"}],"wp:term":[{"taxonomy":"product_brand","embeddable":true,"href":"https:\/\/ceasuri.md\/ru\/wp-json\/wp\/v2\/product_brand?post=60884"},{"taxonomy":"product_cat","embeddable":true,"href":"https:\/\/ceasuri.md\/ru\/wp-json\/wp\/v2\/product_cat?post=60884"},{"taxonomy":"product_tag","embeddable":true,"href":"https:\/\/ceasuri.md\/ru\/wp-json\/wp\/v2\/product_tag?post=60884"}],"curies":[{"name":"wp","href":"https:\/\/api.w.org\/{rel}","templated":true}]}}