{"id":60874,"date":"2026-04-03T01:16:29","date_gmt":"2026-04-02T22:16:29","guid":{"rendered":"http:\/\/new.ceasuri.md\/shop\/uncategorized\/michael-kors-sylvia-mk4942\/"},"modified":"2026-04-07T05:08:47","modified_gmt":"2026-04-07T02:08:47","slug":"michael-kors-sylvia-mk4942","status":"publish","type":"product","link":"https:\/\/ceasuri.md\/ru\/shop\/branduri\/michael-kors\/michael-kors-sylvia-mk4942\/","title":{"rendered":"Ceas MICHAEL KORS SYLVIA MK4942"},"content":{"rendered":"<p>Combina\u021bia perfect\u0103 \u00eentre designul rafinat \u0219i caracterul practic. Carcasa \u0219i br\u0103\u021bara din o\u021bel inoxidabil cu acoperire de culoarea aurului roz creeaz\u0103 un aspect u\u0219or, care se potrive\u0219te la fel de bine cu un costum de afaceri, o rochie de sear\u0103 sau o \u021binut\u0103 de zi cu zi.<\/p>\n<p>Cadranul este decorat cu o incrustare spectaculoas\u0103 din elemente Pav\u00e9, care str\u0103lucesc \u00een orice lumin\u0103 \u0219i confer\u0103 accesoriului un luciu rafinat.<\/p>\n<p>Sticla mineral\u0103 protejeaz\u0103 cadranul, iar rezisten\u021ba la ap\u0103 de 5 ATM (p\u00e2n\u0103 la 50 de metri) permite purtarea ceasului \u00een ploaie \u0219i sp\u0103larea m\u00e2inilor.<\/p>\n<p>Acest model este o op\u021biune universal\u0103 pentru cei care apreciaz\u0103 elegan\u021ba laconic\u0103 \u0219i doresc ca ceasul s\u0103 completeze armonios at\u00e2t stilul business, c\u00e2t \u0219i stilul de zi cu zi. Datorit\u0103 carcasei compacte, br\u0103\u021b\u0103rii elegante \u0219i decorului str\u0103lucitor, ceasul va deveni un accesoriu pentru \u00eencheietura m\u00e2inii \u0219i va sublinia sim\u021bul stilului.<\/p>","protected":false},"excerpt":{"rendered":"<p>Combina\u021bia perfect\u0103 \u00eentre designul rafinat \u0219i caracterul practic. Carcasa \u0219i br\u0103\u021bara din o\u021bel inoxidabil cu acoperire de culoarea aurului roz creeaz\u0103 un aspect u\u0219or, care se potrive\u0219te la fel de bine cu un costum de afaceri, o rochie de sear\u0103 sau o \u021binut\u0103 de zi cu zi. Cadranul este decorat cu o incrustare spectaculoas\u0103 din [&hellip;]<\/p>\n","protected":false},"featured_media":60875,"comment_status":"closed","ping_status":"open","template":"","meta":{"_acf_changed":false},"product_brand":[],"product_cat":[25,616],"product_tag":[],"class_list":{"0":"post-60874","1":"product","2":"type-product","3":"status-publish","4":"has-post-thumbnail","6":"product_cat-ceasuri-dama","7":"product_cat-michael-kors","8":"pa_brand-michael-kors","9":"pa_braslet-otel-inoxidabil","10":"pa_corpus-33-mm","11":"pa_decor-cristale-swarowski","12":"pa_forma-rotund","13":"pa_garatia-24-luni","14":"pa_korpus-roz-gold","15":"pa_material-otel-inoxidabil","16":"pa_mehanizm-quartz","17":"pa_remeshok-roz-gold","18":"pa_steklo-cristal-mineral","19":"pa_strana-sua","20":"pa_voda-5-atm","22":"first","23":"instock","24":"purchasable","25":"product-type-simple"},"acf":[],"_links":{"self":[{"href":"https:\/\/ceasuri.md\/ru\/wp-json\/wp\/v2\/product\/60874","targetHints":{"allow":["GET"]}}],"collection":[{"href":"https:\/\/ceasuri.md\/ru\/wp-json\/wp\/v2\/product"}],"about":[{"href":"https:\/\/ceasuri.md\/ru\/wp-json\/wp\/v2\/types\/product"}],"replies":[{"embeddable":true,"href":"https:\/\/ceasuri.md\/ru\/wp-json\/wp\/v2\/comments?post=60874"}],"wp:featuredmedia":[{"embeddable":true,"href":"https:\/\/ceasuri.md\/ru\/wp-json\/wp\/v2\/media\/60875"}],"wp:attachment":[{"href":"https:\/\/ceasuri.md\/ru\/wp-json\/wp\/v2\/media?parent=60874"}],"wp:term":[{"taxonomy":"product_brand","embeddable":true,"href":"https:\/\/ceasuri.md\/ru\/wp-json\/wp\/v2\/product_brand?post=60874"},{"taxonomy":"product_cat","embeddable":true,"href":"https:\/\/ceasuri.md\/ru\/wp-json\/wp\/v2\/product_cat?post=60874"},{"taxonomy":"product_tag","embeddable":true,"href":"https:\/\/ceasuri.md\/ru\/wp-json\/wp\/v2\/product_tag?post=60874"}],"curies":[{"name":"wp","href":"https:\/\/api.w.org\/{rel}","templated":true}]}}