{"id":60857,"date":"2025-10-09T15:38:45","date_gmt":"2025-10-09T12:38:45","guid":{"rendered":"http:\/\/new.ceasuri.md\/shop\/uncategorized\/michael-kors-lexington-mk4948set\/"},"modified":"2026-05-01T19:41:48","modified_gmt":"2026-05-01T16:41:48","slug":"michael-kors-lexington-mk4948set","status":"publish","type":"product","link":"https:\/\/ceasuri.md\/ru\/shop\/branduri\/michael-kors\/michael-kors-lexington-mk4948set\/","title":{"rendered":"\u0427\u0430\u0441\u044b MICHAEL KORS LEXINGTON MK4948SET"},"content":{"rendered":"<p>Un set cadou elegant \u2014 o combina\u021bie rafinat\u0103 de func\u021bionalitate \u0219i stil elegant, ideal pentru femeile care apreciaz\u0103 elegan\u021ba \u0219i luxul discret.<\/p>\n<p>Carcasa ceasului este realizat\u0103 din o\u021bel inoxidabil \u2014 sub\u021bire, \u00eengrijit\u0103.<\/p>\n<p>Ceasul are o nuan\u021b\u0103 argintie nobil\u0103.<\/p>\n<p>Cadranul este decorat cu un pav\u00e9 str\u0103lucitor, care adaug\u0103 un plus de rafinament \u0219i subliniaz\u0103 designul sofisticat. Sticla mineral\u0103 protejeaz\u0103 \u0219i este rezistent\u0103 la mici deterior\u0103ri mecanice.<\/p>\n<p>Setul include, de asemenea, o br\u0103\u021bar\u0103 elegant\u0103 \u0219i o br\u0103\u021bar\u0103-chunky rafinat\u0103 cu elemente pav\u00e9 \u2014 o completare excelent\u0103 a look-ului, care face ca accesoriul s\u0103 nu fie doar un ceas, ci o adev\u0103rat\u0103 bijuterie.<\/p>\n<p>Acest set este o armonie de delicate\u021be \u0219i stil, care se potrive\u0219te at\u00e2t unui look business, c\u00e2t \u0219i unei \u021binute de sear\u0103.<\/p>\n<p>Setul este un cadou excelent: \u00eempreun\u0103, ceasul \u0219i bijuteriile creeaz\u0103 un ansamblu complet \u0219i elegant, care va sublinia gustul \u0219i va ad\u0103uga rafinament oric\u0103rui look.<\/p>","protected":false},"excerpt":{"rendered":"<p>Un set cadou elegant \u2014 o combina\u021bie rafinat\u0103 de func\u021bionalitate \u0219i stil elegant, ideal pentru femeile care apreciaz\u0103 elegan\u021ba \u0219i luxul discret. Carcasa ceasului este realizat\u0103 din o\u021bel inoxidabil \u2014 sub\u021bire, \u00eengrijit\u0103. Ceasul are o nuan\u021b\u0103 argintie nobil\u0103. Cadranul este decorat cu un pav\u00e9 str\u0103lucitor, care adaug\u0103 un plus de rafinament \u0219i subliniaz\u0103 designul sofisticat. [&hellip;]<\/p>\n","protected":false},"featured_media":60858,"comment_status":"closed","ping_status":"open","template":"","meta":{"_acf_changed":false},"product_brand":[],"product_cat":[25,616],"product_tag":[],"class_list":{"0":"post-60857","1":"product","2":"type-product","3":"status-publish","4":"has-post-thumbnail","6":"product_cat-ceasuri-dama","7":"product_cat-michael-kors","8":"pa_brand-michael-kors","9":"pa_braslet-otel-inoxidabil","10":"pa_corpus-19-mm","11":"pa_decor-cristale-swarowski","12":"pa_forma-rotund","13":"pa_funcii-set-cadou","14":"pa_garatia-24-luni","15":"pa_korpus-argintiu","16":"pa_kvarc-quartz","17":"pa_material-otel-inoxidabil","18":"pa_mehanizm-quartz","19":"pa_remeshok-argintiu","20":"pa_steklo-cristal-mineral","21":"pa_strana-sua","22":"pa_voda-5-atm","24":"first","25":"instock","26":"purchasable","27":"product-type-simple"},"acf":[],"_links":{"self":[{"href":"https:\/\/ceasuri.md\/ru\/wp-json\/wp\/v2\/product\/60857","targetHints":{"allow":["GET"]}}],"collection":[{"href":"https:\/\/ceasuri.md\/ru\/wp-json\/wp\/v2\/product"}],"about":[{"href":"https:\/\/ceasuri.md\/ru\/wp-json\/wp\/v2\/types\/product"}],"replies":[{"embeddable":true,"href":"https:\/\/ceasuri.md\/ru\/wp-json\/wp\/v2\/comments?post=60857"}],"wp:featuredmedia":[{"embeddable":true,"href":"https:\/\/ceasuri.md\/ru\/wp-json\/wp\/v2\/media\/60858"}],"wp:attachment":[{"href":"https:\/\/ceasuri.md\/ru\/wp-json\/wp\/v2\/media?parent=60857"}],"wp:term":[{"taxonomy":"product_brand","embeddable":true,"href":"https:\/\/ceasuri.md\/ru\/wp-json\/wp\/v2\/product_brand?post=60857"},{"taxonomy":"product_cat","embeddable":true,"href":"https:\/\/ceasuri.md\/ru\/wp-json\/wp\/v2\/product_cat?post=60857"},{"taxonomy":"product_tag","embeddable":true,"href":"https:\/\/ceasuri.md\/ru\/wp-json\/wp\/v2\/product_tag?post=60857"}],"curies":[{"name":"wp","href":"https:\/\/api.w.org\/{rel}","templated":true}]}}