{"id":60850,"date":"2025-10-09T15:38:44","date_gmt":"2025-10-09T12:38:44","guid":{"rendered":"http:\/\/new.ceasuri.md\/shop\/uncategorized\/michael-kors-lexington-mk4950set\/"},"modified":"2026-05-01T19:41:47","modified_gmt":"2026-05-01T16:41:47","slug":"michael-kors-lexington-mk4950set","status":"publish","type":"product","link":"https:\/\/ceasuri.md\/ru\/shop\/branduri\/michael-kors\/michael-kors-lexington-mk4950set\/","title":{"rendered":"\u0427\u0430\u0441\u044b MICHAEL KORS LEXINGTON MK4950SET"},"content":{"rendered":"<p>Setul elegant Lexington este alegerea perfect\u0103 pentru cei care apreciaz\u0103 stilul \u0219i rafinamentul \u00een detalii. Acest set include dou\u0103 perechi de ceasuri: un model pentru femei cu carcas\u0103 de 28 mm \u0219i unul pentru b\u0103rba\u021bi cu carcas\u0103 mai mare, de 48 mm, ceea ce face ca setul s\u0103 fie o solu\u021bie excelent\u0103 at\u00e2t pentru ea, c\u00e2t \u0219i pentru el.<\/p>\n<p>Carcasele \u0219i br\u0103\u021b\u0103rile sunt realizate din o\u021bel inoxidabil cu un finisaj PVD auriu nobil. Cadranele sunt asortate cu carcasa, elegante \u0219i concise, \u00eentr-o culoare aurie nobil\u0103. Sticla este mineral\u0103, asigur\u00e2nd o protec\u021bie fiabil\u0103 \u00eempotriva zg\u00e2rieturilor \u0219i a impactului zilnic.<\/p>\n<p>Br\u0103\u021b\u0103rile cu \u00eenchiz\u0103toare pliant\u0103 asigur\u0103 fiabilitate \u0219i confort la purtare.<\/p>\n<p>Acest set nu este doar un ceas, ci un accesoriu stilat pentru cuplu. Designul auriu universal subliniaz\u0103 elegan\u021ba at\u00e2t a \u021binutei feminine, c\u00e2t \u0219i a celei masculine: de la \u021binuta strict\u0103 de birou la \u021binuta elegant\u0103 de sear\u0103. Acest set va fi un cadou minunat at\u00e2t pentru dvs., c\u00e2t \u0219i pentru o persoan\u0103 drag\u0103, subliniind gustul \u0219i armonia cuplului.<\/p>","protected":false},"excerpt":{"rendered":"<p>Setul elegant Lexington este alegerea perfect\u0103 pentru cei care apreciaz\u0103 stilul \u0219i rafinamentul \u00een detalii. Acest set include dou\u0103 perechi de ceasuri: un model pentru femei cu carcas\u0103 de 28 mm \u0219i unul pentru b\u0103rba\u021bi cu carcas\u0103 mai mare, de 48 mm, ceea ce face ca setul s\u0103 fie o solu\u021bie excelent\u0103 at\u00e2t pentru ea, [&hellip;]<\/p>\n","protected":false},"featured_media":60851,"comment_status":"closed","ping_status":"open","template":"","meta":{"_acf_changed":false},"product_brand":[],"product_cat":[20,25,616],"product_tag":[],"class_list":{"0":"post-60850","1":"product","2":"type-product","3":"status-publish","4":"has-post-thumbnail","6":"product_cat-ceasuri-barbati","7":"product_cat-ceasuri-dama","8":"product_cat-michael-kors","9":"pa_brand-michael-kors","10":"pa_braslet-otel-inoxidabil","11":"pa_corpus-28-mm","12":"pa_corpus-48-mm","13":"pa_decor-cristale-swarowski","14":"pa_forma-rotund","15":"pa_funcii-cronograf","16":"pa_funcii-data","17":"pa_funcii-set-cadou","18":"pa_garatia-24-luni","19":"pa_korpus-auriu","20":"pa_kvarc-quartz","21":"pa_material-otel-inoxidabil","22":"pa_mehanizm-quartz","23":"pa_remeshok-auriu","24":"pa_steklo-cristal-mineral","25":"pa_strana-sua","26":"pa_voda-10-atm","27":"pa_voda-5-atm","29":"first","30":"instock","31":"purchasable","32":"product-type-simple"},"acf":[],"_links":{"self":[{"href":"https:\/\/ceasuri.md\/ru\/wp-json\/wp\/v2\/product\/60850","targetHints":{"allow":["GET"]}}],"collection":[{"href":"https:\/\/ceasuri.md\/ru\/wp-json\/wp\/v2\/product"}],"about":[{"href":"https:\/\/ceasuri.md\/ru\/wp-json\/wp\/v2\/types\/product"}],"replies":[{"embeddable":true,"href":"https:\/\/ceasuri.md\/ru\/wp-json\/wp\/v2\/comments?post=60850"}],"wp:featuredmedia":[{"embeddable":true,"href":"https:\/\/ceasuri.md\/ru\/wp-json\/wp\/v2\/media\/60851"}],"wp:attachment":[{"href":"https:\/\/ceasuri.md\/ru\/wp-json\/wp\/v2\/media?parent=60850"}],"wp:term":[{"taxonomy":"product_brand","embeddable":true,"href":"https:\/\/ceasuri.md\/ru\/wp-json\/wp\/v2\/product_brand?post=60850"},{"taxonomy":"product_cat","embeddable":true,"href":"https:\/\/ceasuri.md\/ru\/wp-json\/wp\/v2\/product_cat?post=60850"},{"taxonomy":"product_tag","embeddable":true,"href":"https:\/\/ceasuri.md\/ru\/wp-json\/wp\/v2\/product_tag?post=60850"}],"curies":[{"name":"wp","href":"https:\/\/api.w.org\/{rel}","templated":true}]}}