{"id":60845,"date":"2026-04-03T01:16:29","date_gmt":"2026-04-02T22:16:29","guid":{"rendered":"http:\/\/new.ceasuri.md\/shop\/uncategorized\/michael-kors-billie-mk7554\/"},"modified":"2026-04-20T01:54:02","modified_gmt":"2026-04-19T22:54:02","slug":"michael-kors-billie-mk7554","status":"publish","type":"product","link":"https:\/\/ceasuri.md\/ru\/shop\/branduri\/michael-kors\/michael-kors-billie-mk7554\/","title":{"rendered":"\u0427\u0430\u0441\u044b MICHAEL KORS BILLIE MK7554"},"content":{"rendered":"<p>Ceasul elegant Billie este o combina\u021bie \u00eentre designul stilat \u0219i caracterul practic, creat pentru cei care apreciaz\u0103 rafinamentul \u0219i confortul.<\/p>\n<p>Carcasa cu diametrul de 26 mm este realizat\u0103 din o\u021bel inoxidabil cu acoperire PVD aurie, ceea ce confer\u0103 modelului un aspect nobil, dar discret.<\/p>\n<p>Finisajul br\u0103\u021b\u0103rii creeaz\u0103 un efect \u201efrosted\u201d discret, care joac\u0103 u\u0219or cu lumina \u0219i subliniaz\u0103 rafinamentul accesoriului.<\/p>\n<p>Cadranul, \u00een aceea\u0219i nuan\u021b\u0103 aurie, cu un mecanism analogic minimalist cu trei ace \u0219i cifre romane la marcajele \u201e12\u201d \u0219i \u201e6\u201d, are un aspect sobru \u0219i rafinat.<\/p>\n<p>Ceasul este echipat cu un mecanism cu cuar\u021b, care garanteaz\u0103 precizia \u0219i fiabilitatea \u00een utilizarea zilnic\u0103.<\/p>\n<p>Bracetul din o\u021bel inoxidabil se potrive\u0219te confortabil pe \u00eencheietura m\u00e2inii, iar \u00eenchiz\u0103toarea pliabil\u0103 asigur\u0103 confortul \u0219i siguran\u021ba \u00een timpul purt\u0103rii.<\/p>\n<p>Rezisten\u021ba la ap\u0103 de p\u00e2n\u0103 la 5 ATM permite s\u0103 nu scoate\u021bi ceasul la sp\u0103larea m\u00e2inilor sau la contactul u\u0219or cu apa \u2014 acesta rezist\u0103 la ploaie \u0219i umezeala de zi cu zi.<\/p>\n<p>Acest accesoriu elegant va completa orice \u021binut\u0103: de la cea de afaceri la cea de sear\u0103.<\/p>","protected":false},"excerpt":{"rendered":"<p>Ceasul elegant Billie este o combina\u021bie \u00eentre designul stilat \u0219i caracterul practic, creat pentru cei care apreciaz\u0103 rafinamentul \u0219i confortul. Carcasa cu diametrul de 26 mm este realizat\u0103 din o\u021bel inoxidabil cu acoperire PVD aurie, ceea ce confer\u0103 modelului un aspect nobil, dar discret. Finisajul br\u0103\u021b\u0103rii creeaz\u0103 un efect \u201efrosted\u201d discret, care joac\u0103 u\u0219or cu [&hellip;]<\/p>\n","protected":false},"featured_media":60846,"comment_status":"closed","ping_status":"open","template":"","meta":{"_acf_changed":false},"product_brand":[],"product_cat":[25,616],"product_tag":[],"class_list":{"0":"post-60845","1":"product","2":"type-product","3":"status-publish","4":"has-post-thumbnail","6":"product_cat-ceasuri-dama","7":"product_cat-michael-kors","8":"pa_brand-michael-kors","9":"pa_braslet-otel-inoxidabil","10":"pa_corpus-26-mm","11":"pa_forma-rotund","12":"pa_garatia-24-luni","13":"pa_korpus-auriu","14":"pa_kvarc-quartz","15":"pa_material-otel-inoxidabil","16":"pa_mehanizm-quartz","17":"pa_remeshok-auriu","18":"pa_steklo-cristal-mineral","19":"pa_strana-sua","20":"pa_voda-5-atm","22":"first","23":"instock","24":"purchasable","25":"product-type-simple"},"acf":[],"_links":{"self":[{"href":"https:\/\/ceasuri.md\/ru\/wp-json\/wp\/v2\/product\/60845","targetHints":{"allow":["GET"]}}],"collection":[{"href":"https:\/\/ceasuri.md\/ru\/wp-json\/wp\/v2\/product"}],"about":[{"href":"https:\/\/ceasuri.md\/ru\/wp-json\/wp\/v2\/types\/product"}],"replies":[{"embeddable":true,"href":"https:\/\/ceasuri.md\/ru\/wp-json\/wp\/v2\/comments?post=60845"}],"wp:featuredmedia":[{"embeddable":true,"href":"https:\/\/ceasuri.md\/ru\/wp-json\/wp\/v2\/media\/60846"}],"wp:attachment":[{"href":"https:\/\/ceasuri.md\/ru\/wp-json\/wp\/v2\/media?parent=60845"}],"wp:term":[{"taxonomy":"product_brand","embeddable":true,"href":"https:\/\/ceasuri.md\/ru\/wp-json\/wp\/v2\/product_brand?post=60845"},{"taxonomy":"product_cat","embeddable":true,"href":"https:\/\/ceasuri.md\/ru\/wp-json\/wp\/v2\/product_cat?post=60845"},{"taxonomy":"product_tag","embeddable":true,"href":"https:\/\/ceasuri.md\/ru\/wp-json\/wp\/v2\/product_tag?post=60845"}],"curies":[{"name":"wp","href":"https:\/\/api.w.org\/{rel}","templated":true}]}}