{"id":60840,"date":"2026-04-03T01:16:29","date_gmt":"2026-04-02T22:16:29","guid":{"rendered":"http:\/\/new.ceasuri.md\/shop\/uncategorized\/michael-kors-billie-mk7555\/"},"modified":"2026-04-20T01:54:03","modified_gmt":"2026-04-19T22:54:03","slug":"michael-kors-billie-mk7555","status":"publish","type":"product","link":"https:\/\/ceasuri.md\/ru\/shop\/branduri\/michael-kors\/michael-kors-billie-mk7555\/","title":{"rendered":"\u0427\u0430\u0441\u044b MICHAEL KORS BILLIE MK7555"},"content":{"rendered":"<p>Acest ceas elegant, care este o versiune miniatural\u0103 a modelului Billie, atrage aten\u021bia prin finisajul s\u0103u mat uimitor \u0219i cadranul str\u0103lucitor.<\/p>\n<p>Br\u0103\u021bara din o\u021bel inoxidabil de culoare argintie cu finisaj combinat reflect\u0103 frumos lumina, cre\u00e2nd un stil delicat, dar glamour, perfect pentru orice ocazie.<\/p>\n<p>Cadranul acestui model impresioneaz\u0103 prin rafinamentul detaliilor: cifrele romane \u00eei confer\u0103 un caracter clasic, iar sticla mineral\u0103 rezistent\u0103 \u00eel protejeaz\u0103 \u00eempotriva deterior\u0103rii . Mecanismul cu cuar\u021b garanteaz\u0103 precizia func\u021bion\u0103rii.<\/p>\n<p>Ceasul are, de asemenea, o rezisten\u021b\u0103 practic\u0103 la ap\u0103 de 50 m.<\/p>","protected":false},"excerpt":{"rendered":"<p>Acest ceas elegant, care este o versiune miniatural\u0103 a modelului Billie, atrage aten\u021bia prin finisajul s\u0103u mat uimitor \u0219i cadranul str\u0103lucitor. Br\u0103\u021bara din o\u021bel inoxidabil de culoare argintie cu finisaj combinat reflect\u0103 frumos lumina, cre\u00e2nd un stil delicat, dar glamour, perfect pentru orice ocazie. Cadranul acestui model impresioneaz\u0103 prin rafinamentul detaliilor: cifrele romane \u00eei confer\u0103 [&hellip;]<\/p>\n","protected":false},"featured_media":60841,"comment_status":"closed","ping_status":"open","template":"","meta":{"_acf_changed":false},"product_brand":[],"product_cat":[25,616],"product_tag":[],"class_list":{"0":"post-60840","1":"product","2":"type-product","3":"status-publish","4":"has-post-thumbnail","6":"product_cat-ceasuri-dama","7":"product_cat-michael-kors","8":"pa_brand-michael-kors","9":"pa_braslet-otel-inoxidabil","10":"pa_corpus-26-mm","11":"pa_forma-rotund","12":"pa_garatia-24-luni","13":"pa_korpus-argintiu","14":"pa_kvarc-quartz","15":"pa_material-otel-inoxidabil","16":"pa_mehanizm-quartz","17":"pa_remeshok-argintiu","18":"pa_steklo-cristal-mineral","19":"pa_strana-sua","20":"pa_voda-5-atm","22":"first","23":"instock","24":"purchasable","25":"product-type-simple"},"acf":[],"_links":{"self":[{"href":"https:\/\/ceasuri.md\/ru\/wp-json\/wp\/v2\/product\/60840","targetHints":{"allow":["GET"]}}],"collection":[{"href":"https:\/\/ceasuri.md\/ru\/wp-json\/wp\/v2\/product"}],"about":[{"href":"https:\/\/ceasuri.md\/ru\/wp-json\/wp\/v2\/types\/product"}],"replies":[{"embeddable":true,"href":"https:\/\/ceasuri.md\/ru\/wp-json\/wp\/v2\/comments?post=60840"}],"wp:featuredmedia":[{"embeddable":true,"href":"https:\/\/ceasuri.md\/ru\/wp-json\/wp\/v2\/media\/60841"}],"wp:attachment":[{"href":"https:\/\/ceasuri.md\/ru\/wp-json\/wp\/v2\/media?parent=60840"}],"wp:term":[{"taxonomy":"product_brand","embeddable":true,"href":"https:\/\/ceasuri.md\/ru\/wp-json\/wp\/v2\/product_brand?post=60840"},{"taxonomy":"product_cat","embeddable":true,"href":"https:\/\/ceasuri.md\/ru\/wp-json\/wp\/v2\/product_cat?post=60840"},{"taxonomy":"product_tag","embeddable":true,"href":"https:\/\/ceasuri.md\/ru\/wp-json\/wp\/v2\/product_tag?post=60840"}],"curies":[{"name":"wp","href":"https:\/\/api.w.org\/{rel}","templated":true}]}}