{"id":60835,"date":"2026-04-03T01:16:29","date_gmt":"2026-04-02T22:16:29","guid":{"rendered":"http:\/\/new.ceasuri.md\/shop\/uncategorized\/michael-kors-billie-mk7558\/"},"modified":"2026-04-20T01:54:03","modified_gmt":"2026-04-19T22:54:03","slug":"michael-kors-billie-mk7558","status":"publish","type":"product","link":"https:\/\/ceasuri.md\/ru\/shop\/branduri\/michael-kors\/michael-kors-billie-mk7558\/","title":{"rendered":"\u0427\u0430\u0441\u044b MICHAEL KORS BILLIE MK7558"},"content":{"rendered":"<p>O adev\u0103rat\u0103 descoperire, cu un finisaj mat spectaculos \u0219i un cadran str\u0103lucitor.<\/p>\n<p>Br\u0103\u021bara din o\u021bel inoxidabil argintiu cu finisaj combinat str\u0103luce\u0219te frumos \u00een lumin\u0103, cre\u00e2nd un look simplu, dar \u00een acela\u0219i timp glamour, perfect pentru orice ocazie.<\/p>\n<p>Modelul este echipat cu func\u021bia de cronograf. Carcasa este protejat\u0103 de sticl\u0103 mineral\u0103, iar rezisten\u021ba la ap\u0103 p\u00e2n\u0103 la 50 de metri protejeaz\u0103 modelul de stropi.<\/p>","protected":false},"excerpt":{"rendered":"<p>O adev\u0103rat\u0103 descoperire, cu un finisaj mat spectaculos \u0219i un cadran str\u0103lucitor. Br\u0103\u021bara din o\u021bel inoxidabil argintiu cu finisaj combinat str\u0103luce\u0219te frumos \u00een lumin\u0103, cre\u00e2nd un look simplu, dar \u00een acela\u0219i timp glamour, perfect pentru orice ocazie. Modelul este echipat cu func\u021bia de cronograf. Carcasa este protejat\u0103 de sticl\u0103 mineral\u0103, iar rezisten\u021ba la ap\u0103 p\u00e2n\u0103 [&hellip;]<\/p>\n","protected":false},"featured_media":60836,"comment_status":"closed","ping_status":"open","template":"","meta":{"_acf_changed":false},"product_brand":[],"product_cat":[25,616],"product_tag":[],"class_list":{"0":"post-60835","1":"product","2":"type-product","3":"status-publish","4":"has-post-thumbnail","6":"product_cat-ceasuri-dama","7":"product_cat-michael-kors","8":"pa_brand-michael-kors","9":"pa_braslet-otel-inoxidabil","10":"pa_corpus-40-mm","11":"pa_forma-rotund","12":"pa_funcii-cronograf","13":"pa_funcii-data","14":"pa_garatia-24-luni","15":"pa_korpus-argintiu","16":"pa_kvarc-quartz","17":"pa_material-otel-inoxidabil","18":"pa_mehanizm-quartz","19":"pa_remeshok-argintiu","20":"pa_steklo-cristal-mineral","21":"pa_strana-sua","22":"pa_voda-5-atm","24":"first","25":"instock","26":"purchasable","27":"product-type-simple"},"acf":[],"_links":{"self":[{"href":"https:\/\/ceasuri.md\/ru\/wp-json\/wp\/v2\/product\/60835","targetHints":{"allow":["GET"]}}],"collection":[{"href":"https:\/\/ceasuri.md\/ru\/wp-json\/wp\/v2\/product"}],"about":[{"href":"https:\/\/ceasuri.md\/ru\/wp-json\/wp\/v2\/types\/product"}],"replies":[{"embeddable":true,"href":"https:\/\/ceasuri.md\/ru\/wp-json\/wp\/v2\/comments?post=60835"}],"wp:featuredmedia":[{"embeddable":true,"href":"https:\/\/ceasuri.md\/ru\/wp-json\/wp\/v2\/media\/60836"}],"wp:attachment":[{"href":"https:\/\/ceasuri.md\/ru\/wp-json\/wp\/v2\/media?parent=60835"}],"wp:term":[{"taxonomy":"product_brand","embeddable":true,"href":"https:\/\/ceasuri.md\/ru\/wp-json\/wp\/v2\/product_brand?post=60835"},{"taxonomy":"product_cat","embeddable":true,"href":"https:\/\/ceasuri.md\/ru\/wp-json\/wp\/v2\/product_cat?post=60835"},{"taxonomy":"product_tag","embeddable":true,"href":"https:\/\/ceasuri.md\/ru\/wp-json\/wp\/v2\/product_tag?post=60835"}],"curies":[{"name":"wp","href":"https:\/\/api.w.org\/{rel}","templated":true}]}}