{"id":60829,"date":"2026-04-03T01:16:29","date_gmt":"2026-04-02T22:16:29","guid":{"rendered":"http:\/\/new.ceasuri.md\/shop\/uncategorized\/michael-kors-bryant-mk7559\/"},"modified":"2026-04-20T01:54:03","modified_gmt":"2026-04-19T22:54:03","slug":"michael-kors-bryant-mk7559","status":"publish","type":"product","link":"https:\/\/ceasuri.md\/ru\/shop\/branduri\/michael-kors\/michael-kors-bryant-mk7559\/","title":{"rendered":"Ceas MICHAEL KORS BRYANT MK7559"},"content":{"rendered":"<p>Ceasuri cu cuar\u021b pentru femei, \u00een nuan\u021be monocrome de maro.<\/p>\n<p>Modelul are carcas\u0103 \u0219i br\u0103\u021bar\u0103 din o\u021bel inoxidabil, inspirate din moda masculin\u0103, precum \u0219i cadran cu func\u021bie de cronograf. m \u0219i cadran cu func\u021bie de cronograf.<\/p>\n<p>Ceasul este dotat cu sticl\u0103 mineral\u0103 \u0219i rezisten\u021b\u0103 la ap\u0103 de 50 de metri, ceea ce asigur\u0103 protec\u021bie \u00eempotriva stropilor.<\/p>\n<p>Combina\u021bi-l cu nuan\u021be de maro \u0219i crem pentru a crea un look relaxat.<\/p>","protected":false},"excerpt":{"rendered":"<p>Ceasuri cu cuar\u021b pentru femei, \u00een nuan\u021be monocrome de maro. Modelul are carcas\u0103 \u0219i br\u0103\u021bar\u0103 din o\u021bel inoxidabil, inspirate din moda masculin\u0103, precum \u0219i cadran cu func\u021bie de cronograf. m \u0219i cadran cu func\u021bie de cronograf. Ceasul este dotat cu sticl\u0103 mineral\u0103 \u0219i rezisten\u021b\u0103 la ap\u0103 de 50 de metri, ceea ce asigur\u0103 protec\u021bie \u00eempotriva [&hellip;]<\/p>\n","protected":false},"featured_media":60830,"comment_status":"closed","ping_status":"open","template":"","meta":{"_acf_changed":false},"product_brand":[],"product_cat":[25,616],"product_tag":[],"class_list":{"0":"post-60829","1":"product","2":"type-product","3":"status-publish","4":"has-post-thumbnail","6":"product_cat-ceasuri-dama","7":"product_cat-michael-kors","8":"pa_brand-michael-kors","9":"pa_braslet-otel-inoxidabil","10":"pa_corpus-35-mm","11":"pa_decor-cristale-swarowski","12":"pa_forma-rotund","13":"pa_funcii-cronograf","14":"pa_funcii-data","15":"pa_garatia-24-luni","16":"pa_korpus-maro","17":"pa_kvarc-quartz","18":"pa_material-otel-inoxidabil","19":"pa_mehanizm-quartz","20":"pa_remeshok-maro","21":"pa_steklo-cristal-mineral","22":"pa_strana-sua","23":"pa_voda-5-atm","25":"first","26":"instock","27":"purchasable","28":"product-type-simple"},"acf":[],"_links":{"self":[{"href":"https:\/\/ceasuri.md\/ru\/wp-json\/wp\/v2\/product\/60829","targetHints":{"allow":["GET"]}}],"collection":[{"href":"https:\/\/ceasuri.md\/ru\/wp-json\/wp\/v2\/product"}],"about":[{"href":"https:\/\/ceasuri.md\/ru\/wp-json\/wp\/v2\/types\/product"}],"replies":[{"embeddable":true,"href":"https:\/\/ceasuri.md\/ru\/wp-json\/wp\/v2\/comments?post=60829"}],"wp:featuredmedia":[{"embeddable":true,"href":"https:\/\/ceasuri.md\/ru\/wp-json\/wp\/v2\/media\/60830"}],"wp:attachment":[{"href":"https:\/\/ceasuri.md\/ru\/wp-json\/wp\/v2\/media?parent=60829"}],"wp:term":[{"taxonomy":"product_brand","embeddable":true,"href":"https:\/\/ceasuri.md\/ru\/wp-json\/wp\/v2\/product_brand?post=60829"},{"taxonomy":"product_cat","embeddable":true,"href":"https:\/\/ceasuri.md\/ru\/wp-json\/wp\/v2\/product_cat?post=60829"},{"taxonomy":"product_tag","embeddable":true,"href":"https:\/\/ceasuri.md\/ru\/wp-json\/wp\/v2\/product_tag?post=60829"}],"curies":[{"name":"wp","href":"https:\/\/api.w.org\/{rel}","templated":true}]}}