{"id":60822,"date":"2026-04-03T01:16:29","date_gmt":"2026-04-02T22:16:29","guid":{"rendered":"http:\/\/new.ceasuri.md\/shop\/uncategorized\/michael-kors-slim-runway-mk7563set\/"},"modified":"2026-04-17T15:30:45","modified_gmt":"2026-04-17T12:30:45","slug":"michael-kors-slim-runway-mk7563set","status":"publish","type":"product","link":"https:\/\/ceasuri.md\/ru\/shop\/branduri\/michael-kors\/michael-kors-slim-runway-mk7563set\/","title":{"rendered":"Ceas MICHAEL KORS SLIM RUNWAY MK7563SET"},"content":{"rendered":"<p>Setul rafinat din trei piese include ceasul clasic Slim Runway, precum \u0219i cerceii-inele asorta\u021bi \u0219i br\u0103\u021bara elegant\u0103.<\/p>\n<p>Modelul are carcas\u0103 \u0219i br\u0103\u021bar\u0103 din o\u021bel inoxidabil, precum \u0219i cadran argintiu cu design minimalist. Toate acestea sunt protejate de sticl\u0103 mineral\u0103, iar rezisten\u021ba la ap\u0103 p\u00e2n\u0103 la 50 de metri asigur\u0103 protec\u021bie \u00eempotriva contactului zilnic cu apa.<\/p>\n<p>Indiferent dac\u0103 le purta\u021bi \u00eempreun\u0103 sau separat, aceste bijuterii vor ad\u0103uga elegan\u021b\u0103 oric\u0103rei \u021binute.<\/p>","protected":false},"excerpt":{"rendered":"<p>Setul rafinat din trei piese include ceasul clasic Slim Runway, precum \u0219i cerceii-inele asorta\u021bi \u0219i br\u0103\u021bara elegant\u0103. Modelul are carcas\u0103 \u0219i br\u0103\u021bar\u0103 din o\u021bel inoxidabil, precum \u0219i cadran argintiu cu design minimalist. Toate acestea sunt protejate de sticl\u0103 mineral\u0103, iar rezisten\u021ba la ap\u0103 p\u00e2n\u0103 la 50 de metri asigur\u0103 protec\u021bie \u00eempotriva contactului zilnic cu apa. [&hellip;]<\/p>\n","protected":false},"featured_media":60823,"comment_status":"closed","ping_status":"open","template":"","meta":{"_acf_changed":false},"product_brand":[],"product_cat":[25,616],"product_tag":[],"class_list":{"0":"post-60822","1":"product","2":"type-product","3":"status-publish","4":"has-post-thumbnail","6":"product_cat-ceasuri-dama","7":"product_cat-michael-kors","8":"pa_brand-michael-kors","9":"pa_braslet-otel-inoxidabil","10":"pa_corpus-32-mm","11":"pa_forma-rotund","12":"pa_funcii-set-cadou","13":"pa_garatia-24-luni","14":"pa_korpus-argintiu","15":"pa_kvarc-quartz","16":"pa_material-otel-inoxidabil","17":"pa_mehanizm-quartz","18":"pa_remeshok-argintiu","19":"pa_steklo-cristal-mineral","20":"pa_strana-sua","21":"pa_voda-5-atm","23":"first","24":"instock","25":"purchasable","26":"product-type-simple"},"acf":[],"_links":{"self":[{"href":"https:\/\/ceasuri.md\/ru\/wp-json\/wp\/v2\/product\/60822","targetHints":{"allow":["GET"]}}],"collection":[{"href":"https:\/\/ceasuri.md\/ru\/wp-json\/wp\/v2\/product"}],"about":[{"href":"https:\/\/ceasuri.md\/ru\/wp-json\/wp\/v2\/types\/product"}],"replies":[{"embeddable":true,"href":"https:\/\/ceasuri.md\/ru\/wp-json\/wp\/v2\/comments?post=60822"}],"wp:featuredmedia":[{"embeddable":true,"href":"https:\/\/ceasuri.md\/ru\/wp-json\/wp\/v2\/media\/60823"}],"wp:attachment":[{"href":"https:\/\/ceasuri.md\/ru\/wp-json\/wp\/v2\/media?parent=60822"}],"wp:term":[{"taxonomy":"product_brand","embeddable":true,"href":"https:\/\/ceasuri.md\/ru\/wp-json\/wp\/v2\/product_brand?post=60822"},{"taxonomy":"product_cat","embeddable":true,"href":"https:\/\/ceasuri.md\/ru\/wp-json\/wp\/v2\/product_cat?post=60822"},{"taxonomy":"product_tag","embeddable":true,"href":"https:\/\/ceasuri.md\/ru\/wp-json\/wp\/v2\/product_tag?post=60822"}],"curies":[{"name":"wp","href":"https:\/\/api.w.org\/{rel}","templated":true}]}}