{"id":60817,"date":"2026-04-03T01:16:29","date_gmt":"2026-04-02T22:16:29","guid":{"rendered":"http:\/\/new.ceasuri.md\/shop\/uncategorized\/michael-kors-billie-mk9223\/"},"modified":"2026-04-20T01:54:04","modified_gmt":"2026-04-19T22:54:04","slug":"michael-kors-billie-mk9223","status":"publish","type":"product","link":"https:\/\/ceasuri.md\/ru\/shop\/branduri\/michael-kors\/michael-kors-billie-mk9223\/","title":{"rendered":"Ceas MICHAEL KORS BILLIE MK9223"},"content":{"rendered":"<p>Ceasul Billie reprezint\u0103 o viziune modern\u0103 asupra rafinamentului sportiv.<\/p>\n<p>Acesta se remarc\u0103 prin carcasa sa m\u0103rit\u0103, finisajul negru mat, cadranul str\u0103lucitor \u0219i detaliile cronografului.<\/p>\n<p>Este fabricat din o\u021bel inoxidabil negru \u0219i este prev\u0103zut cu un br\u0103\u021bar\u0103 cu trei zale \u0219i detalii rafinate.<\/p>\n<p>Str\u0103lucirea mat\u0103 a br\u0103\u021b\u0103rii \u0219i a cadranului adaug\u0103 prospe\u021bime \u0219i modernitate.<\/p>\n<p>Combina\u021bi-le cu o \u021binut\u0103 complet neagr\u0103 pentru a crea un look monocromatic elegant.<\/p>","protected":false},"excerpt":{"rendered":"<p>Ceasul Billie reprezint\u0103 o viziune modern\u0103 asupra rafinamentului sportiv. Acesta se remarc\u0103 prin carcasa sa m\u0103rit\u0103, finisajul negru mat, cadranul str\u0103lucitor \u0219i detaliile cronografului. Este fabricat din o\u021bel inoxidabil negru \u0219i este prev\u0103zut cu un br\u0103\u021bar\u0103 cu trei zale \u0219i detalii rafinate. Str\u0103lucirea mat\u0103 a br\u0103\u021b\u0103rii \u0219i a cadranului adaug\u0103 prospe\u021bime \u0219i modernitate. Combina\u021bi-le cu [&hellip;]<\/p>\n","protected":false},"featured_media":60818,"comment_status":"closed","ping_status":"open","template":"","meta":{"_acf_changed":false},"product_brand":[],"product_cat":[20,616],"product_tag":[],"class_list":{"0":"post-60817","1":"product","2":"type-product","3":"status-publish","4":"has-post-thumbnail","6":"product_cat-ceasuri-barbati","7":"product_cat-michael-kors","8":"pa_brand-michael-kors","9":"pa_braslet-otel-inoxidabil","10":"pa_corpus-44-mm","11":"pa_forma-rotund","12":"pa_funcii-cronograf","13":"pa_funcii-data","14":"pa_garatia-24-luni","15":"pa_korpus-negru","16":"pa_kvarc-quartz","17":"pa_material-otel-inoxidabil","18":"pa_mehanizm-quartz","19":"pa_remeshok-negru","20":"pa_steklo-cristal-mineral","21":"pa_strana-sua","22":"pa_voda-5-atm","24":"first","25":"instock","26":"purchasable","27":"product-type-simple"},"acf":[],"_links":{"self":[{"href":"https:\/\/ceasuri.md\/ru\/wp-json\/wp\/v2\/product\/60817","targetHints":{"allow":["GET"]}}],"collection":[{"href":"https:\/\/ceasuri.md\/ru\/wp-json\/wp\/v2\/product"}],"about":[{"href":"https:\/\/ceasuri.md\/ru\/wp-json\/wp\/v2\/types\/product"}],"replies":[{"embeddable":true,"href":"https:\/\/ceasuri.md\/ru\/wp-json\/wp\/v2\/comments?post=60817"}],"wp:featuredmedia":[{"embeddable":true,"href":"https:\/\/ceasuri.md\/ru\/wp-json\/wp\/v2\/media\/60818"}],"wp:attachment":[{"href":"https:\/\/ceasuri.md\/ru\/wp-json\/wp\/v2\/media?parent=60817"}],"wp:term":[{"taxonomy":"product_brand","embeddable":true,"href":"https:\/\/ceasuri.md\/ru\/wp-json\/wp\/v2\/product_brand?post=60817"},{"taxonomy":"product_cat","embeddable":true,"href":"https:\/\/ceasuri.md\/ru\/wp-json\/wp\/v2\/product_cat?post=60817"},{"taxonomy":"product_tag","embeddable":true,"href":"https:\/\/ceasuri.md\/ru\/wp-json\/wp\/v2\/product_tag?post=60817"}],"curies":[{"name":"wp","href":"https:\/\/api.w.org\/{rel}","templated":true}]}}