{"id":60812,"date":"2026-04-03T01:15:21","date_gmt":"2026-04-02T22:15:21","guid":{"rendered":"http:\/\/new.ceasuri.md\/shop\/uncategorized\/michael-kors-lexington-mk9224\/"},"modified":"2026-04-20T01:54:04","modified_gmt":"2026-04-19T22:54:04","slug":"michael-kors-lexington-mk9224","status":"publish","type":"product","link":"https:\/\/ceasuri.md\/ru\/shop\/branduri\/michael-kors\/michael-kors-lexington-mk9224\/","title":{"rendered":"\u0427\u0430\u0441\u044b MICHAEL KORS LEXINGTON MK9224"},"content":{"rendered":"<p>Ceasurile Lexington atrag aten\u021bia prin carcasa lor m\u0103rit\u0103, cadranul maro intens \u0219i detaliile caracteristice ale lunetei.<\/p>\n<p>Fabricate din o\u021bel inoxidabil de culoare maro, acestea sunt echipate cu un br\u0103\u021bar\u0103 clasic\u0103 cu trei zale.<\/p>\n<p>Func\u021bia de dat\u0103 \u0219i cadranele cronografului completeaz\u0103 aspectul dinamic. Cadranul ceasului este protejat de sticl\u0103 mineral\u0103.<\/p>\n<p>Acestea sunt ideale pentru a completa look-ul dvs.<\/p>","protected":false},"excerpt":{"rendered":"<p>Ceasurile Lexington atrag aten\u021bia prin carcasa lor m\u0103rit\u0103, cadranul maro intens \u0219i detaliile caracteristice ale lunetei. Fabricate din o\u021bel inoxidabil de culoare maro, acestea sunt echipate cu un br\u0103\u021bar\u0103 clasic\u0103 cu trei zale. Func\u021bia de dat\u0103 \u0219i cadranele cronografului completeaz\u0103 aspectul dinamic. Cadranul ceasului este protejat de sticl\u0103 mineral\u0103. Acestea sunt ideale pentru a completa [&hellip;]<\/p>\n","protected":false},"featured_media":60813,"comment_status":"closed","ping_status":"open","template":"","meta":{"_acf_changed":false},"product_brand":[],"product_cat":[20,616],"product_tag":[],"class_list":{"0":"post-60812","1":"product","2":"type-product","3":"status-publish","4":"has-post-thumbnail","6":"product_cat-ceasuri-barbati","7":"product_cat-michael-kors","8":"pa_brand-michael-kors","9":"pa_braslet-otel-inoxidabil","10":"pa_corpus-44-mm","11":"pa_forma-rotund","12":"pa_funcii-cronograf","13":"pa_funcii-data","14":"pa_garatia-24-luni","15":"pa_korpus-maro","16":"pa_kvarc-quartz","17":"pa_material-otel-inoxidabil","18":"pa_mehanizm-quartz","19":"pa_remeshok-maro","20":"pa_steklo-cristal-mineral","21":"pa_strana-sua","22":"pa_voda-10-atm","24":"first","25":"instock","26":"purchasable","27":"product-type-simple"},"acf":[],"_links":{"self":[{"href":"https:\/\/ceasuri.md\/ru\/wp-json\/wp\/v2\/product\/60812","targetHints":{"allow":["GET"]}}],"collection":[{"href":"https:\/\/ceasuri.md\/ru\/wp-json\/wp\/v2\/product"}],"about":[{"href":"https:\/\/ceasuri.md\/ru\/wp-json\/wp\/v2\/types\/product"}],"replies":[{"embeddable":true,"href":"https:\/\/ceasuri.md\/ru\/wp-json\/wp\/v2\/comments?post=60812"}],"wp:featuredmedia":[{"embeddable":true,"href":"https:\/\/ceasuri.md\/ru\/wp-json\/wp\/v2\/media\/60813"}],"wp:attachment":[{"href":"https:\/\/ceasuri.md\/ru\/wp-json\/wp\/v2\/media?parent=60812"}],"wp:term":[{"taxonomy":"product_brand","embeddable":true,"href":"https:\/\/ceasuri.md\/ru\/wp-json\/wp\/v2\/product_brand?post=60812"},{"taxonomy":"product_cat","embeddable":true,"href":"https:\/\/ceasuri.md\/ru\/wp-json\/wp\/v2\/product_cat?post=60812"},{"taxonomy":"product_tag","embeddable":true,"href":"https:\/\/ceasuri.md\/ru\/wp-json\/wp\/v2\/product_tag?post=60812"}],"curies":[{"name":"wp","href":"https:\/\/api.w.org\/{rel}","templated":true}]}}