{"id":60807,"date":"2026-04-03T01:15:21","date_gmt":"2026-04-02T22:15:21","guid":{"rendered":"http:\/\/new.ceasuri.md\/shop\/uncategorized\/michael-kors-rhys-mk9234\/"},"modified":"2026-04-17T15:30:36","modified_gmt":"2026-04-17T12:30:36","slug":"michael-kors-rhys-mk9234","status":"publish","type":"product","link":"https:\/\/ceasuri.md\/ru\/shop\/branduri\/michael-kors\/michael-kors-rhys-mk9234\/","title":{"rendered":"Ceas MICHAEL KORS RHYS MK9234"},"content":{"rendered":"<p>Ceasul Rhys subliniaz\u0103 stilul cu carcasa p\u0103trat\u0103 \u0219i cadranul maro \u00eenchis.<\/p>\n<p>Fabricat din o\u021bel inoxidabil cu acoperire maro, este completat de un br\u0103\u021bar\u0103 cu suprafe\u021be mate \u0219i lustruite alternante.<\/p>\n<p>Datorit\u0103 designului rafinat \u0219i mecanismului precis cu cuar\u021b, acest ceas este ideal pentru b\u0103rbatul modern, care apreciaz\u0103 stilul \u0219i func\u021bionalitatea.<\/p>\n<p>Carcasa \u0219i br\u0103\u021bara asigur\u0103 rezisten\u021ba, iar func\u021bia de cronograf asigur\u0103 precizia timpului.<\/p>\n<p>Cadranul este protejat de sticl\u0103 mineral\u0103, iar ceasul este rezistent la ap\u0103 p\u00e2n\u0103 la 50 m.<\/p>","protected":false},"excerpt":{"rendered":"<p>Ceasul Rhys subliniaz\u0103 stilul cu carcasa p\u0103trat\u0103 \u0219i cadranul maro \u00eenchis. Fabricat din o\u021bel inoxidabil cu acoperire maro, este completat de un br\u0103\u021bar\u0103 cu suprafe\u021be mate \u0219i lustruite alternante. Datorit\u0103 designului rafinat \u0219i mecanismului precis cu cuar\u021b, acest ceas este ideal pentru b\u0103rbatul modern, care apreciaz\u0103 stilul \u0219i func\u021bionalitatea. Carcasa \u0219i br\u0103\u021bara asigur\u0103 rezisten\u021ba, iar [&hellip;]<\/p>\n","protected":false},"featured_media":60808,"comment_status":"closed","ping_status":"open","template":"","meta":{"_acf_changed":false},"product_brand":[],"product_cat":[20,616],"product_tag":[],"class_list":{"0":"post-60807","1":"product","2":"type-product","3":"status-publish","4":"has-post-thumbnail","6":"product_cat-ceasuri-barbati","7":"product_cat-michael-kors","8":"pa_brand-michael-kors","9":"pa_braslet-otel-inoxidabil","10":"pa_corpus-41-mm","11":"pa_forma-patrat","12":"pa_funcii-cronograf","13":"pa_funcii-data","14":"pa_garatia-24-luni","15":"pa_korpus-maro","16":"pa_kvarc-quartz","17":"pa_material-otel-inoxidabil","18":"pa_mehanizm-quartz","19":"pa_remeshok-maro","20":"pa_steklo-cristal-mineral","21":"pa_strana-sua","22":"pa_voda-5-atm","24":"first","25":"instock","26":"purchasable","27":"product-type-simple"},"acf":[],"_links":{"self":[{"href":"https:\/\/ceasuri.md\/ru\/wp-json\/wp\/v2\/product\/60807","targetHints":{"allow":["GET"]}}],"collection":[{"href":"https:\/\/ceasuri.md\/ru\/wp-json\/wp\/v2\/product"}],"about":[{"href":"https:\/\/ceasuri.md\/ru\/wp-json\/wp\/v2\/types\/product"}],"replies":[{"embeddable":true,"href":"https:\/\/ceasuri.md\/ru\/wp-json\/wp\/v2\/comments?post=60807"}],"wp:featuredmedia":[{"embeddable":true,"href":"https:\/\/ceasuri.md\/ru\/wp-json\/wp\/v2\/media\/60808"}],"wp:attachment":[{"href":"https:\/\/ceasuri.md\/ru\/wp-json\/wp\/v2\/media?parent=60807"}],"wp:term":[{"taxonomy":"product_brand","embeddable":true,"href":"https:\/\/ceasuri.md\/ru\/wp-json\/wp\/v2\/product_brand?post=60807"},{"taxonomy":"product_cat","embeddable":true,"href":"https:\/\/ceasuri.md\/ru\/wp-json\/wp\/v2\/product_cat?post=60807"},{"taxonomy":"product_tag","embeddable":true,"href":"https:\/\/ceasuri.md\/ru\/wp-json\/wp\/v2\/product_tag?post=60807"}],"curies":[{"name":"wp","href":"https:\/\/api.w.org\/{rel}","templated":true}]}}