{"id":60796,"date":"2026-04-03T01:15:21","date_gmt":"2026-04-02T22:15:21","guid":{"rendered":"http:\/\/new.ceasuri.md\/shop\/uncategorized\/fossil-raquel-es5418\/"},"modified":"2026-04-15T21:19:49","modified_gmt":"2026-04-15T18:19:49","slug":"fossil-raquel-es5418","status":"publish","type":"product","link":"https:\/\/ceasuri.md\/ru\/shop\/branduri\/fossil\/fossil-raquel-es5418\/","title":{"rendered":"Ceas FOSSIL RAQUEL ES5418"},"content":{"rendered":"<p>Carcasa dreptunghiular\u0103 de culoare aurie se combin\u0103 perfect cu cureaua din piele maro, cre\u00e2nd un echilibru rafinat \u00eentre texturi \u0219i culori.<\/p>\n<p>Cadranul argintiu satinat are un luciu discret \u0219i este prev\u0103zut cu trei ace \u0219i o fereastr\u0103 pentru dat\u0103, pentru o func\u021bionalitate suplimentar\u0103.<\/p>\n<p>Carcasa rezistent\u0103 din o\u021bel inoxidabil se remarc\u0103 prin finisajul elegant.<\/p>\n<p>Designul este completat de curea din piele cu dou\u0103 \u00eenf\u0103\u0219ur\u0103ri, decorat\u0103 cu pietre turcoaz.<\/p>","protected":false},"excerpt":{"rendered":"<p>Carcasa dreptunghiular\u0103 de culoare aurie se combin\u0103 perfect cu cureaua din piele maro, cre\u00e2nd un echilibru rafinat \u00eentre texturi \u0219i culori. Cadranul argintiu satinat are un luciu discret \u0219i este prev\u0103zut cu trei ace \u0219i o fereastr\u0103 pentru dat\u0103, pentru o func\u021bionalitate suplimentar\u0103. Carcasa rezistent\u0103 din o\u021bel inoxidabil se remarc\u0103 prin finisajul elegant. Designul este [&hellip;]<\/p>\n","protected":false},"featured_media":60797,"comment_status":"closed","ping_status":"open","template":"","meta":{"_acf_changed":false},"product_brand":[],"product_cat":[25,396],"product_tag":[],"class_list":{"0":"post-60796","1":"product","2":"type-product","3":"status-publish","4":"has-post-thumbnail","6":"product_cat-ceasuri-dama","7":"product_cat-fossil","8":"pa_brand-fossil","9":"pa_braslet-piele","10":"pa_corpus-23x37mm","11":"pa_decor-turcoaz","12":"pa_forma-dreptunghiular","13":"pa_funcii-data","14":"pa_garatia-24-luni","15":"pa_korpus-auriu","16":"pa_kvarc-quartz","17":"pa_material-otel-inoxidabil","18":"pa_mehanizm-quartz","19":"pa_remeshok-maro","20":"pa_steklo-cristal-mineral","21":"pa_strana-sua","22":"pa_voda-5-atm","24":"first","25":"instock","26":"purchasable","27":"product-type-simple"},"acf":[],"_links":{"self":[{"href":"https:\/\/ceasuri.md\/ru\/wp-json\/wp\/v2\/product\/60796","targetHints":{"allow":["GET"]}}],"collection":[{"href":"https:\/\/ceasuri.md\/ru\/wp-json\/wp\/v2\/product"}],"about":[{"href":"https:\/\/ceasuri.md\/ru\/wp-json\/wp\/v2\/types\/product"}],"replies":[{"embeddable":true,"href":"https:\/\/ceasuri.md\/ru\/wp-json\/wp\/v2\/comments?post=60796"}],"wp:featuredmedia":[{"embeddable":true,"href":"https:\/\/ceasuri.md\/ru\/wp-json\/wp\/v2\/media\/60797"}],"wp:attachment":[{"href":"https:\/\/ceasuri.md\/ru\/wp-json\/wp\/v2\/media?parent=60796"}],"wp:term":[{"taxonomy":"product_brand","embeddable":true,"href":"https:\/\/ceasuri.md\/ru\/wp-json\/wp\/v2\/product_brand?post=60796"},{"taxonomy":"product_cat","embeddable":true,"href":"https:\/\/ceasuri.md\/ru\/wp-json\/wp\/v2\/product_cat?post=60796"},{"taxonomy":"product_tag","embeddable":true,"href":"https:\/\/ceasuri.md\/ru\/wp-json\/wp\/v2\/product_tag?post=60796"}],"curies":[{"name":"wp","href":"https:\/\/api.w.org\/{rel}","templated":true}]}}