{"id":60781,"date":"2026-04-03T01:15:21","date_gmt":"2026-04-02T22:15:21","guid":{"rendered":"http:\/\/new.ceasuri.md\/shop\/uncategorized\/fossil-gilmore-es5421\/"},"modified":"2026-04-07T05:08:31","modified_gmt":"2026-04-07T02:08:31","slug":"fossil-gilmore-es5421","status":"publish","type":"product","link":"https:\/\/ceasuri.md\/ru\/shop\/branduri\/fossil\/fossil-gilmore-es5421\/","title":{"rendered":"Ceas FOSSIL GILMORE ES5421"},"content":{"rendered":"<p>Ceasul cu br\u0103\u021bar\u0103 din o\u021bel inoxidabil auriu \u0219i carcas\u0103 rotund\u0103 are un aspect elegant \u0219i armonios.<\/p>\n<p>Cadranul argintiu cu finisaj satinat Sunray reflect\u0103 lumina \u0219i confer\u0103 profunzime designului minimalist cu 3 ace.<\/p>\n<p>Aceste ceasuri, fabricate cu aten\u021bie din materiale de \u00eenalt\u0103 calitate, combin\u0103 detalii rafinate \u0219i un design discret \u0219i vor fi un complement perfect pentru orice garderob\u0103.<\/p>","protected":false},"excerpt":{"rendered":"<p>Ceasul cu br\u0103\u021bar\u0103 din o\u021bel inoxidabil auriu \u0219i carcas\u0103 rotund\u0103 are un aspect elegant \u0219i armonios. Cadranul argintiu cu finisaj satinat Sunray reflect\u0103 lumina \u0219i confer\u0103 profunzime designului minimalist cu 3 ace. Aceste ceasuri, fabricate cu aten\u021bie din materiale de \u00eenalt\u0103 calitate, combin\u0103 detalii rafinate \u0219i un design discret \u0219i vor fi un complement perfect [&hellip;]<\/p>\n","protected":false},"featured_media":60782,"comment_status":"closed","ping_status":"open","template":"","meta":{"_acf_changed":false},"product_brand":[],"product_cat":[25,396],"product_tag":[],"class_list":{"0":"post-60781","1":"product","2":"type-product","3":"status-publish","4":"has-post-thumbnail","6":"product_cat-ceasuri-dama","7":"product_cat-fossil","8":"pa_brand-fossil","9":"pa_braslet-otel-inoxidabil","10":"pa_corpus-28-mm","11":"pa_forma-rotund","12":"pa_garatia-24-luni","13":"pa_korpus-auriu","14":"pa_material-otel-inoxidabil","15":"pa_mehanizm-quartz","16":"pa_remeshok-auriu","17":"pa_steklo-cristal-mineral","18":"pa_strana-sua","19":"pa_voda-5-atm","21":"first","22":"instock","23":"purchasable","24":"product-type-simple"},"acf":[],"_links":{"self":[{"href":"https:\/\/ceasuri.md\/ru\/wp-json\/wp\/v2\/product\/60781","targetHints":{"allow":["GET"]}}],"collection":[{"href":"https:\/\/ceasuri.md\/ru\/wp-json\/wp\/v2\/product"}],"about":[{"href":"https:\/\/ceasuri.md\/ru\/wp-json\/wp\/v2\/types\/product"}],"replies":[{"embeddable":true,"href":"https:\/\/ceasuri.md\/ru\/wp-json\/wp\/v2\/comments?post=60781"}],"wp:featuredmedia":[{"embeddable":true,"href":"https:\/\/ceasuri.md\/ru\/wp-json\/wp\/v2\/media\/60782"}],"wp:attachment":[{"href":"https:\/\/ceasuri.md\/ru\/wp-json\/wp\/v2\/media?parent=60781"}],"wp:term":[{"taxonomy":"product_brand","embeddable":true,"href":"https:\/\/ceasuri.md\/ru\/wp-json\/wp\/v2\/product_brand?post=60781"},{"taxonomy":"product_cat","embeddable":true,"href":"https:\/\/ceasuri.md\/ru\/wp-json\/wp\/v2\/product_cat?post=60781"},{"taxonomy":"product_tag","embeddable":true,"href":"https:\/\/ceasuri.md\/ru\/wp-json\/wp\/v2\/product_tag?post=60781"}],"curies":[{"name":"wp","href":"https:\/\/api.w.org\/{rel}","templated":true}]}}