{"id":60770,"date":"2026-04-03T01:15:21","date_gmt":"2026-04-02T22:15:21","guid":{"rendered":"http:\/\/new.ceasuri.md\/shop\/uncategorized\/fossil-gilmore-es5423\/"},"modified":"2026-04-07T05:08:30","modified_gmt":"2026-04-07T02:08:30","slug":"fossil-gilmore-es5423","status":"publish","type":"product","link":"https:\/\/ceasuri.md\/ru\/shop\/branduri\/fossil\/fossil-gilmore-es5423\/","title":{"rendered":"Ceas FOSSIL GILMORE ES5423"},"content":{"rendered":"<p>Carcasa aurie din o\u021bel inoxidabil \u00eencadreaz\u0103 cadranul argintiu cu efect \u201eraze de soare\u201d, cre\u00e2nd un design armonios \u0219i rafinat.<\/p>\n<p>Cureaua din piele maro confer\u0103 o nuan\u021b\u0103 cald\u0103 \u0219i creeaz\u0103 un contrast subtil cu finisajul auriu lustruit.<\/p>\n<p>Detaliile bine g\u00e2ndite, precum mecanismul cu trei ace, asigur\u0103 simplitatea \u0219i confortul utiliz\u0103rii, iar carcasa mic\u0103 \u0219i rotund\u0103 subliniaz\u0103 atractivitatea discret\u0103.<\/p>","protected":false},"excerpt":{"rendered":"<p>Carcasa aurie din o\u021bel inoxidabil \u00eencadreaz\u0103 cadranul argintiu cu efect \u201eraze de soare\u201d, cre\u00e2nd un design armonios \u0219i rafinat. Cureaua din piele maro confer\u0103 o nuan\u021b\u0103 cald\u0103 \u0219i creeaz\u0103 un contrast subtil cu finisajul auriu lustruit. Detaliile bine g\u00e2ndite, precum mecanismul cu trei ace, asigur\u0103 simplitatea \u0219i confortul utiliz\u0103rii, iar carcasa mic\u0103 \u0219i rotund\u0103 subliniaz\u0103 [&hellip;]<\/p>\n","protected":false},"featured_media":60771,"comment_status":"closed","ping_status":"open","template":"","meta":{"_acf_changed":false},"product_brand":[],"product_cat":[25,396],"product_tag":[],"class_list":{"0":"post-60770","1":"product","2":"type-product","3":"status-publish","4":"has-post-thumbnail","6":"product_cat-ceasuri-dama","7":"product_cat-fossil","8":"pa_brand-fossil","9":"pa_braslet-piele","10":"pa_corpus-28-mm","11":"pa_forma-rotund","12":"pa_garatia-24-luni","13":"pa_korpus-auriu","14":"pa_material-otel-inoxidabil","15":"pa_mehanizm-quartz","16":"pa_remeshok-maro","17":"pa_steklo-cristal-mineral","18":"pa_strana-sua","19":"pa_voda-5-atm","21":"first","22":"instock","23":"purchasable","24":"product-type-simple"},"acf":[],"_links":{"self":[{"href":"https:\/\/ceasuri.md\/ru\/wp-json\/wp\/v2\/product\/60770","targetHints":{"allow":["GET"]}}],"collection":[{"href":"https:\/\/ceasuri.md\/ru\/wp-json\/wp\/v2\/product"}],"about":[{"href":"https:\/\/ceasuri.md\/ru\/wp-json\/wp\/v2\/types\/product"}],"replies":[{"embeddable":true,"href":"https:\/\/ceasuri.md\/ru\/wp-json\/wp\/v2\/comments?post=60770"}],"wp:featuredmedia":[{"embeddable":true,"href":"https:\/\/ceasuri.md\/ru\/wp-json\/wp\/v2\/media\/60771"}],"wp:attachment":[{"href":"https:\/\/ceasuri.md\/ru\/wp-json\/wp\/v2\/media?parent=60770"}],"wp:term":[{"taxonomy":"product_brand","embeddable":true,"href":"https:\/\/ceasuri.md\/ru\/wp-json\/wp\/v2\/product_brand?post=60770"},{"taxonomy":"product_cat","embeddable":true,"href":"https:\/\/ceasuri.md\/ru\/wp-json\/wp\/v2\/product_cat?post=60770"},{"taxonomy":"product_tag","embeddable":true,"href":"https:\/\/ceasuri.md\/ru\/wp-json\/wp\/v2\/product_tag?post=60770"}],"curies":[{"name":"wp","href":"https:\/\/api.w.org\/{rel}","templated":true}]}}