{"id":60758,"date":"2026-04-03T01:15:21","date_gmt":"2026-04-02T22:15:21","guid":{"rendered":"http:\/\/new.ceasuri.md\/shop\/uncategorized\/fossil-harlow-es5425\/"},"modified":"2026-04-17T15:30:10","modified_gmt":"2026-04-17T12:30:10","slug":"fossil-harlow-es5425","status":"publish","type":"product","link":"https:\/\/ceasuri.md\/ru\/shop\/branduri\/fossil\/fossil-harlow-es5425\/","title":{"rendered":"Ceas FOSSIL HARLOW ES5425"},"content":{"rendered":"<p>Modelul se remarc\u0103 prin carcasa octogonal\u0103 de culoare argintie, cadranul texturat de culoare crem \u0219i curea din piele cu imprimeu imita\u021bie de piele de crocodil.<\/p>\n<p>Forma unic\u0103 a carcasei creeaz\u0103 un siluet geometric modern, completat de contrastul delicat al pielii de culoare albastru \u00eenchis.<\/p>\n<p>Combina\u021bia de materiale \u0219i elemente de design face ca acest model s\u0103 fie un accesoriu remarcabil \u0219i frumos, care va da un plus de prospe\u021bime oric\u0103rei garderobe.<\/p>","protected":false},"excerpt":{"rendered":"<p>Modelul se remarc\u0103 prin carcasa octogonal\u0103 de culoare argintie, cadranul texturat de culoare crem \u0219i curea din piele cu imprimeu imita\u021bie de piele de crocodil. Forma unic\u0103 a carcasei creeaz\u0103 un siluet geometric modern, completat de contrastul delicat al pielii de culoare albastru \u00eenchis. Combina\u021bia de materiale \u0219i elemente de design face ca acest model [&hellip;]<\/p>\n","protected":false},"featured_media":60759,"comment_status":"closed","ping_status":"open","template":"","meta":{"_acf_changed":false},"product_brand":[],"product_cat":[25,396],"product_tag":[],"class_list":{"0":"post-60758","1":"product","2":"type-product","3":"status-publish","4":"has-post-thumbnail","6":"product_cat-ceasuri-dama","7":"product_cat-fossil","8":"pa_brand-fossil","9":"pa_braslet-piele","10":"pa_corpus-27-mm","11":"pa_forma-octogonala","12":"pa_garatia-24-luni","13":"pa_korpus-argintiu","14":"pa_kvarc-quartz","15":"pa_material-otel-inoxidabil","16":"pa_mehanizm-quartz","17":"pa_remeshok-albastru-inchis","18":"pa_steklo-cristal-mineral","19":"pa_strana-sua","20":"pa_voda-3-atm","22":"first","23":"instock","24":"purchasable","25":"product-type-simple"},"acf":[],"_links":{"self":[{"href":"https:\/\/ceasuri.md\/ru\/wp-json\/wp\/v2\/product\/60758","targetHints":{"allow":["GET"]}}],"collection":[{"href":"https:\/\/ceasuri.md\/ru\/wp-json\/wp\/v2\/product"}],"about":[{"href":"https:\/\/ceasuri.md\/ru\/wp-json\/wp\/v2\/types\/product"}],"replies":[{"embeddable":true,"href":"https:\/\/ceasuri.md\/ru\/wp-json\/wp\/v2\/comments?post=60758"}],"wp:featuredmedia":[{"embeddable":true,"href":"https:\/\/ceasuri.md\/ru\/wp-json\/wp\/v2\/media\/60759"}],"wp:attachment":[{"href":"https:\/\/ceasuri.md\/ru\/wp-json\/wp\/v2\/media?parent=60758"}],"wp:term":[{"taxonomy":"product_brand","embeddable":true,"href":"https:\/\/ceasuri.md\/ru\/wp-json\/wp\/v2\/product_brand?post=60758"},{"taxonomy":"product_cat","embeddable":true,"href":"https:\/\/ceasuri.md\/ru\/wp-json\/wp\/v2\/product_cat?post=60758"},{"taxonomy":"product_tag","embeddable":true,"href":"https:\/\/ceasuri.md\/ru\/wp-json\/wp\/v2\/product_tag?post=60758"}],"curies":[{"name":"wp","href":"https:\/\/api.w.org\/{rel}","templated":true}]}}